{"id":1050,"date":"2026-02-27T12:08:16","date_gmt":"2026-02-27T12:08:16","guid":{"rendered":"https:\/\/iria.upc.edu\/?page_id=1050"},"modified":"2026-03-16T11:12:45","modified_gmt":"2026-03-16T11:12:45","slug":"cossima-cornado-bardon","status":"publish","type":"page","link":"https:\/\/iria.upc.edu\/index.php\/cossima-cornado-bardon\/","title":{"rendered":"C\u00f2ssima Cornad\u00f3 Bardon"},"content":{"rendered":"\n<div class=\"wp-block-group alignfull is-style-default is-content-justification-right is-nowrap is-layout-flex wp-container-core-group-is-layout-90217607 wp-block-group-is-layout-flex\" style=\"min-height:0vh;margin-top:0px;margin-bottom:45px;padding-top:0;padding-right:var(--wp--preset--spacing--40);padding-bottom:var(--wp--preset--spacing--40);padding-left:var(--wp--preset--spacing--40)\">\n<div class=\"wp-block-group is-content-justification-right is-nowrap is-layout-flex wp-container-core-group-is-layout-17934613 wp-block-group-is-layout-flex\">\n<h1 class=\"wp-block-heading has-text-align-left is-style-text-display is-style-text-display--1\" style=\"font-size:clamp(2.111rem, 2.111rem + ((1vw - 0.2rem) * 2.649), 3.8rem);\"><span style=\"color: #000000;\" class=\"stk-highlight\"><strong><em>C\u00f2ssima Cornad\u00f3 Bardon<\/em><\/strong><\/span><\/h1>\n<\/div>\n<\/div>\n\n\n\n<div class=\"wp-block-group alignfull is-style-section-1 has-global-padding is-layout-constrained wp-block-group-is-layout-constrained is-style-section-1--2\" style=\"margin-top:0;margin-bottom:0;padding-top:var(--wp--preset--spacing--40);padding-bottom:var(--wp--preset--spacing--40)\">\n<div class=\"wp-block-columns alignwide is-style-section-1 is-layout-flex wp-container-core-columns-is-layout-5715ff21 wp-block-columns-is-layout-flex is-style-section-1--3\" style=\"margin-top:0;padding-top:0;padding-bottom:0\">\n<div class=\"wp-block-column is-layout-flow wp-block-column-is-layout-flow\" style=\"padding-right:var(--wp--preset--spacing--50);flex-basis:45%\">\n<figure class=\"wp-block-image size-large\"><img loading=\"lazy\" decoding=\"async\" width=\"683\" height=\"1024\" src=\"https:\/\/iria.upc.edu\/wp-content\/uploads\/2026\/02\/cossima-edit-683x1024.jpg\" alt=\"\" class=\"wp-image-885\" srcset=\"https:\/\/iria.upc.edu\/wp-content\/uploads\/2026\/02\/cossima-edit-683x1024.jpg 683w, https:\/\/iria.upc.edu\/wp-content\/uploads\/2026\/02\/cossima-edit-200x300.jpg 200w, https:\/\/iria.upc.edu\/wp-content\/uploads\/2026\/02\/cossima-edit-768x1152.jpg 768w, https:\/\/iria.upc.edu\/wp-content\/uploads\/2026\/02\/cossima-edit-1024x1536.jpg 1024w, https:\/\/iria.upc.edu\/wp-content\/uploads\/2026\/02\/cossima-edit-1365x2048.jpg 1365w, https:\/\/iria.upc.edu\/wp-content\/uploads\/2026\/02\/cossima-edit-scaled.jpg 1707w\" sizes=\"auto, (max-width: 683px) 100vw, 683px\" \/><\/figure>\n<\/div>\n\n\n\n<div class=\"wp-block-column is-vertically-aligned-center is-layout-flow wp-block-column-is-layout-flow\" style=\"padding-right:0;padding-left:0;flex-basis:50%\">\n<div class=\"wp-block-group is-vertical is-layout-flex wp-container-core-group-is-layout-fe9cc265 wp-block-group-is-layout-flex\">\n<h2 class=\"wp-block-heading is-style-text-annotation is-style-text-annotation--4\" style=\"font-size:clamp(0.875rem, 0.875rem + ((1vw - 0.2rem) * 0.667), 1.3rem);\">AGREGADA<\/h2>\n<\/div>\n\n\n\n<pre class=\"wp-block-verse is-style-text-subtitle\" style=\"font-size:clamp(0.875rem, 0.875rem + ((1vw - 0.2rem) * 0.667), 1.3rem);\">Professora agregada del Departament de Tecnologia d'Arquitectura de l'Escola T\u00e8cnica Superior d'Arquitectura de Barcelona (ETSAB-UPC), membre fundadora del Grup de Recerca de la UPC \"Rehabilitaci\u00f3 i Restauraci\u00f3 Arquitect\u00f2nica (REARQ)\", grup interdisciplinari centrat en les intervencions en edificis existents.<br>La seva activitat investigadora ha aportat contribucions \u00fatils en l'avaluaci\u00f3 d'edificis i en les seves possibilitats de millora. Ha desenvolupat metodologies de diagn\u00f2stic de grans parcs edificats que han suposat un aven\u00e7 en el coneixement i que han estat utilitzades en el disseny de pol\u00edtiques de rehabilitaci\u00f3 d'habitatges a Barcelona. Ha participat en m\u00e9s de 30 projectes competitius de recerca, sent IP de diversos d'ells i en nombrosos contractes d'R+D.<br><br>- Professora del Grau en Arquitectura, del M\u00e0ster en Arquitectura, del M\u00e0ster en Estudis Avan\u00e7ats (MBArch) en l'especialitat de Restauraci\u00f3 i Rehabilitaci\u00f3 i del M\u00e0ster Internacional SAHC (Erasmus Mundus-UPC).<br>- Representant de la UPC al Consell de l'Habitatge Social. Consorci de l'Habitatge de Barcelona des de 2021.<br>- Ha obtingut diversos premis com a co-coordinadora cient\u00edfica, destaquen entre d\u2019altres: l\u2019European Research Price de la SOM Foundation (2023), el Premi de recerca cient\u00edfica en reptes urbans de l'Ajuntament de Barcelona a joves doctors pel projecte Cohabitem Barcelona: cinc casos pr\u00e0ctics a Ciutat Vella per a la reutilitzaci\u00f3 urbana i el foment de models productius innovadors (2020), el primer premi dels XXI Premis Catalunya Construcci\u00f3 (2024) i el primer premi a la XVII Bienal Espa\u00f1ola de Arquitectura y Urbanismo (2025).<\/pre>\n\n\n\n<div class=\"wp-block-group is-vertical is-layout-flex wp-container-core-group-is-layout-355c4241 wp-block-group-is-layout-flex\">\n<h2 class=\"wp-block-heading is-style-text-annotation is-style-text-annotation--5\" style=\"font-size:clamp(0.875rem, 0.875rem + ((1vw - 0.2rem) * 0.667), 1.3rem);\">ACTIVITAT INVESTIGADORA<\/h2>\n\n\n\n<pre class=\"wp-block-verse\" style=\"font-size:clamp(0.875rem, 0.875rem + ((1vw - 0.2rem) * 0.667), 1.3rem);\">Estrat\u00e8gies d\u2019avaluaci\u00f3 i intervenci\u00f3 per a la regeneraci\u00f3 urbana i la mitigaci\u00f3 de la pobresa energ\u00e8tica a Barcelona i Bilbao (ENER-REGEN). Projecte competitiu d\u2019R+D+I de l\u2019Ag\u00e8ncia Estatal d\u2019Investigaci\u00f3 (PID2022-142352OB-I00). Investigadores principals: Pilar Garcia Almirall i C\u00f2ssima Cornad\u00f3.<br><br>BCN Refugi Actiu. Microinfraestructura urbana per a la mitigaci\u00f3 dels efectes de l\u2019emerg\u00e8ncia clim\u00e0tica a la ciutat. Projecte R+D+I competititu Subvencions a Projectes de recerca jove i emergent Ajuntament de Barcelona.  IPs: Marta Dom\u00e8nech Rodr\u00edguez i David L\u00f3pez L\u00f3pez; tutores: C\u00f2ssima Cornad\u00f3 i Eul\u00e0lia G\u00f3mez Escoda.<br><br>Contracte de col\u00b7laboraci\u00f3 per la Realitzaci\u00f3 estudi paraments i estabilitat Moll Grec d\u2019Emp\u00faries. Conveni amb la Diputaci\u00f3 de Girona. IP: C\u00f2ssima Cornad\u00f3.<\/pre>\n\n\n\n<p style=\"font-size:13px\"><\/p>\n<\/div>\n\n\n\n<div class=\"wp-block-group is-vertical is-layout-flex wp-container-core-group-is-layout-355c4241 wp-block-group-is-layout-flex\">\n<h2 class=\"wp-block-heading is-style-text-annotation is-style-text-annotation--6\" style=\"font-size:clamp(0.875rem, 0.875rem + ((1vw - 0.2rem) * 0.667), 1.3rem);\">SERVEIS DE TRANSFER\u00c8NCIA<\/h2>\n\n\n\n<pre class=\"wp-block-verse\" style=\"font-size:clamp(0.875rem, 0.875rem + ((1vw - 0.2rem) * 0.667), 1.3rem);\">Redacci\u00f3 d'informes sobre edificaci\u00f3 existent.<br>Col\u00b7laboraci\u00f3 en projectes de rehabilitaci\u00f3 com a especialista en diagnosi en l'edificaci\u00f3 existent i d'estructures.<\/pre>\n<\/div>\n<\/div>\n<\/div>\n<\/div>\n\n\n\n<div class=\"wp-block-group alignfull has-global-padding is-layout-constrained wp-container-core-group-is-layout-ebee8dc1 wp-block-group-is-layout-constrained\" style=\"margin-top:0;margin-bottom:0;padding-top:var(--wp--preset--spacing--50);padding-bottom:var(--wp--preset--spacing--50)\">\n<h2 class=\"wp-block-heading alignwide\">L\u00ednies estrat\u00e8giques <\/h2>\n\n\n\n<div class=\"wp-block-columns alignwide is-layout-flex wp-container-core-columns-is-layout-28f84493 wp-block-columns-is-layout-flex\">\n<div class=\"wp-block-column is-layout-flow wp-container-core-column-is-layout-be95e8ed wp-block-column-is-layout-flow\" style=\"padding-top:0\">\n<figure class=\"wp-block-image size-full\" style=\"margin-top:0\"><a href=\"https:\/\/iria.upc.edu\/index.php\/le_patrimoni-arquitectonic-i-urba\/\"><img loading=\"lazy\" decoding=\"async\" width=\"2560\" height=\"2560\" src=\"https:\/\/iria.upc.edu\/wp-content\/uploads\/2025\/12\/prueba8-1-scaled.jpg\" alt=\"\" class=\"wp-image-422\" srcset=\"https:\/\/iria.upc.edu\/wp-content\/uploads\/2025\/12\/prueba8-1-scaled.jpg 2560w, https:\/\/iria.upc.edu\/wp-content\/uploads\/2025\/12\/prueba8-1-300x300.jpg 300w, https:\/\/iria.upc.edu\/wp-content\/uploads\/2025\/12\/prueba8-1-1024x1024.jpg 1024w, https:\/\/iria.upc.edu\/wp-content\/uploads\/2025\/12\/prueba8-1-150x150.jpg 150w, https:\/\/iria.upc.edu\/wp-content\/uploads\/2025\/12\/prueba8-1-768x768.jpg 768w, https:\/\/iria.upc.edu\/wp-content\/uploads\/2025\/12\/prueba8-1-1536x1536.jpg 1536w, https:\/\/iria.upc.edu\/wp-content\/uploads\/2025\/12\/prueba8-1-2048x2048.jpg 2048w\" sizes=\"auto, (max-width: 2560px) 100vw, 2560px\" \/><\/a><\/figure>\n\n\n\n<div class=\"wp-block-group is-vertical is-layout-flex wp-container-core-group-is-layout-971a3e1f wp-block-group-is-layout-flex\" style=\"padding-top:var(--wp--preset--spacing--30)\">\n<h3 class=\"wp-block-heading\" style=\"padding-top:var(--wp--preset--spacing--20)\"><a href=\"https:\/\/iria.upc.edu\/index.php\/le_patrimoni-arquitectonic-i-urba\/\">Patrimoni arquitect\u00f2nic i urb\u00e0<\/a><\/h3>\n\n\n\n<p class=\"has-accent-4-color has-text-color has-link-color has-small-font-size wp-elements-c4d712dddf7c3c4ff003de580876d7bb\">Recerca en conservaci\u00f3, restauraci\u00f3 i valoritzaci\u00f3 del patrimoni arquitect\u00f2nic i urb\u00e0 com a element cultural, social i territorial.<\/p>\n<\/div>\n\n\n<\/div>\n\n\n\n<div class=\"wp-block-column is-layout-flow wp-container-core-column-is-layout-be95e8ed wp-block-column-is-layout-flow\" style=\"padding-top:0\">\n<div class=\"wp-block-group is-vertical is-layout-flex wp-container-core-group-is-layout-971a3e1f wp-block-group-is-layout-flex\" style=\"padding-top:var(--wp--preset--spacing--30)\">\n<p><\/p>\n<\/div>\n\n\n<\/div>\n\n\n\n<div class=\"wp-block-column is-layout-flow wp-container-core-column-is-layout-be95e8ed wp-block-column-is-layout-flow\" style=\"padding-top:0\">\n<div class=\"wp-block-group is-vertical is-layout-flex wp-container-core-group-is-layout-971a3e1f wp-block-group-is-layout-flex\" style=\"padding-top:var(--wp--preset--spacing--30)\">\n<p><\/p>\n<\/div>\n\n\n<\/div>\n<\/div>\n<\/div>\n\n\n\n<div class=\"wp-block-group alignfull is-style-default has-base-background-color has-background is-layout-flow wp-container-core-group-is-layout-2fa6ea01 wp-block-group-is-layout-flow\" style=\"padding-right:var(--wp--preset--spacing--60);padding-left:var(--wp--preset--spacing--20)\">\n<div class=\"wp-block-columns alignwide is-layout-flex wp-container-core-columns-is-layout-28f84493 wp-block-columns-is-layout-flex\">\n<div class=\"wp-block-column is-vertically-aligned-center is-layout-flow wp-block-column-is-layout-flow\" style=\"flex-basis:50%\">\n<div class=\"wp-block-stackable-text stk-block-text stk-block stk-dd13c8e\" data-block-id=\"dd13c8e\"><style>.stk-dd13c8e {border-style:solid !important;border-top-width:0px !important;border-right-width:0px !important;border-bottom-width:0px !important;border-left-width:0px !important;margin-left:80px !important;}.stk-dd13c8e .stk-block-text__text{font-size:var(u002du002dstku002du002dpresetu002du002dfont-sizeu002du002dx-large, 1.75rem) !important;}@media screen and (max-width: 1023px){.stk-dd13c8e .stk-block-text__text{font-size:var(u002du002dstku002du002dpresetu002du002dfont-sizeu002du002dx-large, 1.75rem) !important;}}<\/style><p class=\"stk-block-text__text\"><strong>Aportacions<\/strong><\/p><\/div>\n<\/div>\n<\/div>\n\n\n\n<div class=\"wp-block-columns alignwide is-layout-flex wp-container-core-columns-is-layout-e79a657b wp-block-columns-is-layout-flex\" style=\"padding-top:0\">\n<div class=\"wp-block-column is-layout-flow wp-block-column-is-layout-flow\"><\/div>\n\n\n\n<div class=\"wp-block-column is-layout-flow wp-block-column-is-layout-flow\">\n<p class=\"has-text-color has-extra-small-font-size\" style=\"color:#000000\">Direcci\u00f3 dels projectes d\u2019investigaci\u00f3 i transfer\u00e8ncia tecnol\u00f2gica signats amb l&#8217;Ajuntament de Barcelona.<\/p>\n\n\n\n<p class=\"has-text-color has-extra-small-font-size\" style=\"color:#000000\">Una intensa activitat formativa a nivell de doctorat i m\u00e0ster. A m\u00e9s de les dues tesis llegides i les 7 tesis en curs, destaca la direcci\u00f3 de 67 tesis i treballs finals de m\u00e0ster entre els m\u00e0sters Master Oficial de Tecnologia de l&#8217;Arquitectura (Universitat Polit\u00e8ncnica de Catalunya), el M\u00e0ster MBArch-M\u00e0ster en estudis avan\u00e7ats en Arquitectura &#8211; L\u00ednia de Restauraci\u00f3 i Rehabilitaci\u00f3 i el Master&#8217;s degree in Structural Analysis of Monuments and Historical Constructions (SAHC).<br><\/p>\n\n\n\n<p class=\"has-text-color has-extra-small-font-size\" style=\"color:#000000\"><\/p>\n<\/div>\n\n\n\n<div class=\"wp-block-column is-layout-flow wp-block-column-is-layout-flow\">\n<p>D\u00edaz, C.; Cornad\u00f3, C.; Albareda-Valls, A. Damage in face-brick facades placed between concrete slabs Journal of building engineering, 30, 101312 (2020) JCR Q1 CIVIL ENGINEERING, JCR-Science Edition, 3.379 SJR Q1 ARCHITECTURE \u00cdndex SJR: 1,397<\/p>\n\n\n\n<p class=\"has-text-color has-extra-small-font-size\" style=\"color:#000000\">Cornado, C.; Vima-Grau, S.; Garcia-Almirall, Pilar; Uzqueda, A.L.; De La Asunci\u00f3n, M. Decision-making tool for the selection of priority areas for building rehabilitation in Barcelona Buildings, 12 (2022) JCR: Q2 CONSTRUCTION &amp;BUILDING TECHNOLOGY; JCR-Science Edition, 3.1 SJR: Q1 ARCHITECTURE; \u00cdndex SJR: 0,575;<\/p>\n\n\n\n<p class=\"has-text-color has-extra-small-font-size\" style=\"color:#000000\">Cornad\u00f3, C.; Vima, S.; Garcia-Almirall, P. Pre-diagnosis Protocol for Large Residential Building Stock. The Case of Barcelona\u2019s Vulnerable Areas Publicat a Hygrothermal Behaviour and Building Pathologies a Springer Book Series Building Pathology and Rehabilitation.<\/p>\n\n\n\n<p class=\"has-text-color has-extra-small-font-size\" style=\"color:#000000\"><a href=\"https:\/\/link.springer.com\/book\/10.1007\/978-3-030-50998-9\">https:\/\/link.springer.com\/book\/10.1007\/978-3-030-50998-9<\/a><\/p>\n<\/div>\n<\/div>\n<\/div>\n\n\n\n<div class=\"wp-block-group alignfull has-global-padding is-layout-constrained wp-container-core-group-is-layout-1f4ed339 wp-block-group-is-layout-constrained\" style=\"margin-top:0;margin-bottom:0;padding-top:var(--wp--preset--spacing--50);padding-bottom:var(--wp--preset--spacing--50)\">\n<h2 class=\"wp-block-heading alignwide has-text-align-center has-x-large-font-size\">Grups de recerca<\/h2>\n\n\n\n<div class=\"wp-block-buttons alignwide has-custom-font-size has-medium-font-size is-content-justification-center is-layout-flex wp-container-core-buttons-is-layout-c124d1c4 wp-block-buttons-is-layout-flex\">\n<div class=\"wp-block-button\"><a class=\"wp-block-button__link wp-element-button\" href=\"https:\/\/rearq.upc.edu\/equip\">REARQ &#8211; Rehabilitaci\u00f3 i Restauraci\u00f3 Arquitect\u00f2nica<\/a><\/div>\n<\/div>\n\n\n\n<p class=\"has-text-align-center\" style=\"font-size:clamp(0.929rem, 0.929rem + ((1vw - 0.2rem) * 0.739), 1.4rem);\"><a href=\"https:\/\/futur.upc.edu\/CossimaCornadoBardon\"><strong>Enlla\u00e7 a futur \u2197<\/strong><\/a><\/p>\n<\/div>\n","protected":false},"excerpt":{"rendered":"<p>C\u00f2ssima Cornad\u00f3 Bardon AGREGADA Professora agregada del Departament de Tecnologia d&#8217;Arquitectura de l&#8217;Escola T\u00e8cnica Superior d&#8217;Arquitectura de Barcelona (ETSAB-UPC), membre fundadora del Grup de Recerca de la UPC &#8220;Rehabilitaci\u00f3 i Restauraci\u00f3 Arquitect\u00f2nica (REARQ)&#8221;, grup interdisciplinari centrat en les intervencions en edificis existents.La seva activitat investigadora ha aportat contribucions \u00fatils en l&#8217;avaluaci\u00f3 d&#8217;edificis i en les [&hellip;]<\/p>\n","protected":false},"author":1,"featured_media":0,"parent":0,"menu_order":0,"comment_status":"closed","ping_status":"closed","template":"","meta":{"footnotes":""},"class_list":["post-1050","page","type-page","status-publish","hentry"],"_links":{"self":[{"href":"https:\/\/iria.upc.edu\/index.php\/wp-json\/wp\/v2\/pages\/1050","targetHints":{"allow":["GET"]}}],"collection":[{"href":"https:\/\/iria.upc.edu\/index.php\/wp-json\/wp\/v2\/pages"}],"about":[{"href":"https:\/\/iria.upc.edu\/index.php\/wp-json\/wp\/v2\/types\/page"}],"author":[{"embeddable":true,"href":"https:\/\/iria.upc.edu\/index.php\/wp-json\/wp\/v2\/users\/1"}],"replies":[{"embeddable":true,"href":"https:\/\/iria.upc.edu\/index.php\/wp-json\/wp\/v2\/comments?post=1050"}],"version-history":[{"count":23,"href":"https:\/\/iria.upc.edu\/index.php\/wp-json\/wp\/v2\/pages\/1050\/revisions"}],"predecessor-version":[{"id":1382,"href":"https:\/\/iria.upc.edu\/index.php\/wp-json\/wp\/v2\/pages\/1050\/revisions\/1382"}],"wp:attachment":[{"href":"https:\/\/iria.upc.edu\/index.php\/wp-json\/wp\/v2\/media?parent=1050"}],"curies":[{"name":"wp","href":"https:\/\/api.w.org\/{rel}","templated":true}]}}