{"id":1074,"date":"2026-02-27T12:38:04","date_gmt":"2026-02-27T12:38:04","guid":{"rendered":"https:\/\/iria.upc.edu\/?page_id=1074"},"modified":"2026-03-12T16:58:54","modified_gmt":"2026-03-12T16:58:54","slug":"andreu-corominas-gonzalez","status":"publish","type":"page","link":"https:\/\/iria.upc.edu\/index.php\/andreu-corominas-gonzalez\/","title":{"rendered":"Andreu Corominas Gonz\u00e1lez"},"content":{"rendered":"\n<div class=\"wp-block-group alignfull is-style-default is-content-justification-right is-nowrap is-layout-flex wp-container-core-group-is-layout-90217607 wp-block-group-is-layout-flex\" style=\"min-height:0vh;margin-top:0px;margin-bottom:45px;padding-top:0;padding-right:var(--wp--preset--spacing--40);padding-bottom:var(--wp--preset--spacing--40);padding-left:var(--wp--preset--spacing--40)\">\n<div class=\"wp-block-group is-content-justification-right is-nowrap is-layout-flex wp-container-core-group-is-layout-17934613 wp-block-group-is-layout-flex\">\n<h1 class=\"wp-block-heading has-text-align-left is-style-text-display is-style-text-display--1\" style=\"font-size:clamp(2.111rem, 2.111rem + ((1vw - 0.2rem) * 2.649), 3.8rem);\"><span style=\"color: #000000;\" class=\"stk-highlight\"><strong><em>Andreu Corominas Gonz\u00e1lez<\/em><\/strong><\/span><\/h1>\n<\/div>\n<\/div>\n\n\n\n<div class=\"wp-block-group alignfull is-style-section-1 has-global-padding is-layout-constrained wp-block-group-is-layout-constrained is-style-section-1--2\" style=\"margin-top:0;margin-bottom:0;padding-top:var(--wp--preset--spacing--40);padding-bottom:var(--wp--preset--spacing--40)\">\n<div class=\"wp-block-columns alignwide is-style-section-1 is-layout-flex wp-container-core-columns-is-layout-5715ff21 wp-block-columns-is-layout-flex is-style-section-1--3\" style=\"margin-top:0;padding-top:0;padding-bottom:0\">\n<div class=\"wp-block-column is-layout-flow wp-block-column-is-layout-flow\" style=\"padding-right:var(--wp--preset--spacing--50);flex-basis:45%\">\n<figure class=\"wp-block-image size-large\"><img loading=\"lazy\" decoding=\"async\" width=\"683\" height=\"1024\" src=\"https:\/\/iria.upc.edu\/wp-content\/uploads\/2026\/02\/Captura-de-pantalla-2025-12-11-180709-Andreu-Corominas-1-683x1024.jpg\" alt=\"\" class=\"wp-image-881\" srcset=\"https:\/\/iria.upc.edu\/wp-content\/uploads\/2026\/02\/Captura-de-pantalla-2025-12-11-180709-Andreu-Corominas-1-683x1024.jpg 683w, https:\/\/iria.upc.edu\/wp-content\/uploads\/2026\/02\/Captura-de-pantalla-2025-12-11-180709-Andreu-Corominas-1-200x300.jpg 200w, https:\/\/iria.upc.edu\/wp-content\/uploads\/2026\/02\/Captura-de-pantalla-2025-12-11-180709-Andreu-Corominas-1-768x1152.jpg 768w, https:\/\/iria.upc.edu\/wp-content\/uploads\/2026\/02\/Captura-de-pantalla-2025-12-11-180709-Andreu-Corominas-1-1024x1536.jpg 1024w, https:\/\/iria.upc.edu\/wp-content\/uploads\/2026\/02\/Captura-de-pantalla-2025-12-11-180709-Andreu-Corominas-1-1365x2048.jpg 1365w, https:\/\/iria.upc.edu\/wp-content\/uploads\/2026\/02\/Captura-de-pantalla-2025-12-11-180709-Andreu-Corominas-1-scaled.jpg 1707w\" sizes=\"auto, (max-width: 683px) 100vw, 683px\" \/><\/figure>\n<\/div>\n\n\n\n<div class=\"wp-block-column is-vertically-aligned-center is-layout-flow wp-block-column-is-layout-flow\" style=\"padding-right:0;padding-left:0;flex-basis:50%\">\n<div class=\"wp-block-group is-vertical is-layout-flex wp-container-core-group-is-layout-fe9cc265 wp-block-group-is-layout-flex\">\n<h2 class=\"wp-block-heading is-style-text-annotation is-style-text-annotation--4\" style=\"font-size:clamp(0.875rem, 0.875rem + ((1vw - 0.2rem) * 0.667), 1.3rem);\">LECTOR SERRA-H\u00daNTER<\/h2>\n<\/div>\n\n\n\n<pre class=\"wp-block-verse is-style-text-subtitle\" style=\"font-size:clamp(0.875rem, 0.875rem + ((1vw - 0.2rem) * 0.667), 1.3rem);\">Andreu Corominas \u00e9s enginyer ge\u00f2leg i doctor en Enginyeria de la Construcci\u00f3 per la UPC. Actualment, \u00e9s professor lector en l\u2019\u00e0mbit de materials de construcci\u00f3 al Departament de Tecnologia de l\u2019Arquitectura de la UPC i investigador vinculat al Grup Interdisciplinari de Ci\u00e8ncia i Tecnologia a l\u2019Edificaci\u00f3 (GICITED) i el Laboratori de Materials de l\u2019EPSEB, on contribueix activament a projectes relacionats amb materials i tecnologies constructives sostenibles.<br><br>La seva recerca se centra principalment en els materials de construcci\u00f3 sostenibles, amb un enfocament especial en formigons de baix impacte, reciclats i amb addicions industrials, el reciclatge i reutilitzaci\u00f3 de residus de construcci\u00f3 i demolici\u00f3 i la identificaci\u00f3 autom\u00e0tica de recursos abans de la demolici\u00f3. Aquestes l\u00ednies aborden tant l\u2019an\u00e0lisi de propietats f\u00edsico-qu\u00edmiques i mec\u00e0niques, com l\u2019impacte ambiental i la viabilitat estructural dels materials alternatius.<br><br>El Dr. Corominas ha participat en diversos projectes de recerca competitiva de car\u00e0cter nacional i europeu (3 europeus en progr\u00e9s), col\u00b7laborant amb equips multidisciplinaris per explorar solucions innovadores que redueixin el consum de recursos naturals a la construcci\u00f3 i millorin la circularitat dels materials.<br><br>La seva producci\u00f3 cient\u00edfica inclou 15 publicacions en revistes cient\u00edfiques indexades on ha abordat temes com l\u2019efecte dels \u00e0rids reciclats en el comportament del formig\u00f3 , el disseny de formigons de molt altes prestacions, l\u2019\u00fas d\u2019aigua de mar i altres residus subindustrials en els materials, aix\u00ed com estudis sobre la durabilitat i les propietats microestructurals dels formigons. Aquest treball li ha valgut un \u00edndex h de 9 i m\u00e9s d\u2019un miler de cites segons bases com Scopus.<br>La traject\u00f2ria de recerca del Dr. Corominas reflecteix un comprom\u00eds continu amb la innovaci\u00f3 en materials sostenibles, la circularitat dels recursos del sector de la construcci\u00f3 i la transfer\u00e8ncia de coneixement cap a pr\u00e0ctiques constructives m\u00e9s respectuoses.<\/pre>\n\n\n\n<div class=\"wp-block-group is-vertical is-layout-flex wp-container-core-group-is-layout-355c4241 wp-block-group-is-layout-flex\">\n<h2 class=\"wp-block-heading is-style-text-annotation is-style-text-annotation--5\" style=\"font-size:clamp(0.875rem, 0.875rem + ((1vw - 0.2rem) * 0.667), 1.3rem);\">ACTIVITAT INVESTIGADORA<\/h2>\n\n\n\n<pre class=\"wp-block-verse\" style=\"font-size:clamp(0.875rem, 0.875rem + ((1vw - 0.2rem) * 0.667), 1.3rem);\">DISCOVER - Digital, autonomous, Intelligent and Synchronous system for Continuous identification, Optimization and Value Extraction of Resources from the endof- use built environment (HORIZON-101129909).<br><br>SIRCULAR  - Sustainable and Integrated people centRiC solUtions for buiLding decArbonisation and circularity (HORIZON-101147412).<br><br>TerraCycle - Producci\u00f3n local de materiales de construcci\u00f3n con tierra y actividades formativas (TED2021-129705B-C32).<\/pre>\n\n\n\n<p style=\"font-size:13px\">Hercal Zero, AMB, CEMEX, Holcim<\/p>\n<\/div>\n\n\n\n<div class=\"wp-block-group is-vertical is-layout-flex wp-container-core-group-is-layout-355c4241 wp-block-group-is-layout-flex\">\n<h2 class=\"wp-block-heading is-style-text-annotation is-style-text-annotation--6\" style=\"font-size:clamp(0.875rem, 0.875rem + ((1vw - 0.2rem) * 0.667), 1.3rem);\">SERVEIS DE TRANSFER\u00c8NCIA<\/h2>\n\n\n\n<pre class=\"wp-block-verse\" style=\"font-size:clamp(0.875rem, 0.875rem + ((1vw - 0.2rem) * 0.667), 1.3rem);\">Caracteritzaci\u00f3 de morters hist\u00f2rics, mitjan\u00e7ant t\u00e8cniques fisicoqu\u00edmiques i mec\u00e0niques que permeten identificar composicions originals i definir criteris d\u2019intervenci\u00f3 compatibles en patrimoni arquitect\u00f2nic; el diagn\u00f2stic d\u2019estructures de formig\u00f3, inclosa l\u2019avaluaci\u00f3 de patologies, durabilitat, degradaci\u00f3 i comportament mec\u00e0nic de formigons estructurals, tant convencionals com sostenibles; i la caracteritzaci\u00f3 de materials de construcci\u00f3, amb assaigs de laboratori orientats a determinar propietats mec\u00e0niques, f\u00edsiques i de durabilitat de materials tradicionals, reciclats o de nova generaci\u00f3.<\/pre>\n<\/div>\n<\/div>\n<\/div>\n<\/div>\n\n\n\n<div class=\"wp-block-group alignfull has-global-padding is-layout-constrained wp-container-core-group-is-layout-ebee8dc1 wp-block-group-is-layout-constrained\" style=\"margin-top:0;margin-bottom:0;padding-top:var(--wp--preset--spacing--50);padding-bottom:var(--wp--preset--spacing--50)\">\n<h2 class=\"wp-block-heading alignwide\">L\u00ednies estrat\u00e8giques <\/h2>\n\n\n\n<div class=\"wp-block-columns alignwide is-layout-flex wp-container-core-columns-is-layout-28f84493 wp-block-columns-is-layout-flex\">\n<div class=\"wp-block-column is-layout-flow wp-container-core-column-is-layout-be95e8ed wp-block-column-is-layout-flow\" style=\"padding-top:0\">\n<figure class=\"wp-block-image size-full\"><a href=\"https:\/\/iria.upc.edu\/index.php\/le_tecniques-i-tecnologies-de-les-estructures-i-la-construccio\/\"><img loading=\"lazy\" decoding=\"async\" width=\"2560\" height=\"2560\" src=\"https:\/\/iria.upc.edu\/wp-content\/uploads\/2025\/12\/tecnologies-scaled.jpg\" alt=\"\" class=\"wp-image-697\" style=\"aspect-ratio:1;object-fit:cover\" srcset=\"https:\/\/iria.upc.edu\/wp-content\/uploads\/2025\/12\/tecnologies-scaled.jpg 2560w, https:\/\/iria.upc.edu\/wp-content\/uploads\/2025\/12\/tecnologies-300x300.jpg 300w, https:\/\/iria.upc.edu\/wp-content\/uploads\/2025\/12\/tecnologies-1024x1024.jpg 1024w, https:\/\/iria.upc.edu\/wp-content\/uploads\/2025\/12\/tecnologies-150x150.jpg 150w, https:\/\/iria.upc.edu\/wp-content\/uploads\/2025\/12\/tecnologies-768x768.jpg 768w, https:\/\/iria.upc.edu\/wp-content\/uploads\/2025\/12\/tecnologies-1536x1536.jpg 1536w, https:\/\/iria.upc.edu\/wp-content\/uploads\/2025\/12\/tecnologies-2048x2048.jpg 2048w\" sizes=\"auto, (max-width: 2560px) 100vw, 2560px\" \/><\/a><\/figure>\n\n\n\n<div class=\"wp-block-group is-vertical is-layout-flex wp-container-core-group-is-layout-971a3e1f wp-block-group-is-layout-flex\" style=\"padding-top:var(--wp--preset--spacing--30)\">\n<h3 class=\"wp-block-heading\" style=\"padding-top:var(--wp--preset--spacing--20)\"><a href=\"https:\/\/iria.upc.edu\/index.php\/le_tecniques-i-tecnologies-de-les-estructures-i-la-construccio\/\" data-type=\"page\" data-id=\"1322\">T\u00e8cniques i tecnologies de les estructures i la construcci\u00f3<\/a><\/h3>\n\n\n\n<p class=\"has-accent-4-color has-text-color has-link-color has-small-font-size wp-elements-27b0a64d769a502840f3d83111d63957\">Investigaci\u00f3 sobre sistemes estructurals, processos constructius i tecnologies aplicades a l\u2019edificaci\u00f3, tant tradicionals com innovadores.<\/p>\n<\/div>\n\n\n<\/div>\n\n\n\n<div class=\"wp-block-column is-layout-flow wp-container-core-column-is-layout-be95e8ed wp-block-column-is-layout-flow\" style=\"padding-top:0\">\n<figure class=\"wp-block-image size-full\"><a href=\"https:\/\/iria.upc.edu\/index.php\/le_innovacio-en-materials\/\"><img loading=\"lazy\" decoding=\"async\" width=\"1525\" height=\"1525\" src=\"https:\/\/iria.upc.edu\/wp-content\/uploads\/2025\/12\/innovacions-materials-1.jpg\" alt=\"\" class=\"wp-image-615\" srcset=\"https:\/\/iria.upc.edu\/wp-content\/uploads\/2025\/12\/innovacions-materials-1.jpg 1525w, https:\/\/iria.upc.edu\/wp-content\/uploads\/2025\/12\/innovacions-materials-1-300x300.jpg 300w, https:\/\/iria.upc.edu\/wp-content\/uploads\/2025\/12\/innovacions-materials-1-1024x1024.jpg 1024w, https:\/\/iria.upc.edu\/wp-content\/uploads\/2025\/12\/innovacions-materials-1-150x150.jpg 150w, https:\/\/iria.upc.edu\/wp-content\/uploads\/2025\/12\/innovacions-materials-1-768x768.jpg 768w\" sizes=\"auto, (max-width: 1525px) 100vw, 1525px\" \/><\/a><\/figure>\n\n\n\n<div class=\"wp-block-group is-vertical is-layout-flex wp-container-core-group-is-layout-971a3e1f wp-block-group-is-layout-flex\" style=\"padding-top:var(--wp--preset--spacing--30)\">\n<h3 class=\"wp-block-heading\" style=\"padding-top:var(--wp--preset--spacing--20)\"><a href=\"https:\/\/iria.upc.edu\/index.php\/le_innovacio-en-materials\/\" data-type=\"page\" data-id=\"1321\">Innovaci\u00f3 en materials<\/a><\/h3>\n\n\n\n<p class=\"has-accent-4-color has-text-color has-link-color has-small-font-size wp-elements-90f5d5b44c3ab60404cb51afdbe0a3db\">Recerca i desenvolupament de nous materials i aplicacions innovadores en el proc\u00e9s constructiu, tant en recerca b\u00e0sica com aplicada.<\/p>\n<\/div>\n\n\n<\/div>\n\n\n\n<div class=\"wp-block-column is-layout-flow wp-container-core-column-is-layout-be95e8ed wp-block-column-is-layout-flow\" style=\"padding-top:0\">\n<div class=\"wp-block-group is-vertical is-layout-flex wp-container-core-group-is-layout-971a3e1f wp-block-group-is-layout-flex\" style=\"padding-top:var(--wp--preset--spacing--30)\">\n<p><\/p>\n<\/div>\n\n\n<\/div>\n<\/div>\n<\/div>\n\n\n\n<div class=\"wp-block-group alignfull is-style-default has-base-background-color has-background is-layout-flow wp-container-core-group-is-layout-2fa6ea01 wp-block-group-is-layout-flow\" style=\"padding-right:var(--wp--preset--spacing--60);padding-left:var(--wp--preset--spacing--20)\">\n<div class=\"wp-block-columns alignwide is-layout-flex wp-container-core-columns-is-layout-28f84493 wp-block-columns-is-layout-flex\">\n<div class=\"wp-block-column is-vertically-aligned-center is-layout-flow wp-block-column-is-layout-flow\" style=\"flex-basis:50%\">\n<div class=\"wp-block-stackable-text stk-block-text stk-block stk-dd13c8e\" data-block-id=\"dd13c8e\"><style>.stk-dd13c8e {border-style:solid !important;border-top-width:0px !important;border-right-width:0px !important;border-bottom-width:0px !important;border-left-width:0px !important;margin-left:80px !important;}.stk-dd13c8e .stk-block-text__text{font-size:var(u002du002dstku002du002dpresetu002du002dfont-sizeu002du002dx-large, 1.75rem) !important;}@media screen and (max-width: 1023px){.stk-dd13c8e .stk-block-text__text{font-size:var(u002du002dstku002du002dpresetu002du002dfont-sizeu002du002dx-large, 1.75rem) !important;}}<\/style><p class=\"stk-block-text__text\"><strong>Aportacions<\/strong><\/p><\/div>\n<\/div>\n<\/div>\n\n\n\n<div class=\"wp-block-columns alignwide is-layout-flex wp-container-core-columns-is-layout-e79a657b wp-block-columns-is-layout-flex\" style=\"padding-top:0\">\n<div class=\"wp-block-column is-layout-flow wp-block-column-is-layout-flow\"><\/div>\n\n\n\n<div class=\"wp-block-column is-layout-flow wp-block-column-is-layout-flow\">\n<p class=\"has-text-color has-extra-small-font-size\" style=\"color:#000000\">Jativa Guzman, A.; Corominas, A., Etxeberria, M. 2025. Durable mortar mixes using 50% of activated volcanic ash as a binder. Materials. MDPI. 18-1777.<\/p>\n\n\n\n<p class=\"has-text-color has-extra-small-font-size\" style=\"color:#000000\">Raul Heras Diez; Inma Rodriguez Cantalapiedra; Judit Ramirez Casas; Antonia Navarro Ezquerra; Andreu Corominas Gonzalez. 2023. Application of Machine Learning Approaches to Predict Calcium-Aluminate Cement. Building engineering facing the challenges of the 21 st century. Springer.<\/p>\n\n\n\n<p class=\"has-text-color has-extra-small-font-size\" style=\"color:#000000\">Etxeberria, M.; Gonzalez-Corominas, A.; Pardo, P. 2016. Influence of seawater and blast furnace cement employment on recycled aggregate concretes&#8217; properties. Construction and Building Materials. 115, pp.496-505. ISSN 09500618.<\/p>\n\n\n\n<p class=\"has-text-color has-extra-small-font-size\" style=\"color:#000000\"><\/p>\n<\/div>\n\n\n\n<div class=\"wp-block-column is-layout-flow wp-block-column-is-layout-flow\">\n<p>Gonzalez-Corominas, A.; Etxeberria, M.; Poon, C.S.2016. Influence of steam curing on the pore structures and mechanical properties of fly-ash high performance concrete prepared with recycled aggregates. Cement and Concrete Composites. 71, pp.77-84. ISSN 09589465.<\/p>\n\n\n\n<p class=\"has-text-color has-extra-small-font-size\" style=\"color:#000000\">Gonzalez-Corominas, A.; Etxeberria, M.; Fernandez, I.2017. Structural behaviour of prestressed concrete sleepers produced with high performance recycled aggregate concrete. Materials and Structures\/Materiaux et Constructions. 50-1. ISSN 13595997.<\/p>\n\n\n\n<p class=\"has-text-color has-extra-small-font-size\" style=\"color:#000000\"><\/p>\n<\/div>\n<\/div>\n<\/div>\n\n\n\n<div class=\"wp-block-group alignfull has-global-padding is-layout-constrained wp-container-core-group-is-layout-1f4ed339 wp-block-group-is-layout-constrained\" style=\"margin-top:0;margin-bottom:0;padding-top:var(--wp--preset--spacing--50);padding-bottom:var(--wp--preset--spacing--50)\">\n<h2 class=\"wp-block-heading alignwide has-text-align-center has-x-large-font-size\">Grups de recerca<\/h2>\n\n\n\n<div class=\"wp-block-buttons alignwide has-custom-font-size has-medium-font-size is-content-justification-center is-layout-flex wp-container-core-buttons-is-layout-c124d1c4 wp-block-buttons-is-layout-flex\">\n<div class=\"wp-block-button\"><a class=\"wp-block-button__link wp-element-button\" href=\"https:\/\/gicited.upc.edu\/ca\/qui-som\/equip-huma\/andreu-corominas\">GICITED &#8211; Grup Interdiciplinari de Ci\u00e8ncia i Tecnologia en l&#8217;Edificaci\u00f3<\/a><\/div>\n<\/div>\n\n\n\n<p class=\"has-text-align-center\" style=\"font-size:clamp(0.929rem, 0.929rem + ((1vw - 0.2rem) * 0.739), 1.4rem);\"><a href=\"https:\/\/futur.upc.edu\/CossimaCornadoBardon\"><strong>Enlla\u00e7 a f<\/strong><\/a><strong><a href=\"https:\/\/futur.upc.edu\/AndreuCorominasGonzalez\">u<\/a><\/strong><a href=\"https:\/\/futur.upc.edu\/CossimaCornadoBardon\"><strong>tur \u2197<\/strong><\/a><\/p>\n<\/div>\n","protected":false},"excerpt":{"rendered":"<p>Andreu Corominas Gonz\u00e1lez LECTOR SERRA-H\u00daNTER Andreu Corominas \u00e9s enginyer ge\u00f2leg i doctor en Enginyeria de la Construcci\u00f3 per la UPC. Actualment, \u00e9s professor lector en l\u2019\u00e0mbit de materials de construcci\u00f3 al Departament de Tecnologia de l\u2019Arquitectura de la UPC i investigador vinculat al Grup Interdisciplinari de Ci\u00e8ncia i Tecnologia a l\u2019Edificaci\u00f3 (GICITED) i el Laboratori [&hellip;]<\/p>\n","protected":false},"author":1,"featured_media":0,"parent":0,"menu_order":0,"comment_status":"closed","ping_status":"closed","template":"","meta":{"footnotes":""},"class_list":["post-1074","page","type-page","status-publish","hentry"],"_links":{"self":[{"href":"https:\/\/iria.upc.edu\/index.php\/wp-json\/wp\/v2\/pages\/1074","targetHints":{"allow":["GET"]}}],"collection":[{"href":"https:\/\/iria.upc.edu\/index.php\/wp-json\/wp\/v2\/pages"}],"about":[{"href":"https:\/\/iria.upc.edu\/index.php\/wp-json\/wp\/v2\/types\/page"}],"author":[{"embeddable":true,"href":"https:\/\/iria.upc.edu\/index.php\/wp-json\/wp\/v2\/users\/1"}],"replies":[{"embeddable":true,"href":"https:\/\/iria.upc.edu\/index.php\/wp-json\/wp\/v2\/comments?post=1074"}],"version-history":[{"count":9,"href":"https:\/\/iria.upc.edu\/index.php\/wp-json\/wp\/v2\/pages\/1074\/revisions"}],"predecessor-version":[{"id":1367,"href":"https:\/\/iria.upc.edu\/index.php\/wp-json\/wp\/v2\/pages\/1074\/revisions\/1367"}],"wp:attachment":[{"href":"https:\/\/iria.upc.edu\/index.php\/wp-json\/wp\/v2\/media?parent=1074"}],"curies":[{"name":"wp","href":"https:\/\/api.w.org\/{rel}","templated":true}]}}