{"id":1080,"date":"2026-02-27T12:41:02","date_gmt":"2026-02-27T12:41:02","guid":{"rendered":"https:\/\/iria.upc.edu\/?page_id=1080"},"modified":"2026-03-16T11:13:14","modified_gmt":"2026-03-16T11:13:14","slug":"jordi-franquesa-sanchez","status":"publish","type":"page","link":"https:\/\/iria.upc.edu\/index.php\/jordi-franquesa-sanchez\/","title":{"rendered":"Jordi Franquesa i S\u00e0nchez"},"content":{"rendered":"\n<div class=\"wp-block-group alignfull is-style-default is-content-justification-right is-nowrap is-layout-flex wp-container-core-group-is-layout-90217607 wp-block-group-is-layout-flex\" style=\"min-height:0vh;margin-top:0px;margin-bottom:45px;padding-top:0;padding-right:var(--wp--preset--spacing--40);padding-bottom:var(--wp--preset--spacing--40);padding-left:var(--wp--preset--spacing--40)\">\n<div class=\"wp-block-group is-content-justification-right is-nowrap is-layout-flex wp-container-core-group-is-layout-17934613 wp-block-group-is-layout-flex\">\n<h1 class=\"wp-block-heading has-text-align-left is-style-text-display is-style-text-display--1\" style=\"font-size:clamp(2.111rem, 2.111rem + ((1vw - 0.2rem) * 2.649), 3.8rem);\"><span style=\"color: #000000;\" class=\"stk-highlight\"><strong><em>Jordi Franquesa i S\u00e0nchez<\/em><\/strong><\/span><\/h1>\n<\/div>\n<\/div>\n\n\n\n<div class=\"wp-block-group alignfull is-style-section-1 has-global-padding is-layout-constrained wp-block-group-is-layout-constrained is-style-section-1--2\" style=\"margin-top:0;margin-bottom:0;padding-top:var(--wp--preset--spacing--40);padding-bottom:var(--wp--preset--spacing--40)\">\n<div class=\"wp-block-columns alignwide is-style-section-1 is-layout-flex wp-container-core-columns-is-layout-5715ff21 wp-block-columns-is-layout-flex is-style-section-1--3\" style=\"margin-top:0;padding-top:0;padding-bottom:0\">\n<div class=\"wp-block-column is-layout-flow wp-block-column-is-layout-flow\" style=\"padding-right:var(--wp--preset--spacing--50);flex-basis:45%\">\n<figure class=\"wp-block-image size-large\"><img loading=\"lazy\" decoding=\"async\" width=\"683\" height=\"1024\" src=\"https:\/\/iria.upc.edu\/wp-content\/uploads\/2026\/02\/franquesa-edit-683x1024.jpg\" alt=\"\" class=\"wp-image-886\" srcset=\"https:\/\/iria.upc.edu\/wp-content\/uploads\/2026\/02\/franquesa-edit-683x1024.jpg 683w, https:\/\/iria.upc.edu\/wp-content\/uploads\/2026\/02\/franquesa-edit-200x300.jpg 200w, https:\/\/iria.upc.edu\/wp-content\/uploads\/2026\/02\/franquesa-edit-768x1152.jpg 768w, https:\/\/iria.upc.edu\/wp-content\/uploads\/2026\/02\/franquesa-edit-1024x1536.jpg 1024w, https:\/\/iria.upc.edu\/wp-content\/uploads\/2026\/02\/franquesa-edit-1365x2048.jpg 1365w, https:\/\/iria.upc.edu\/wp-content\/uploads\/2026\/02\/franquesa-edit-scaled.jpg 1707w\" sizes=\"auto, (max-width: 683px) 100vw, 683px\" \/><\/figure>\n<\/div>\n\n\n\n<div class=\"wp-block-column is-vertically-aligned-center is-layout-flow wp-block-column-is-layout-flow\" style=\"padding-right:0;padding-left:0;flex-basis:50%\">\n<div class=\"wp-block-group is-vertical is-layout-flex wp-container-core-group-is-layout-fe9cc265 wp-block-group-is-layout-flex\">\n<h2 class=\"wp-block-heading is-style-text-annotation is-style-text-annotation--4\" style=\"font-size:clamp(0.875rem, 0.875rem + ((1vw - 0.2rem) * 0.667), 1.3rem);\">AGREGAT<\/h2>\n<\/div>\n\n\n\n<pre class=\"wp-block-verse is-style-text-subtitle\" style=\"font-size:clamp(0.875rem, 0.875rem + ((1vw - 0.2rem) * 0.667), 1.3rem);\">En Jordi Franquesa \u00e9s arquitecte i doctor en Urbanisme, i imparteix doc\u00e8ncia al Departament d\u2019Urbanisme, Territori i Paisatge de l\u2019escola d\u2019Arquitectura de Barcelona des de fa m\u00e9s de 30 anys. M\u00e0ster en Urbanisme, ha impartit classes en diferents universitats, com ara Ven\u00e8cia, Lisboa, Amsterdam, Ciutat de M\u00e8xic, Goi\u00e2nia o Harvard. La seva tesi doctoral \"Les Comunitats Jard\u00ed a Catalunya\" (Premi Extraordinari de Doctorat) ha estat el punt de partida en la seva aproximaci\u00f3 als problemes dels assentaments humans i les comunitats de baixa densitat en la cerca d\u2019una millor qualitat de vida.<br><br>En els darrers anys ha centrat la seva recerca en els nuclis rurals del nostre territori, reconeixent les seves problem\u00e0tiques de despoblament, de l\u2019envelliment, la manca de serveis i el problema del relleu generacional, aix\u00ed com tamb\u00e9 s\u2019ha centrat en les seves oportunitats i potencials. Ha organitzat nombrosos workshops i cursos de doc\u00e8ncia troncal sobre aquesta problem\u00e0tica, tamb\u00e9 amb altres universitats. En aquest sentit, \u00e9s director de la l\u00ednia de recerca RECERCA RURBANA, que versa sobre el Despoblament i el Desenvolupament Rural, des d\u2019on ha impartit nombroses confer\u00e8ncies al territori rural, liderant a m\u00e9s molts convenis amb diferents entitats p\u00fabliques sobre les problem\u00e0tiques rurals (estudis sobre estrat\u00e8gies rurals, plans estrat\u00e8gics de reequilibri territorial, recuperaci\u00f3 de pobles abandonats, cartes de paisatge rural).<br><br>Dins d\u2019aquesta recerca, lidera el projecte Rectories Vives, que pret\u00e9n transformar les rectories en des\u00fas en habitatge social i cooperatives comunit\u00e0ries, atesa la manca d\u2019aquest model d\u2019habitatge assequible al m\u00f3n rural, i que busca a m\u00e9s fixar poblaci\u00f3 jove als nuclis rurals, alhora que recuperar el patrimoni arquitect\u00f2nic d\u2019aquests immobles. En aquests moments est\u00e0 desenvolupant un Visor Cartogr\u00e0fic de dades sobre les millors experi\u00e8ncies i intervencions locals per al desenvolupament rural en termes de mobilitat, habitatge, serveis p\u00fablics compartits, activitats econ\u00f2miques, espais comunitaris i patrimoni (natural, arquitect\u00f2nic i cultural). Tamb\u00e9 lidera un projecte sobre la implementaci\u00f3 i trasllat del coneixement universitari a l\u2019entorn rural, per a la creaci\u00f3 d\u2019un nou Campus Universitari Territorial. Des d\u2019aquesta l\u00ednia de recerca ha publicat tamb\u00e9 nombrosos articles indexats (molts d\u2019ells Q1 i Q2) i quatre llibres sobre les noves ruralitats i l\u2019important paper de l\u2019urbanisme en la seva dinamitzaci\u00f3, buscant aportar una mica de llum sobre noves estrat\u00e8gies per pal\u00b7liar el desequilibri territorial del nostre pa\u00eds.<\/pre>\n\n\n\n<div class=\"wp-block-group is-vertical is-layout-flex wp-container-core-group-is-layout-355c4241 wp-block-group-is-layout-flex\">\n<h2 class=\"wp-block-heading is-style-text-annotation is-style-text-annotation--5\" style=\"font-size:clamp(0.875rem, 0.875rem + ((1vw - 0.2rem) * 0.667), 1.3rem);\">ACTIVITAT INVESTIGADORA<\/h2>\n\n\n\n<pre class=\"wp-block-verse\" style=\"font-size:clamp(0.875rem, 0.875rem + ((1vw - 0.2rem) * 0.667), 1.3rem);\">Construcci\u00f3 d'un nou Campus Universitari Territorial. A partir dels reptes locals dels nuclis rurals, s'est\u00e0 treballant per vincular-los als programes docents universitaris i fer molt m\u00e9s present l'activitat universit\u00e0ria en aquests entorns, per tal de construir sobre tot el coneixement del lloc, a m\u00e9s de fer-ho en els recintes universitaris.<br><br>Elaboraci\u00f3 d'un Visor Cartogr\u00e0fic que pugui mapificar les bones iniciatives de dinamitzaci\u00f3 dels nuclis rurals i poder classificar-les. El seu creuament amb dades pr\u00f2pies del territori pot atorgar una base de treball fonamental per a la dinamitzaci\u00f3 d'aquests territoris.<br><br>Consolidaci\u00f3 del projecte Rectories Vives, que pret\u00e9n implementar habitatge social sobre les rectories dels petits municipis, amb un qu\u00e0druple objectiu: atendre als col\u00b7lectius socials m\u00e9s vulnerables que vulguin viure en el m\u00f3n rural, lluitar contra el despoblament rural, incentivar la cohesi\u00f3 social dels nuclis, i recuperar el nostre patrimoni arquitect\u00f2nic.<\/pre>\n\n\n\n<p style=\"font-size:13px\">Associaci\u00f3 d&#8217;Iniciatives Rurals de Catalunya (ARCA), Diputaci\u00f3 de Barcelona, Diputaci\u00f3 de Girona, Departament de Territori de la Generalitat de Catalunya<\/p>\n<\/div>\n\n\n\n<div class=\"wp-block-group is-vertical is-layout-flex wp-container-core-group-is-layout-355c4241 wp-block-group-is-layout-flex\">\n<h2 class=\"wp-block-heading is-style-text-annotation is-style-text-annotation--6\" style=\"font-size:clamp(0.875rem, 0.875rem + ((1vw - 0.2rem) * 0.667), 1.3rem);\">SERVEIS DE TRANSFER\u00c8NCIA<\/h2>\n\n\n\n<pre class=\"wp-block-verse\" style=\"font-size:clamp(0.875rem, 0.875rem + ((1vw - 0.2rem) * 0.667), 1.3rem);\">Workshops de transfer\u00e8ncia, Campus Universitari Territorial, Rectories Vives.<\/pre>\n<\/div>\n<\/div>\n<\/div>\n<\/div>\n\n\n\n<div class=\"wp-block-group alignfull has-global-padding is-layout-constrained wp-container-core-group-is-layout-ebee8dc1 wp-block-group-is-layout-constrained\" style=\"margin-top:0;margin-bottom:0;padding-top:var(--wp--preset--spacing--50);padding-bottom:var(--wp--preset--spacing--50)\">\n<h2 class=\"wp-block-heading alignwide\">L\u00ednies estrat\u00e8giques <\/h2>\n\n\n\n<div class=\"wp-block-columns alignwide is-layout-flex wp-container-core-columns-is-layout-28f84493 wp-block-columns-is-layout-flex\">\n<div class=\"wp-block-column is-layout-flow wp-container-core-column-is-layout-be95e8ed wp-block-column-is-layout-flow\" style=\"padding-top:0\">\n<figure class=\"wp-block-image size-full\"><a href=\"https:\/\/iria.upc.edu\/index.php\/le_urbanisme-espai-public-i-comunitat\/\"><img loading=\"lazy\" decoding=\"async\" width=\"2560\" height=\"2560\" src=\"https:\/\/iria.upc.edu\/wp-content\/uploads\/2025\/12\/prueba6-scaled.jpg\" alt=\"\" class=\"wp-image-419\" srcset=\"https:\/\/iria.upc.edu\/wp-content\/uploads\/2025\/12\/prueba6-scaled.jpg 2560w, https:\/\/iria.upc.edu\/wp-content\/uploads\/2025\/12\/prueba6-300x300.jpg 300w, https:\/\/iria.upc.edu\/wp-content\/uploads\/2025\/12\/prueba6-1024x1024.jpg 1024w, https:\/\/iria.upc.edu\/wp-content\/uploads\/2025\/12\/prueba6-150x150.jpg 150w, https:\/\/iria.upc.edu\/wp-content\/uploads\/2025\/12\/prueba6-768x768.jpg 768w, https:\/\/iria.upc.edu\/wp-content\/uploads\/2025\/12\/prueba6-1536x1536.jpg 1536w, https:\/\/iria.upc.edu\/wp-content\/uploads\/2025\/12\/prueba6-2048x2048.jpg 2048w\" sizes=\"auto, (max-width: 2560px) 100vw, 2560px\" \/><\/a><\/figure>\n\n\n\n<div class=\"wp-block-group is-vertical is-layout-flex wp-container-core-group-is-layout-971a3e1f wp-block-group-is-layout-flex\" style=\"padding-top:var(--wp--preset--spacing--30)\">\n<h3 class=\"wp-block-heading\" style=\"padding-top:var(--wp--preset--spacing--20)\"><a href=\"https:\/\/iria.upc.edu\/index.php\/le_urbanisme-espai-public-i-comunitat\/\">Urbanisme, espai p\u00fablic i comunitat<\/a><\/h3>\n\n\n\n<p class=\"has-accent-4-color has-text-color has-link-color has-small-font-size wp-elements-a2cb4b038f69de5c183db7a5ce433dd3\">Estudis sobre la ciutat, l\u2019espai p\u00fablic i els teixits urbans amb l\u2019objectiu de fomentar la cohesi\u00f3 social, la qualitat urbana i la vida comunit\u00e0ria.<\/p>\n<\/div>\n\n\n<\/div>\n\n\n\n<div class=\"wp-block-column is-layout-flow wp-container-core-column-is-layout-be95e8ed wp-block-column-is-layout-flow\" style=\"padding-top:0\">\n<figure class=\"wp-block-image size-full\"><a href=\"https:\/\/iria.upc.edu\/index.php\/le_patrimoni-arquitectonic-i-urba\/\"><img loading=\"lazy\" decoding=\"async\" width=\"2560\" height=\"2560\" src=\"https:\/\/iria.upc.edu\/wp-content\/uploads\/2025\/12\/prueba8-1-scaled.jpg\" alt=\"\" class=\"wp-image-422\" srcset=\"https:\/\/iria.upc.edu\/wp-content\/uploads\/2025\/12\/prueba8-1-scaled.jpg 2560w, https:\/\/iria.upc.edu\/wp-content\/uploads\/2025\/12\/prueba8-1-300x300.jpg 300w, https:\/\/iria.upc.edu\/wp-content\/uploads\/2025\/12\/prueba8-1-1024x1024.jpg 1024w, https:\/\/iria.upc.edu\/wp-content\/uploads\/2025\/12\/prueba8-1-150x150.jpg 150w, https:\/\/iria.upc.edu\/wp-content\/uploads\/2025\/12\/prueba8-1-768x768.jpg 768w, https:\/\/iria.upc.edu\/wp-content\/uploads\/2025\/12\/prueba8-1-1536x1536.jpg 1536w, https:\/\/iria.upc.edu\/wp-content\/uploads\/2025\/12\/prueba8-1-2048x2048.jpg 2048w\" sizes=\"auto, (max-width: 2560px) 100vw, 2560px\" \/><\/a><\/figure>\n\n\n\n<div class=\"wp-block-group is-vertical is-layout-flex wp-container-core-group-is-layout-971a3e1f wp-block-group-is-layout-flex\" style=\"padding-top:var(--wp--preset--spacing--30)\">\n<h3 class=\"wp-block-heading\" style=\"padding-top:var(--wp--preset--spacing--20)\"><a href=\"https:\/\/iria.upc.edu\/index.php\/le_patrimoni-arquitectonic-i-urba\/\">Patrimoni arquitect\u00f2nic i urb\u00e0<\/a><\/h3>\n\n\n\n<p class=\"has-accent-4-color has-text-color has-link-color has-small-font-size wp-elements-c4d712dddf7c3c4ff003de580876d7bb\">Recerca en conservaci\u00f3, restauraci\u00f3 i valoritzaci\u00f3 del patrimoni arquitect\u00f2nic i urb\u00e0 com a element cultural, social i territorial.<\/p>\n<\/div>\n\n\n<\/div>\n\n\n\n<div class=\"wp-block-column is-layout-flow wp-container-core-column-is-layout-be95e8ed wp-block-column-is-layout-flow\" style=\"padding-top:0\">\n<figure class=\"wp-block-image size-full\"><a href=\"https:\/\/iria.upc.edu\/index.php\/le_territori-i-paisatge\/\"><img loading=\"lazy\" decoding=\"async\" width=\"2560\" height=\"2560\" src=\"https:\/\/iria.upc.edu\/wp-content\/uploads\/2025\/12\/prueba18-scaled.jpg\" alt=\"\" class=\"wp-image-439\" srcset=\"https:\/\/iria.upc.edu\/wp-content\/uploads\/2025\/12\/prueba18-scaled.jpg 2560w, https:\/\/iria.upc.edu\/wp-content\/uploads\/2025\/12\/prueba18-300x300.jpg 300w, https:\/\/iria.upc.edu\/wp-content\/uploads\/2025\/12\/prueba18-1024x1024.jpg 1024w, https:\/\/iria.upc.edu\/wp-content\/uploads\/2025\/12\/prueba18-150x150.jpg 150w, https:\/\/iria.upc.edu\/wp-content\/uploads\/2025\/12\/prueba18-768x768.jpg 768w, https:\/\/iria.upc.edu\/wp-content\/uploads\/2025\/12\/prueba18-1536x1536.jpg 1536w, https:\/\/iria.upc.edu\/wp-content\/uploads\/2025\/12\/prueba18-2048x2048.jpg 2048w\" sizes=\"auto, (max-width: 2560px) 100vw, 2560px\" \/><\/a><\/figure>\n\n\n\n<div class=\"wp-block-group is-vertical is-layout-flex wp-container-core-group-is-layout-971a3e1f wp-block-group-is-layout-flex\" style=\"padding-top:var(--wp--preset--spacing--30)\">\n<h3 class=\"wp-block-heading\" style=\"padding-top:var(--wp--preset--spacing--20)\"><a href=\"https:\/\/iria.upc.edu\/index.php\/le_territori-i-paisatge\/\">Territori i paisatge<\/a><\/h3>\n\n\n\n<p class=\"has-accent-4-color has-text-color has-link-color has-small-font-size wp-elements-eaaa23d03067bd6491d18887ef4bb6ce\">Estudis sobre ordenaci\u00f3 territorial, paisatge i models territorials orientats a una gesti\u00f3 sostenible i integrada del territori.<\/p>\n<\/div>\n\n\n<\/div>\n<\/div>\n<\/div>\n\n\n\n<div class=\"wp-block-group alignfull is-style-default has-base-background-color has-background is-layout-flow wp-container-core-group-is-layout-2fa6ea01 wp-block-group-is-layout-flow\" style=\"padding-right:var(--wp--preset--spacing--60);padding-left:var(--wp--preset--spacing--20)\">\n<div class=\"wp-block-columns alignwide is-layout-flex wp-container-core-columns-is-layout-28f84493 wp-block-columns-is-layout-flex\">\n<div class=\"wp-block-column is-vertically-aligned-center is-layout-flow wp-block-column-is-layout-flow\" style=\"flex-basis:50%\">\n<div class=\"wp-block-stackable-text stk-block-text stk-block stk-dd13c8e\" data-block-id=\"dd13c8e\"><style>.stk-dd13c8e {border-style:solid !important;border-top-width:0px !important;border-right-width:0px !important;border-bottom-width:0px !important;border-left-width:0px !important;margin-left:80px !important;}.stk-dd13c8e .stk-block-text__text{font-size:var(u002du002dstku002du002dpresetu002du002dfont-sizeu002du002dx-large, 1.75rem) !important;}@media screen and (max-width: 1023px){.stk-dd13c8e .stk-block-text__text{font-size:var(u002du002dstku002du002dpresetu002du002dfont-sizeu002du002dx-large, 1.75rem) !important;}}<\/style><p class=\"stk-block-text__text\"><strong>Aportacions<\/strong><\/p><\/div>\n<\/div>\n<\/div>\n\n\n\n<div class=\"wp-block-columns alignwide is-layout-flex wp-container-core-columns-is-layout-e79a657b wp-block-columns-is-layout-flex\" style=\"padding-top:0\">\n<div class=\"wp-block-column is-layout-flow wp-block-column-is-layout-flow\"><\/div>\n\n\n\n<div class=\"wp-block-column is-layout-flow wp-block-column-is-layout-flow\">\n<p class=\"has-text-color has-extra-small-font-size\" style=\"color:#000000\">S&#8217;han publicat ja 4 volums sobre &#8220;Rurbanisme o el reequilibri del territori&#8221;, en UPCommons, resultat dels treballs de recerca i acad\u00e8mics sobre la dinamitzaci\u00f3 dels nuclis rurals.<\/p>\n\n\n\n<p class=\"has-text-color has-extra-small-font-size\" style=\"color:#000000\">Urban and rural links: the key for a sustainable future for our territories, Future cities ans environment, Vol. 11 (11), Q1 en JCR, 2025.<\/p>\n\n\n\n<p class=\"has-text-color has-extra-small-font-size\" style=\"color:#000000\">M\u00e9todos, conceptos y estrategias contra la despoblaci\u00f3n rural. Catalu\u00f1a como caso de estudio, Ciudad y Territorio. Estudios territoriales, n\u00ba 226, Q2 en SJR, 2025.<\/p>\n\n\n\n<p class=\"has-text-color has-extra-small-font-size\" style=\"color:#000000\"><\/p>\n<\/div>\n\n\n\n<div class=\"wp-block-column is-layout-flow wp-block-column-is-layout-flow\">\n<p>Repensar el futuro de los territorios rurales. Cinco perspectivas de abordaje, en VLC arquitectura, Q2 en SJR, 2022.<\/p>\n\n\n\n<p class=\"has-text-color has-extra-small-font-size\" style=\"color:#000000\">Apunts sobre el repoblament i els territoris rurbans, Desenvolupament rural i noves habitabilitats, Diputaci\u00f3 de Barcelona, 2023.<\/p>\n\n\n\n<p class=\"has-text-color has-extra-small-font-size\" style=\"color:#000000\"><\/p>\n<\/div>\n<\/div>\n<\/div>\n\n\n\n<div class=\"wp-block-group alignfull has-global-padding is-layout-constrained wp-container-core-group-is-layout-54af5b55 wp-block-group-is-layout-constrained\" style=\"margin-top:0;margin-bottom:0;padding-top:var(--wp--preset--spacing--60);padding-bottom:var(--wp--preset--spacing--60)\">\n<h2 class=\"wp-block-heading alignwide has-text-align-center has-x-large-font-size\">Grups de recerca<\/h2>\n\n\n\n<div class=\"wp-block-buttons alignwide has-custom-font-size has-medium-font-size is-content-justification-center is-layout-flex wp-container-core-buttons-is-layout-c124d1c4 wp-block-buttons-is-layout-flex\">\n<div class=\"wp-block-button\"><a class=\"wp-block-button__link wp-element-button\">GILDA &#8211; Grup per a la Innoaci\u00f3 i la Log\u00edstica Docent en Arquitectura<\/a><\/div>\n\n\n\n<div class=\"wp-block-button\"><a class=\"wp-block-button__link wp-element-button\" href=\"https:\/\/gru.upc.edu\/\">GRU &#8211; Grup de Recerca Urbanisme<\/a><\/div>\n<\/div>\n\n\n\n<p class=\"has-text-align-center\" style=\"font-size:clamp(0.929rem, 0.929rem + ((1vw - 0.2rem) * 0.739), 1.4rem);\"><a href=\"https:\/\/futur.upc.edu\/JordiFranquesaSanchez\">Enlla\u00e7 a futur \u2197<\/a><\/p>\n<\/div>\n","protected":false},"excerpt":{"rendered":"<p>Jordi Franquesa i S\u00e0nchez AGREGAT En Jordi Franquesa \u00e9s arquitecte i doctor en Urbanisme, i imparteix doc\u00e8ncia al Departament d\u2019Urbanisme, Territori i Paisatge de l\u2019escola d\u2019Arquitectura de Barcelona des de fa m\u00e9s de 30 anys. M\u00e0ster en Urbanisme, ha impartit classes en diferents universitats, com ara Ven\u00e8cia, Lisboa, Amsterdam, Ciutat de M\u00e8xic, Goi\u00e2nia o Harvard. [&hellip;]<\/p>\n","protected":false},"author":1,"featured_media":0,"parent":0,"menu_order":0,"comment_status":"closed","ping_status":"closed","template":"","meta":{"footnotes":""},"class_list":["post-1080","page","type-page","status-publish","hentry"],"_links":{"self":[{"href":"https:\/\/iria.upc.edu\/index.php\/wp-json\/wp\/v2\/pages\/1080","targetHints":{"allow":["GET"]}}],"collection":[{"href":"https:\/\/iria.upc.edu\/index.php\/wp-json\/wp\/v2\/pages"}],"about":[{"href":"https:\/\/iria.upc.edu\/index.php\/wp-json\/wp\/v2\/types\/page"}],"author":[{"embeddable":true,"href":"https:\/\/iria.upc.edu\/index.php\/wp-json\/wp\/v2\/users\/1"}],"replies":[{"embeddable":true,"href":"https:\/\/iria.upc.edu\/index.php\/wp-json\/wp\/v2\/comments?post=1080"}],"version-history":[{"count":14,"href":"https:\/\/iria.upc.edu\/index.php\/wp-json\/wp\/v2\/pages\/1080\/revisions"}],"predecessor-version":[{"id":1383,"href":"https:\/\/iria.upc.edu\/index.php\/wp-json\/wp\/v2\/pages\/1080\/revisions\/1383"}],"wp:attachment":[{"href":"https:\/\/iria.upc.edu\/index.php\/wp-json\/wp\/v2\/media?parent=1080"}],"curies":[{"name":"wp","href":"https:\/\/api.w.org\/{rel}","templated":true}]}}