{"id":1091,"date":"2026-02-27T12:55:49","date_gmt":"2026-02-27T12:55:49","guid":{"rendered":"https:\/\/iria.upc.edu\/?page_id=1091"},"modified":"2026-03-16T11:11:57","modified_gmt":"2026-03-16T11:11:57","slug":"carolina-b-garcia-estevez","status":"publish","type":"page","link":"https:\/\/iria.upc.edu\/index.php\/carolina-b-garcia-estevez\/","title":{"rendered":"Carolina B. Garc\u00eda Estevez"},"content":{"rendered":"\n<div class=\"wp-block-group alignfull is-style-default is-content-justification-right is-nowrap is-layout-flex wp-container-core-group-is-layout-90217607 wp-block-group-is-layout-flex\" style=\"min-height:0vh;margin-top:0px;margin-bottom:45px;padding-top:0;padding-right:var(--wp--preset--spacing--40);padding-bottom:var(--wp--preset--spacing--40);padding-left:var(--wp--preset--spacing--40)\">\n<div class=\"wp-block-group is-content-justification-right is-nowrap is-layout-flex wp-container-core-group-is-layout-17934613 wp-block-group-is-layout-flex\">\n<h1 class=\"wp-block-heading has-text-align-left is-style-text-display is-style-text-display--1\" style=\"font-size:clamp(2.111rem, 2.111rem + ((1vw - 0.2rem) * 2.649), 3.8rem);\"><span style=\"color: #000000;\" class=\"stk-highlight\"><strong><em>Carolina B. Garc\u00eda Estevez<\/em><\/strong><\/span><\/h1>\n<\/div>\n<\/div>\n\n\n\n<div class=\"wp-block-group alignfull is-style-section-1 has-global-padding is-layout-constrained wp-block-group-is-layout-constrained is-style-section-1--2\" style=\"margin-top:0;margin-bottom:0;padding-top:var(--wp--preset--spacing--40);padding-bottom:var(--wp--preset--spacing--40)\">\n<div class=\"wp-block-columns alignwide is-style-section-1 is-layout-flex wp-container-core-columns-is-layout-5715ff21 wp-block-columns-is-layout-flex is-style-section-1--3\" style=\"margin-top:0;padding-top:0;padding-bottom:0\">\n<div class=\"wp-block-column is-layout-flow wp-block-column-is-layout-flow\" style=\"padding-right:var(--wp--preset--spacing--50);flex-basis:45%\">\n<figure class=\"wp-block-image size-large\"><img loading=\"lazy\" decoding=\"async\" width=\"683\" height=\"1024\" src=\"https:\/\/iria.upc.edu\/wp-content\/uploads\/2026\/02\/Carolina-B-Garcia-Estevez-Carolina-Beatriz-Garcia-Estevez-edit-683x1024.jpg\" alt=\"\" class=\"wp-image-901\" srcset=\"https:\/\/iria.upc.edu\/wp-content\/uploads\/2026\/02\/Carolina-B-Garcia-Estevez-Carolina-Beatriz-Garcia-Estevez-edit-683x1024.jpg 683w, https:\/\/iria.upc.edu\/wp-content\/uploads\/2026\/02\/Carolina-B-Garcia-Estevez-Carolina-Beatriz-Garcia-Estevez-edit-200x300.jpg 200w, https:\/\/iria.upc.edu\/wp-content\/uploads\/2026\/02\/Carolina-B-Garcia-Estevez-Carolina-Beatriz-Garcia-Estevez-edit-768x1152.jpg 768w, https:\/\/iria.upc.edu\/wp-content\/uploads\/2026\/02\/Carolina-B-Garcia-Estevez-Carolina-Beatriz-Garcia-Estevez-edit-1024x1536.jpg 1024w, https:\/\/iria.upc.edu\/wp-content\/uploads\/2026\/02\/Carolina-B-Garcia-Estevez-Carolina-Beatriz-Garcia-Estevez-edit-1365x2048.jpg 1365w, https:\/\/iria.upc.edu\/wp-content\/uploads\/2026\/02\/Carolina-B-Garcia-Estevez-Carolina-Beatriz-Garcia-Estevez-edit-scaled.jpg 1707w\" sizes=\"auto, (max-width: 683px) 100vw, 683px\" \/><\/figure>\n<\/div>\n\n\n\n<div class=\"wp-block-column is-vertically-aligned-center is-layout-flow wp-block-column-is-layout-flow\" style=\"padding-right:0;padding-left:0;flex-basis:50%\">\n<div class=\"wp-block-group is-vertical is-layout-flex wp-container-core-group-is-layout-fe9cc265 wp-block-group-is-layout-flex\">\n<h2 class=\"wp-block-heading is-style-text-annotation is-style-text-annotation--4\" style=\"font-size:clamp(0.875rem, 0.875rem + ((1vw - 0.2rem) * 0.667), 1.3rem);\">AGREGADA<\/h2>\n<\/div>\n\n\n\n<pre class=\"wp-block-verse is-style-text-subtitle\" style=\"font-size:clamp(0.875rem, 0.875rem + ((1vw - 0.2rem) * 0.667), 1.3rem);\">Arquitecta (2005) i doctora en Teoria i Hist\u00f2ria de l\u2019Arquitectura per la Universitat Polit\u00e8cnica de Catalunya (2012), va obtenir el Premi Extraordinari de Doctorat de la UPC amb la tesi \u00abOpus Angelicum. El imaginario arquitect\u00f3nico de las Eleg\u00edas de Duino, 1912-1922\u00bb. \u00c9s professora agregada Serra H\u00fanter d\u2019Hist\u00f2ria de l\u2019Art i l\u2019Arquitectura a l\u2019Escola T\u00e8cnica Superior d\u2019Arquitectura de Barcelona (UPC), i ha estat visiting scholar a la Ruprecht-Karls-Universit\u00e4t Heidelberg, a la University of Illinois Urbana-Champaign i al Kunsthistorisches Institut in Florenz-Max-Planck-Gesellschaft.<br><br>Les seves recerques s'han publicat a revistes com \u00abCasabella\u00bb o \u00bbJournal of the Society of Architectural Historians\u00bb, alhora que participa regularment com a ponent en f\u00f2rums internacionals de refer\u00e8ncia en hist\u00f2ria de l\u2019art i l\u2019arquitectura, la Reial Acad\u00e8mia Catalana de Belles Arts de Sant Jordi o el Museo Nacional del Prado.<br><br>Comit\u00e8 T\u00e8cnic DOCOMOMO Ib\u00e8ric des de 2016 i sotsdirectora de Publicacions i Arxiu de l\u2019ETSAB entre 2016 i 2025, \u00e9s s\u00f2cia fundadora de l\u2019Associaci\u00f3 d\u2019historiadors de l\u2019Arquitectura i l\u2019Urbanisme i membre de l\u2019equip de direcci\u00f3 de la revista \u00abVARIA\u00bb. Anteriorment, ha dirigit cursos d\u2019estiu de la Universitat Internacional Men\u00e9ndez Pelayo i ha estat redactora en cap de la revista \u00abDC Papers\u00bb de la UPC.<br><br>Ha participat i dirigit nombrosos projectes competitius centrats en l\u2019arquitectura moderna, les xarxes internacionals i la cultura visual, i coordina el grup de recerca consolidat \u00abLoG. Xarxes Transnacionals de l\u2019Art i l\u2019Arquitectura Moderns: Local-Global\u00bb (96 SGR 2021). Com a documentalista i comiss\u00e0ria ha col\u00b7laborat amb institucions com la Fundaci\u00f3 Joan Mir\u00f3, el Museo Reina Sof\u00eda, el Museu Picasso, el Museo ICO o el Mus\u00e9e d\u2019Orsay. \u00c9s autora i editora de nombroses monografies sobre art i arquitectura dels segles XIX i XX.<br><br>Les seves recerques actuals inclouen les correspond\u00e8ncies entre arquitectura, literatura i art a l'obra del poeta Rainer Maria Rilke com a bec\u00e0ria de l\u2019Alexander von Humboldt-Stiftung a l\u2019Akademie der K\u00fcnste de Berl\u00edn; i l\u2019an\u00e0lisi de la circulaci\u00f3 internacional d\u2019imatges i objectes de l\u2019arquitectura moderna, abordant q\u00fcestions com el temps, l\u2019autenticitat, la c\u00f2pia i la recepci\u00f3 historiogr\u00e0fica.<\/pre>\n\n\n\n<div class=\"wp-block-group is-vertical is-layout-flex wp-container-core-group-is-layout-355c4241 wp-block-group-is-layout-flex\">\n<h2 class=\"wp-block-heading is-style-text-annotation is-style-text-annotation--5\" style=\"font-size:clamp(0.875rem, 0.875rem + ((1vw - 0.2rem) * 0.667), 1.3rem);\">ACTIVITAT INVESTIGADORA<\/h2>\n\n\n\n<pre class=\"wp-block-verse\" style=\"font-size:clamp(0.875rem, 0.875rem + ((1vw - 0.2rem) * 0.667), 1.3rem);\">LoG. Xarxes Transnacionals de l\u2019Art i l\u2019Arquitectura Moderns: Local-Global. 96 SGR 2021.<br><br>Reassembled for Completeness. Rainer Maria Rilke and the Transnational Exchanges between Art and Architecture. Alexander von Humboldt-Stiftung. 3.3.ESP-1240712-HFST-E.<\/pre>\n\n\n\n<p style=\"font-size:13px\">Col\u00b7legi d&#8217;Arquitectes de Catalunya, Centre Obert d&#8217;Arquitectura<br><\/p>\n<\/div>\n\n\n\n<div class=\"wp-block-group is-vertical is-layout-flex wp-container-core-group-is-layout-355c4241 wp-block-group-is-layout-flex\">\n<h2 class=\"wp-block-heading is-style-text-annotation is-style-text-annotation--6\" style=\"font-size:clamp(0.875rem, 0.875rem + ((1vw - 0.2rem) * 0.667), 1.3rem);\">SERVEIS DE TRANSFER\u00c8NCIA<\/h2>\n\n\n\n<pre class=\"wp-block-verse\" style=\"font-size:clamp(0.875rem, 0.875rem + ((1vw - 0.2rem) * 0.667), 1.3rem);\">Comissariat d'exposicions al Col\u00b7legi d'Arquitectes de Catalunya.<br>Comissi\u00f3 documental \u00abArquitectura Catalana\u00bb del Centre Obert d'Arquitectura.<br><\/pre>\n<\/div>\n<\/div>\n<\/div>\n<\/div>\n\n\n\n<div class=\"wp-block-group alignfull has-global-padding is-layout-constrained wp-container-core-group-is-layout-ebee8dc1 wp-block-group-is-layout-constrained\" style=\"margin-top:0;margin-bottom:0;padding-top:var(--wp--preset--spacing--50);padding-bottom:var(--wp--preset--spacing--50)\">\n<h2 class=\"wp-block-heading alignwide\">L\u00ednies estrat\u00e8giques <\/h2>\n\n\n\n<div class=\"wp-block-columns alignwide is-layout-flex wp-container-core-columns-is-layout-28f84493 wp-block-columns-is-layout-flex\">\n<div class=\"wp-block-column is-layout-flow wp-container-core-column-is-layout-be95e8ed wp-block-column-is-layout-flow\" style=\"padding-top:0\">\n<figure class=\"wp-block-image size-full\"><a href=\"https:\/\/iria.upc.edu\/index.php\/le_patrimoni-arquitectonic-i-urba\/\"><img loading=\"lazy\" decoding=\"async\" width=\"2560\" height=\"2560\" src=\"https:\/\/iria.upc.edu\/wp-content\/uploads\/2025\/12\/prueba8-1-scaled.jpg\" alt=\"\" class=\"wp-image-422\" srcset=\"https:\/\/iria.upc.edu\/wp-content\/uploads\/2025\/12\/prueba8-1-scaled.jpg 2560w, https:\/\/iria.upc.edu\/wp-content\/uploads\/2025\/12\/prueba8-1-300x300.jpg 300w, https:\/\/iria.upc.edu\/wp-content\/uploads\/2025\/12\/prueba8-1-1024x1024.jpg 1024w, https:\/\/iria.upc.edu\/wp-content\/uploads\/2025\/12\/prueba8-1-150x150.jpg 150w, https:\/\/iria.upc.edu\/wp-content\/uploads\/2025\/12\/prueba8-1-768x768.jpg 768w, https:\/\/iria.upc.edu\/wp-content\/uploads\/2025\/12\/prueba8-1-1536x1536.jpg 1536w, https:\/\/iria.upc.edu\/wp-content\/uploads\/2025\/12\/prueba8-1-2048x2048.jpg 2048w\" sizes=\"auto, (max-width: 2560px) 100vw, 2560px\" \/><\/a><\/figure>\n\n\n\n<div class=\"wp-block-group is-vertical is-layout-flex wp-container-core-group-is-layout-971a3e1f wp-block-group-is-layout-flex\" style=\"padding-top:var(--wp--preset--spacing--30)\">\n<h3 class=\"wp-block-heading\" style=\"padding-top:var(--wp--preset--spacing--20)\"><a href=\"https:\/\/iria.upc.edu\/index.php\/le_patrimoni-arquitectonic-i-urba\/\">Patrimoni arquitect\u00f2nic i urb\u00e0<\/a><\/h3>\n\n\n\n<p class=\"has-accent-4-color has-text-color has-link-color has-small-font-size wp-elements-c4d712dddf7c3c4ff003de580876d7bb\">Recerca en conservaci\u00f3, restauraci\u00f3 i valoritzaci\u00f3 del patrimoni arquitect\u00f2nic i urb\u00e0 com a element cultural, social i territorial.<\/p>\n<\/div>\n\n\n<\/div>\n\n\n\n<div class=\"wp-block-column is-layout-flow wp-container-core-column-is-layout-be95e8ed wp-block-column-is-layout-flow\" style=\"padding-top:0\">\n<figure class=\"wp-block-image size-full\"><a href=\"https:\/\/iria.upc.edu\/index.php\/le_patrimoni-arquitectonic-i-urba-2\/\"><img loading=\"lazy\" decoding=\"async\" width=\"2560\" height=\"2560\" src=\"https:\/\/iria.upc.edu\/wp-content\/uploads\/2025\/12\/prueba10-scaled.jpg\" alt=\"\" class=\"wp-image-424\" srcset=\"https:\/\/iria.upc.edu\/wp-content\/uploads\/2025\/12\/prueba10-scaled.jpg 2560w, https:\/\/iria.upc.edu\/wp-content\/uploads\/2025\/12\/prueba10-300x300.jpg 300w, https:\/\/iria.upc.edu\/wp-content\/uploads\/2025\/12\/prueba10-1024x1024.jpg 1024w, https:\/\/iria.upc.edu\/wp-content\/uploads\/2025\/12\/prueba10-150x150.jpg 150w, https:\/\/iria.upc.edu\/wp-content\/uploads\/2025\/12\/prueba10-768x768.jpg 768w, https:\/\/iria.upc.edu\/wp-content\/uploads\/2025\/12\/prueba10-1536x1536.jpg 1536w, https:\/\/iria.upc.edu\/wp-content\/uploads\/2025\/12\/prueba10-2048x2048.jpg 2048w\" sizes=\"auto, (max-width: 2560px) 100vw, 2560px\" \/><\/a><\/figure>\n\n\n\n<div class=\"wp-block-group is-vertical is-layout-flex wp-container-core-group-is-layout-971a3e1f wp-block-group-is-layout-flex\" style=\"padding-top:var(--wp--preset--spacing--30)\">\n<h3 class=\"wp-block-heading\" style=\"padding-top:var(--wp--preset--spacing--20)\"><a href=\"https:\/\/iria.upc.edu\/index.php\/le_patrimoni-arquitectonic-i-urba-2\/\">Historia i teoria de l&#8217;arquitectura<\/a><\/h3>\n\n\n\n<p class=\"has-accent-4-color has-text-color has-link-color has-small-font-size wp-elements-d60f6fbec0e66dad2e14c6eab50ab8e0\">An\u00e0lisi hist\u00f2rica, te\u00f2rica i cr\u00edtica de l\u2019arquitectura i la ciutat, amb enfocaments transversals i interdisciplinaris.<\/p>\n<\/div>\n\n\n<\/div>\n\n\n\n<div class=\"wp-block-column is-layout-flow wp-container-core-column-is-layout-be95e8ed wp-block-column-is-layout-flow\" style=\"padding-top:0\">\n<figure class=\"wp-block-image size-full\"><a href=\"https:\/\/iria.upc.edu\/index.php\/le_representacio-i-comunicacio\/\"><img loading=\"lazy\" decoding=\"async\" width=\"2232\" height=\"2232\" src=\"https:\/\/iria.upc.edu\/wp-content\/uploads\/2025\/12\/Jueves-28-Oct-1-6-1.jpg\" alt=\"\" class=\"wp-image-698\" srcset=\"https:\/\/iria.upc.edu\/wp-content\/uploads\/2025\/12\/Jueves-28-Oct-1-6-1.jpg 2232w, https:\/\/iria.upc.edu\/wp-content\/uploads\/2025\/12\/Jueves-28-Oct-1-6-1-300x300.jpg 300w, https:\/\/iria.upc.edu\/wp-content\/uploads\/2025\/12\/Jueves-28-Oct-1-6-1-1024x1024.jpg 1024w, https:\/\/iria.upc.edu\/wp-content\/uploads\/2025\/12\/Jueves-28-Oct-1-6-1-150x150.jpg 150w, https:\/\/iria.upc.edu\/wp-content\/uploads\/2025\/12\/Jueves-28-Oct-1-6-1-768x768.jpg 768w, https:\/\/iria.upc.edu\/wp-content\/uploads\/2025\/12\/Jueves-28-Oct-1-6-1-1536x1536.jpg 1536w, https:\/\/iria.upc.edu\/wp-content\/uploads\/2025\/12\/Jueves-28-Oct-1-6-1-2048x2048.jpg 2048w\" sizes=\"auto, (max-width: 2232px) 100vw, 2232px\" \/><\/a><\/figure>\n\n\n\n<div class=\"wp-block-group is-vertical is-layout-flex wp-container-core-group-is-layout-971a3e1f wp-block-group-is-layout-flex\" style=\"padding-top:var(--wp--preset--spacing--30)\">\n<h3 class=\"wp-block-heading\" style=\"padding-top:var(--wp--preset--spacing--20)\"><a href=\"https:\/\/iria.upc.edu\/index.php\/le_representacio-i-comunicacio\/\">Representaci\u00f3 i comunicaci\u00f3<\/a><\/h3>\n\n\n\n<p class=\"has-accent-4-color has-text-color has-link-color has-small-font-size wp-elements-fade66383866eea06527282315db5547\">Desenvolupament d\u2019eines i processos de representaci\u00f3, gesti\u00f3 i comunicaci\u00f3 de l\u2019arquitectura, incloent tecnologies digitals i intel\u00b7lig\u00e8ncia artificial.<\/p>\n<\/div>\n\n\n<\/div>\n<\/div>\n<\/div>\n\n\n\n<div class=\"wp-block-group alignfull is-style-default has-base-background-color has-background is-layout-flow wp-container-core-group-is-layout-2fa6ea01 wp-block-group-is-layout-flow\" style=\"padding-right:var(--wp--preset--spacing--60);padding-left:var(--wp--preset--spacing--20)\">\n<div class=\"wp-block-columns alignwide is-layout-flex wp-container-core-columns-is-layout-28f84493 wp-block-columns-is-layout-flex\">\n<div class=\"wp-block-column is-vertically-aligned-center is-layout-flow wp-block-column-is-layout-flow\" style=\"flex-basis:50%\">\n<div class=\"wp-block-stackable-text stk-block-text stk-block stk-dd13c8e\" data-block-id=\"dd13c8e\"><style>.stk-dd13c8e {border-style:solid !important;border-top-width:0px !important;border-right-width:0px !important;border-bottom-width:0px !important;border-left-width:0px !important;margin-left:80px !important;}.stk-dd13c8e .stk-block-text__text{font-size:var(u002du002dstku002du002dpresetu002du002dfont-sizeu002du002dx-large, 1.75rem) !important;}@media screen and (max-width: 1023px){.stk-dd13c8e .stk-block-text__text{font-size:var(u002du002dstku002du002dpresetu002du002dfont-sizeu002du002dx-large, 1.75rem) !important;}}<\/style><p class=\"stk-block-text__text\"><strong>Aportacions<\/strong><\/p><\/div>\n<\/div>\n<\/div>\n\n\n\n<div class=\"wp-block-columns alignwide is-layout-flex wp-container-core-columns-is-layout-e79a657b wp-block-columns-is-layout-flex\" style=\"padding-top:0\">\n<div class=\"wp-block-column is-layout-flow wp-block-column-is-layout-flow\"><\/div>\n\n\n\n<div class=\"wp-block-column is-layout-flow wp-block-column-is-layout-flow\">\n<p class=\"has-text-color has-extra-small-font-size\" style=\"color:#000000\">Carolina B. Garc\u00eda-Est\u00e9vez, \u00abGaud\u00ed, Museu Nacional d\u2019Art de Catalunya, MNAC\u00bb, Journal of the Society of Architectural Historians, 1 March 2023, 82 (1): 99\u2013103. doi: 10.1525\/jsah.2023.82.1.99 \u2014 AA.VV. Las ciudades de Rilke: Praga, Florencia, Par\u00eds, Mosc\u00fa, Toledo, Ronda, M\u00fanich Carolina B. Garc\u00eda-Est\u00e9vez, editora. Madrid: Publicaciones de la Residencia de Estudiantes, 2022, 309 p\u00e0gines, ISBN 9788494965043.<\/p>\n\n\n\n<p class=\"has-text-color has-extra-small-font-size\" style=\"color:#000000\">Enric Miralles. Archigraphias, 1983-2000. Carolina B. Garc\u00eda-Est\u00e9vez y Josep M. Rovira, editors. Madrid: Abada editores, 2020, 448 p\u00e0gines, ISBN 9788417301040.<\/p>\n\n\n\n<p class=\"has-text-color has-extra-small-font-size\" style=\"color:#000000\">Rafael Moneo. Una manera de ense\u00f1ar arquitectura. Lecciones desde Barcelona, 1971-1976. Carolina B. Garc\u00eda-Est\u00e9vez, editora. Barcelona: Universitat Polit\u00e8cnica de Catalunya, Iniciativa Digital Polit\u00e8cnica, 2017, 547 p\u00e0gines, ISBN 978-84-9880-678-6.<\/p>\n\n\n\n<p class=\"has-text-color has-extra-small-font-size\" style=\"color:#000000\"><\/p>\n<\/div>\n\n\n\n<div class=\"wp-block-column is-layout-flow wp-block-column-is-layout-flow\">\n<p>Carolina B. Garc\u00eda-Est\u00e9vez, Josep M. Rovira. Casa Bloc: Barcelona, 1932-1939-2009. Barcelona: Mudito &amp; Co, 2011, 133 p\u00e0gines, ISBN 9788492607464.<\/p>\n\n\n\n<p class=\"has-text-color has-extra-small-font-size\" style=\"color:#000000\"><\/p>\n\n\n\n<p class=\"has-text-color has-extra-small-font-size\" style=\"color:#000000\"><\/p>\n<\/div>\n<\/div>\n<\/div>\n\n\n\n<div class=\"wp-block-group alignfull has-global-padding is-layout-constrained wp-container-core-group-is-layout-54af5b55 wp-block-group-is-layout-constrained\" style=\"margin-top:0;margin-bottom:0;padding-top:var(--wp--preset--spacing--60);padding-bottom:var(--wp--preset--spacing--60)\">\n<h2 class=\"wp-block-heading alignwide has-text-align-center has-x-large-font-size\">Grups de recerca<\/h2>\n\n\n\n<div class=\"wp-block-buttons alignwide has-custom-font-size has-medium-font-size is-content-justification-center is-layout-flex wp-container-core-buttons-is-layout-c124d1c4 wp-block-buttons-is-layout-flex\">\n<div class=\"wp-block-button\"><a class=\"wp-block-button__link wp-element-button\" href=\"https:\/\/log.upc.edu\/membre-equip\/carolina-b-garcia-estevez\/4\">LoG &#8211; Xarxes Transnacionals de l&#8217;Art i l&#8217;Arquitectura Moderns: Local-Global<\/a><\/div>\n<\/div>\n\n\n\n<p class=\"has-text-align-center\" style=\"font-size:clamp(0.929rem, 0.929rem + ((1vw - 0.2rem) * 0.739), 1.4rem);\"><strong><a href=\"https:\/\/futur.upc.edu\/CarolinaBeatrizGarciaEstevez\">Enlla\u00e7 a futur \u2197<\/a><\/strong><\/p>\n<\/div>\n","protected":false},"excerpt":{"rendered":"<p>Carolina B. Garc\u00eda Estevez AGREGADA Arquitecta (2005) i doctora en Teoria i Hist\u00f2ria de l\u2019Arquitectura per la Universitat Polit\u00e8cnica de Catalunya (2012), va obtenir el Premi Extraordinari de Doctorat de la UPC amb la tesi \u00abOpus Angelicum. El imaginario arquitect\u00f3nico de las Eleg\u00edas de Duino, 1912-1922\u00bb. \u00c9s professora agregada Serra H\u00fanter d\u2019Hist\u00f2ria de l\u2019Art i [&hellip;]<\/p>\n","protected":false},"author":1,"featured_media":0,"parent":0,"menu_order":0,"comment_status":"closed","ping_status":"closed","template":"","meta":{"footnotes":""},"class_list":["post-1091","page","type-page","status-publish","hentry"],"_links":{"self":[{"href":"https:\/\/iria.upc.edu\/index.php\/wp-json\/wp\/v2\/pages\/1091","targetHints":{"allow":["GET"]}}],"collection":[{"href":"https:\/\/iria.upc.edu\/index.php\/wp-json\/wp\/v2\/pages"}],"about":[{"href":"https:\/\/iria.upc.edu\/index.php\/wp-json\/wp\/v2\/types\/page"}],"author":[{"embeddable":true,"href":"https:\/\/iria.upc.edu\/index.php\/wp-json\/wp\/v2\/users\/1"}],"replies":[{"embeddable":true,"href":"https:\/\/iria.upc.edu\/index.php\/wp-json\/wp\/v2\/comments?post=1091"}],"version-history":[{"count":10,"href":"https:\/\/iria.upc.edu\/index.php\/wp-json\/wp\/v2\/pages\/1091\/revisions"}],"predecessor-version":[{"id":1381,"href":"https:\/\/iria.upc.edu\/index.php\/wp-json\/wp\/v2\/pages\/1091\/revisions\/1381"}],"wp:attachment":[{"href":"https:\/\/iria.upc.edu\/index.php\/wp-json\/wp\/v2\/media?parent=1091"}],"curies":[{"name":"wp","href":"https:\/\/api.w.org\/{rel}","templated":true}]}}