{"id":1102,"date":"2026-03-03T14:08:57","date_gmt":"2026-03-03T14:08:57","guid":{"rendered":"https:\/\/iria.upc.edu\/?page_id=1102"},"modified":"2026-03-16T11:08:11","modified_gmt":"2026-03-16T11:08:11","slug":"pilar-garcia-almirall","status":"publish","type":"page","link":"https:\/\/iria.upc.edu\/index.php\/pilar-garcia-almirall\/","title":{"rendered":"Pilar Garc\u00eda Almirall"},"content":{"rendered":"\n<div class=\"wp-block-group alignfull is-style-default is-content-justification-right is-nowrap is-layout-flex wp-container-core-group-is-layout-90217607 wp-block-group-is-layout-flex\" style=\"min-height:0vh;margin-top:0px;margin-bottom:45px;padding-top:0;padding-right:var(--wp--preset--spacing--40);padding-bottom:var(--wp--preset--spacing--40);padding-left:var(--wp--preset--spacing--40)\">\n<div class=\"wp-block-group is-content-justification-right is-nowrap is-layout-flex wp-container-core-group-is-layout-17934613 wp-block-group-is-layout-flex\">\n<h1 class=\"wp-block-heading has-text-align-left is-style-text-display is-style-text-display--1\" style=\"font-size:clamp(2.111rem, 2.111rem + ((1vw - 0.2rem) * 2.649), 3.8rem);\"><span style=\"color: #000000;\" class=\"stk-highlight\"><strong><em>Pilar Garc\u00eda Almirall <\/em><\/strong><\/span><\/h1>\n<\/div>\n<\/div>\n\n\n\n<div class=\"wp-block-group alignfull is-style-section-1 has-global-padding is-layout-constrained wp-block-group-is-layout-constrained is-style-section-1--2\" style=\"margin-top:0;margin-bottom:0;padding-top:var(--wp--preset--spacing--40);padding-bottom:var(--wp--preset--spacing--40)\">\n<div class=\"wp-block-columns alignwide is-style-section-1 is-layout-flex wp-container-core-columns-is-layout-5715ff21 wp-block-columns-is-layout-flex is-style-section-1--3\" style=\"margin-top:0;padding-top:0;padding-bottom:0\">\n<div class=\"wp-block-column is-layout-flow wp-block-column-is-layout-flow\" style=\"padding-right:var(--wp--preset--spacing--50);flex-basis:45%\">\n<figure class=\"wp-block-image size-large\"><img loading=\"lazy\" decoding=\"async\" width=\"683\" height=\"1024\" src=\"https:\/\/iria.upc.edu\/wp-content\/uploads\/2026\/02\/pilar-garcia-683x1024.jpg\" alt=\"\" class=\"wp-image-964\" srcset=\"https:\/\/iria.upc.edu\/wp-content\/uploads\/2026\/02\/pilar-garcia-683x1024.jpg 683w, https:\/\/iria.upc.edu\/wp-content\/uploads\/2026\/02\/pilar-garcia-200x300.jpg 200w, https:\/\/iria.upc.edu\/wp-content\/uploads\/2026\/02\/pilar-garcia-768x1152.jpg 768w, https:\/\/iria.upc.edu\/wp-content\/uploads\/2026\/02\/pilar-garcia-1024x1536.jpg 1024w, https:\/\/iria.upc.edu\/wp-content\/uploads\/2026\/02\/pilar-garcia-1365x2048.jpg 1365w, https:\/\/iria.upc.edu\/wp-content\/uploads\/2026\/02\/pilar-garcia-scaled.jpg 1707w\" sizes=\"auto, (max-width: 683px) 100vw, 683px\" \/><\/figure>\n<\/div>\n\n\n\n<div class=\"wp-block-column is-vertically-aligned-center is-layout-flow wp-block-column-is-layout-flow\" style=\"padding-right:0;padding-left:0;flex-basis:50%\">\n<div class=\"wp-block-group is-vertical is-layout-flex wp-container-core-group-is-layout-fe9cc265 wp-block-group-is-layout-flex\">\n<h2 class=\"wp-block-heading is-style-text-annotation is-style-text-annotation--4\" style=\"font-size:clamp(0.875rem, 0.875rem + ((1vw - 0.2rem) * 0.667), 1.3rem);\">CATEDR\u00c0TICA<\/h2>\n<\/div>\n\n\n\n<pre class=\"wp-block-verse is-style-text-subtitle\" style=\"font-size:clamp(0.875rem, 0.875rem + ((1vw - 0.2rem) * 0.667), 1.3rem);\">Actualment Catedr\u00e0tica a l\u2019ETSAB i Directora del VIMAC Lab <a href=\"https:\/\/vimac.upc.edu\/es\">https:\/\/vimac.upc.edu\/es<\/a>. Ha impulsat el Grup Consolidat de Recerca QURBIS, i CPSV. Va ser Directora departament de Tecnologia de l\u2019Arquitectura UPC 2017-2025 i sotsdirectora ETSAB 2006- 2011.<br>Experta en \u201cReal Estate\u201d ha liderat recerca innovadora en l\u2019avaluaci\u00f3 dels espais arquitect\u00f2nics, urbans i mediambientals, l\u2019habitatge i la millora dels barris, en base a principis de la geografia, la economia i sociologia urbana. Pionera en la incorporaci\u00f3 de tecnologies inform\u00e0tiques com els SIG en l'estudi, avaluaci\u00f3 i gesti\u00f3 de la ciutat.<br><br>Dirigeix una l\u00ednia de recerca competitiva en d'Immigraci\u00f3, habitatge i ciutat, l\u2019estudi les condicions habitacions i urban\u00edstiques, de l'habitatge, i les problem\u00e0tiques associades a la vulnerabilitat, Ha Estat IP de 5 projectes competitius MICINN en el tema i altres AGAUR, CIRIT. Ha dirigit Projectes internacionals, un amb Joint Research Centre (Ispra It\u00e0lia),l'impacte social de les tecnologies IDE \/ SIG i 3 de cooperaci\u00f3 en TIG (IDE \/ SIG). En els \u00faltims 15 anys, ha dirigit 12 projectes de recerca competitius, i ha participat en altres 6, en total 18. 4 internacionals i 5 d'innovaci\u00f3 tecnol\u00f2gica de gran envergadura. A la vegada que en els darrers 5 anys ha dirigit m\u00e9s de 22 contractes d'I + D d'especial rellev\u00e0ncia amb Empreses i \/ o Administracions, dels quals 5 s\u00f3n de gran envergadura. El 2015 va dirigir el mes gran projecte de la UPC, que va ser l\u2019Aixecament de la Fa\u00e7ana del Naixement de la Bas\u00edlica de la Sagrada Fam\u00edlia.<span style=\"color: #000000;\" class=\"stk-highlight\"> Ha dirigit 15 Tesis Doctorals Llegides. T\u00e9 6 sexennis reconeguts per AQU.<\/span><\/pre>\n\n\n\n<div class=\"wp-block-group is-vertical is-layout-flex wp-container-core-group-is-layout-355c4241 wp-block-group-is-layout-flex\">\n<h2 class=\"wp-block-heading is-style-text-annotation is-style-text-annotation--5\" style=\"font-size:clamp(0.875rem, 0.875rem + ((1vw - 0.2rem) * 0.667), 1.3rem);\">ACTIVITAT INVESTIGADORA<\/h2>\n\n\n\n<pre class=\"wp-block-verse\" style=\"font-size:clamp(0.875rem, 0.875rem + ((1vw - 0.2rem) * 0.667), 1.3rem);\">Estudi de l'actualitzaci\u00f3 del c\u00e0lcul dels valors b\u00e0sics de l'ocupaci\u00f3 de l'espai p\u00fablic de Barcelona. Direcci\u00f3 de Pressupostos i Pol\u00edtica Fiscal | Barcelona | 2025. Genera una una metodologia que, en primer terme, at\u00e9n a la diversitat d\u2019usos de l\u2019espai p\u00fablic, aix\u00ed com les casu\u00edstiques espec\u00edfiques que hi ha en alguns d\u2019aquests aprofitaments; en segon terme, considera la caracteritzaci\u00f3 dels carrers de la ciutat pel que fa a l\u2019\u00fas de l\u2019espai p\u00fablic. <a href=\"https:\/\/vimac.upc.edu\/ca\/projectes\/TecnologiaGIS\/tots_els_projectes\/estudi-de-lactualitzacio-del-calcul-dels-valors-basics-de-locupacio-de-lespai-public-de-barcelona\">https:\/\/vimac.upc.edu\/ca\/projectes\/TecnologiaGIS\/tots_els_projectes\/estudi-de-lactualitzacio-del-calcul-dels-valors-basics-de-locupacio-de-lespai-public-de-barcelona<\/a><br><br>Nova metodologia per a la definici\u00f3 de les categories fiscals dels carrers de Barcelona. Ajuntament de Barcelona. 2025-2028.  Un estudi fonamentat en Gesti\u00f3 de Dades i caracteritzaci\u00f3 qualitativa dels carrers que aporta la classificaci\u00f3 dels carrers en funci\u00f3 de criteris urban\u00edstics, socioecon\u00f2mics i funcionals, i serveixen com a base per a l\u2019aplicaci\u00f3 de diversos tributs municipals.(En curs).<br><br>Estrat\u00e8gies d\u2019avaluaci\u00f3 i intervenci\u00f3 per a la regeneraci\u00f3 urbana i la mitigaci\u00f3 de la pobresa energ\u00e8tica a Barcelona i Bilbao MICINN. 2023-2026.ENER-REGEN pret\u00e9n conceptualitzar la pobresa energ\u00e8tica; desenvolupar una metodologia d\u2019acord amb un sistema de caracteritzaci\u00f3 socioespacial multiescalar de la pobresa energ\u00e8tica, amb l\u2019estudi de cas de sis zones pr\u00e8viament identificades com a altament vulnerables; analitzar cr\u00edticament les estrat\u00e8gies i instruments existents amb vista a promoure l\u00ednies d\u2019acci\u00f3 m\u00e9s inclusives i sostenibles per a l\u2019alleujament de la pobresa.<\/pre>\n\n\n\n<p style=\"font-size:13px\">Ajuntament de Barcelona, MUHBA, Foment Ciutat, Ajuntament de Santa Susanna<\/p>\n<\/div>\n\n\n\n<div class=\"wp-block-group is-vertical is-layout-flex wp-container-core-group-is-layout-355c4241 wp-block-group-is-layout-flex\">\n<h2 class=\"wp-block-heading is-style-text-annotation is-style-text-annotation--6\" style=\"font-size:clamp(0.875rem, 0.875rem + ((1vw - 0.2rem) * 0.667), 1.3rem);\">SERVEIS DE TRANSFER\u00c8NCIA<\/h2>\n\n\n\n<pre class=\"wp-block-verse\" style=\"font-size:clamp(0.875rem, 0.875rem + ((1vw - 0.2rem) * 0.667), 1.3rem);\">Tecnologies Emergents en Modelitzaci\u00f3 de Dades Urbanes.<br>Cat\u00e0leg de Patrimoni Arquitect\u00f2nic i Urb\u00e0.<br>Estudis Urbans, Open Data, SIG i assist\u00e8ncia a la Gesti\u00f3 Social.<\/pre>\n<\/div>\n<\/div>\n<\/div>\n<\/div>\n\n\n\n<div class=\"wp-block-group alignfull has-global-padding is-layout-constrained wp-container-core-group-is-layout-ebee8dc1 wp-block-group-is-layout-constrained\" style=\"margin-top:0;margin-bottom:0;padding-top:var(--wp--preset--spacing--50);padding-bottom:var(--wp--preset--spacing--50)\">\n<h2 class=\"wp-block-heading alignwide\">L\u00ednies estrat\u00e8giques <\/h2>\n\n\n\n<div class=\"wp-block-columns alignwide is-layout-flex wp-container-core-columns-is-layout-28f84493 wp-block-columns-is-layout-flex\">\n<div class=\"wp-block-column is-layout-flow wp-container-core-column-is-layout-be95e8ed wp-block-column-is-layout-flow\" style=\"padding-top:0\">\n<figure class=\"wp-block-image size-full\"><a href=\"https:\/\/iria.upc.edu\/index.php\/le_urbanisme-espai-public-i-comunitat\/\"><img loading=\"lazy\" decoding=\"async\" width=\"2560\" height=\"2560\" src=\"https:\/\/iria.upc.edu\/wp-content\/uploads\/2025\/12\/prueba6-scaled.jpg\" alt=\"\" class=\"wp-image-419\" srcset=\"https:\/\/iria.upc.edu\/wp-content\/uploads\/2025\/12\/prueba6-scaled.jpg 2560w, https:\/\/iria.upc.edu\/wp-content\/uploads\/2025\/12\/prueba6-300x300.jpg 300w, https:\/\/iria.upc.edu\/wp-content\/uploads\/2025\/12\/prueba6-1024x1024.jpg 1024w, https:\/\/iria.upc.edu\/wp-content\/uploads\/2025\/12\/prueba6-150x150.jpg 150w, https:\/\/iria.upc.edu\/wp-content\/uploads\/2025\/12\/prueba6-768x768.jpg 768w, https:\/\/iria.upc.edu\/wp-content\/uploads\/2025\/12\/prueba6-1536x1536.jpg 1536w, https:\/\/iria.upc.edu\/wp-content\/uploads\/2025\/12\/prueba6-2048x2048.jpg 2048w\" sizes=\"auto, (max-width: 2560px) 100vw, 2560px\" \/><\/a><\/figure>\n\n\n\n<div class=\"wp-block-group is-vertical is-layout-flex wp-container-core-group-is-layout-971a3e1f wp-block-group-is-layout-flex\" style=\"padding-top:var(--wp--preset--spacing--30)\">\n<h3 class=\"wp-block-heading\" style=\"padding-top:var(--wp--preset--spacing--20)\"><a href=\"https:\/\/iria.upc.edu\/index.php\/le_urbanisme-espai-public-i-comunitat\/\">Urbanisme, espai p\u00fablic i comunitat<\/a><\/h3>\n\n\n\n<p class=\"has-accent-4-color has-text-color has-link-color has-small-font-size wp-elements-a2cb4b038f69de5c183db7a5ce433dd3\">Estudis sobre la ciutat, l\u2019espai p\u00fablic i els teixits urbans amb l\u2019objectiu de fomentar la cohesi\u00f3 social, la qualitat urbana i la vida comunit\u00e0ria.<\/p>\n<\/div>\n\n\n<\/div>\n\n\n\n<div class=\"wp-block-column is-layout-flow wp-container-core-column-is-layout-be95e8ed wp-block-column-is-layout-flow\" style=\"padding-top:0\">\n<figure class=\"wp-block-image size-full\"><a href=\"https:\/\/iria.upc.edu\/index.php\/le_patrimoni-arquitectonic-i-urba\/\"><img loading=\"lazy\" decoding=\"async\" width=\"2560\" height=\"2560\" src=\"https:\/\/iria.upc.edu\/wp-content\/uploads\/2025\/12\/prueba8-1-scaled.jpg\" alt=\"\" class=\"wp-image-422\" srcset=\"https:\/\/iria.upc.edu\/wp-content\/uploads\/2025\/12\/prueba8-1-scaled.jpg 2560w, https:\/\/iria.upc.edu\/wp-content\/uploads\/2025\/12\/prueba8-1-300x300.jpg 300w, https:\/\/iria.upc.edu\/wp-content\/uploads\/2025\/12\/prueba8-1-1024x1024.jpg 1024w, https:\/\/iria.upc.edu\/wp-content\/uploads\/2025\/12\/prueba8-1-150x150.jpg 150w, https:\/\/iria.upc.edu\/wp-content\/uploads\/2025\/12\/prueba8-1-768x768.jpg 768w, https:\/\/iria.upc.edu\/wp-content\/uploads\/2025\/12\/prueba8-1-1536x1536.jpg 1536w, https:\/\/iria.upc.edu\/wp-content\/uploads\/2025\/12\/prueba8-1-2048x2048.jpg 2048w\" sizes=\"auto, (max-width: 2560px) 100vw, 2560px\" \/><\/a><\/figure>\n\n\n\n<div class=\"wp-block-group is-vertical is-layout-flex wp-container-core-group-is-layout-971a3e1f wp-block-group-is-layout-flex\" style=\"padding-top:var(--wp--preset--spacing--30)\">\n<h3 class=\"wp-block-heading\" style=\"padding-top:var(--wp--preset--spacing--20)\"><a href=\"https:\/\/iria.upc.edu\/index.php\/le_patrimoni-arquitectonic-i-urba\/\">Patrimoni arquitect\u00f2nic i urb\u00e0<\/a><\/h3>\n\n\n\n<p class=\"has-accent-4-color has-text-color has-link-color has-small-font-size wp-elements-c4d712dddf7c3c4ff003de580876d7bb\">Recerca en conservaci\u00f3, restauraci\u00f3 i valoritzaci\u00f3 del patrimoni arquitect\u00f2nic i urb\u00e0 com a element cultural, social i territorial.<\/p>\n<\/div>\n\n\n<\/div>\n\n\n\n<div class=\"wp-block-column is-layout-flow wp-container-core-column-is-layout-be95e8ed wp-block-column-is-layout-flow\" style=\"padding-top:0\">\n<figure class=\"wp-block-image size-full\"><a href=\"https:\/\/iria.upc.edu\/index.php\/le_arquitectura-legal-i-valoracions\/\"><img loading=\"lazy\" decoding=\"async\" width=\"2560\" height=\"2560\" src=\"https:\/\/iria.upc.edu\/wp-content\/uploads\/2025\/12\/prueba12-1-scaled.jpg\" alt=\"\" class=\"wp-image-429\" srcset=\"https:\/\/iria.upc.edu\/wp-content\/uploads\/2025\/12\/prueba12-1-scaled.jpg 2560w, https:\/\/iria.upc.edu\/wp-content\/uploads\/2025\/12\/prueba12-1-300x300.jpg 300w, https:\/\/iria.upc.edu\/wp-content\/uploads\/2025\/12\/prueba12-1-1024x1024.jpg 1024w, https:\/\/iria.upc.edu\/wp-content\/uploads\/2025\/12\/prueba12-1-150x150.jpg 150w, https:\/\/iria.upc.edu\/wp-content\/uploads\/2025\/12\/prueba12-1-768x768.jpg 768w, https:\/\/iria.upc.edu\/wp-content\/uploads\/2025\/12\/prueba12-1-1536x1536.jpg 1536w, https:\/\/iria.upc.edu\/wp-content\/uploads\/2025\/12\/prueba12-1-2048x2048.jpg 2048w\" sizes=\"auto, (max-width: 2560px) 100vw, 2560px\" \/><\/a><\/figure>\n\n\n\n<div class=\"wp-block-group is-vertical is-layout-flex wp-container-core-group-is-layout-971a3e1f wp-block-group-is-layout-flex\" style=\"padding-top:var(--wp--preset--spacing--30)\">\n<h3 class=\"wp-block-heading\" style=\"padding-top:var(--wp--preset--spacing--20)\"><a href=\"https:\/\/iria.upc.edu\/index.php\/le_arquitectura-legal-i-valoracions\/\">Arquitectura legal i valoracions<\/a><\/h3>\n\n\n\n<p class=\"has-accent-4-color has-text-color has-link-color has-small-font-size wp-elements-25659acc0b670522629bb37c5fdfdf53\">Estudis orientats a l\u2019aplicaci\u00f3 de criteris legals, d\u2019equitat i governan\u00e7a urbana, incloent mediaci\u00f3, peritatge i valoracions.<br><\/p>\n<\/div>\n\n\n<\/div>\n<\/div>\n<\/div>\n\n\n\n<div class=\"wp-block-group alignfull is-style-default has-base-background-color has-background is-layout-flow wp-container-core-group-is-layout-2fa6ea01 wp-block-group-is-layout-flow\" style=\"padding-right:var(--wp--preset--spacing--60);padding-left:var(--wp--preset--spacing--20)\">\n<div class=\"wp-block-columns alignwide is-layout-flex wp-container-core-columns-is-layout-28f84493 wp-block-columns-is-layout-flex\">\n<div class=\"wp-block-column is-vertically-aligned-center is-layout-flow wp-block-column-is-layout-flow\" style=\"flex-basis:50%\">\n<div class=\"wp-block-stackable-text stk-block-text stk-block stk-dd13c8e\" data-block-id=\"dd13c8e\"><style>.stk-dd13c8e {border-style:solid !important;border-top-width:0px !important;border-right-width:0px !important;border-bottom-width:0px !important;border-left-width:0px !important;margin-left:80px !important;}.stk-dd13c8e .stk-block-text__text{font-size:var(u002du002dstku002du002dpresetu002du002dfont-sizeu002du002dx-large, 1.75rem) !important;}@media screen and (max-width: 1023px){.stk-dd13c8e .stk-block-text__text{font-size:var(u002du002dstku002du002dpresetu002du002dfont-sizeu002du002dx-large, 1.75rem) !important;}}<\/style><p class=\"stk-block-text__text\"><strong>Aportacions<\/strong><\/p><\/div>\n<\/div>\n<\/div>\n\n\n\n<div class=\"wp-block-columns alignwide is-layout-flex wp-container-core-columns-is-layout-e79a657b wp-block-columns-is-layout-flex\" style=\"padding-top:0\">\n<div class=\"wp-block-column is-layout-flow wp-block-column-is-layout-flow\"><\/div>\n\n\n\n<div class=\"wp-block-column is-layout-flow wp-block-column-is-layout-flow\">\n<p class=\"has-text-color has-extra-small-font-size\" style=\"color:#000000\">Realitzaci\u00f3 d&#8217;un aixecament cient\u00edfic de la Fa\u00e7ana del Naixement de la Sagrada Fam\u00edlia. <a href=\"https:\/\/zonavideo.upc.edu\/video\/60ef1e63a5ad8c2add49de78\">https:\/\/zonavideo.upc.edu\/video\/60ef1e63a5ad8c2add49de78<\/a><\/p>\n\n\n\n<p class=\"has-text-color has-extra-small-font-size\" style=\"color:#000000\">Recerca sobre l&#8217;evoluci\u00f3 arquitect\u00f2nica del Palau Reial de Barcelona.Elaboraci\u00f3 d&#8217;un model tridimensional dels interiors de l&#8217;Avantcambra i la Capella Reial. <a href=\"https:\/\/www.barcelona.cat\/museuhistoria\/es\/formatos-y-actividades\/posits\/pedra-i-poder-el-palau-major-de-barcelona\">https:\/\/www.barcelona.cat\/museuhistoria\/es\/formatos-y-actividades\/posits\/pedra-i-poder-el-palau-major-de-barcelona<\/a><\/p>\n\n\n\n<p class=\"has-text-color has-extra-small-font-size\" style=\"color:#000000\">Aplicaci\u00f3 Barcino 3D para Android, Ipad i Iphone. <a href=\"https:\/\/vimac.upc.edu\/ca\/noticies\/recordant-barcino3d\">https:\/\/vimac.upc.edu\/ca\/noticies\/recordant-barcino3d<\/a><\/p>\n\n\n\n<p class=\"has-text-color has-extra-small-font-size\" style=\"color:#000000\"><\/p>\n<\/div>\n\n\n\n<div class=\"wp-block-column is-layout-flow wp-block-column-is-layout-flow\">\n<p>Estudi i detecci\u00f3 d&#8217;\u00e0mbits de vulnerabilitat residencial a Barcelona. <a href=\"https:\/\/upcommons.upc.edu\/entities\/publication\/850ef4aa-d3ac-46b8-9ed5-2a14d74fd5b4\">https:\/\/upcommons.upc.edu\/entities\/publication\/850ef4aa-d3ac-46b8-9ed5-2a14d74fd5b4<\/a><\/p>\n\n\n\n<p class=\"has-text-color has-extra-small-font-size\" style=\"color:#000000\">Critical Review of Public Policies for the Rehabilitation of Housing Stock: The Case of Barcelona. <a href=\"https:\/\/upcommons.upc.edu\/entities\/publication\/42a3bc7f-fe41-4d32-8277-34a06a8906a4\">https:\/\/upcommons.upc.edu\/entities\/publication\/42a3bc7f-fe41-4d32-8277-34a06a8906a4<\/a><\/p>\n\n\n\n<p class=\"has-text-color has-extra-small-font-size\" style=\"color:#000000\"><\/p>\n<\/div>\n<\/div>\n<\/div>\n\n\n\n<div class=\"wp-block-group alignfull has-global-padding is-layout-constrained wp-container-core-group-is-layout-54af5b55 wp-block-group-is-layout-constrained\" style=\"margin-top:0;margin-bottom:0;padding-top:var(--wp--preset--spacing--60);padding-bottom:var(--wp--preset--spacing--60)\">\n<h2 class=\"wp-block-heading alignwide has-text-align-center has-x-large-font-size\">Grups de recerca<\/h2>\n\n\n\n<div class=\"wp-block-buttons alignwide has-custom-font-size has-medium-font-size is-content-justification-center is-layout-flex wp-container-core-buttons-is-layout-c124d1c4 wp-block-buttons-is-layout-flex\">\n<div class=\"wp-block-button\"><a class=\"wp-block-button__link wp-element-button\" href=\"https:\/\/qurbis.upc.edu\/es\">QURBIS &#8211; Quality of Urban Life: Innovation, Sustainability and Social Engagement<\/a><\/div>\n<\/div>\n\n\n\n<p class=\"has-text-align-center\" style=\"font-size:clamp(0.929rem, 0.929rem + ((1vw - 0.2rem) * 0.739), 1.4rem);\"><strong><a href=\"https:\/\/futur.upc.edu\/MariaPilarGarciaAlmirall\">Enlla\u00e7 a futur \u2197<\/a><\/strong><\/p>\n<\/div>\n","protected":false},"excerpt":{"rendered":"<p>Pilar Garc\u00eda Almirall CATEDR\u00c0TICA Actualment Catedr\u00e0tica a l\u2019ETSAB i Directora del VIMAC Lab https:\/\/vimac.upc.edu\/es. Ha impulsat el Grup Consolidat de Recerca QURBIS, i CPSV. Va ser Directora departament de Tecnologia de l\u2019Arquitectura UPC 2017-2025 i sotsdirectora ETSAB 2006- 2011.Experta en \u201cReal Estate\u201d ha liderat recerca innovadora en l\u2019avaluaci\u00f3 dels espais arquitect\u00f2nics, urbans i mediambientals, l\u2019habitatge [&hellip;]<\/p>\n","protected":false},"author":1,"featured_media":0,"parent":0,"menu_order":0,"comment_status":"closed","ping_status":"closed","template":"","meta":{"footnotes":""},"class_list":["post-1102","page","type-page","status-publish","hentry"],"_links":{"self":[{"href":"https:\/\/iria.upc.edu\/index.php\/wp-json\/wp\/v2\/pages\/1102","targetHints":{"allow":["GET"]}}],"collection":[{"href":"https:\/\/iria.upc.edu\/index.php\/wp-json\/wp\/v2\/pages"}],"about":[{"href":"https:\/\/iria.upc.edu\/index.php\/wp-json\/wp\/v2\/types\/page"}],"author":[{"embeddable":true,"href":"https:\/\/iria.upc.edu\/index.php\/wp-json\/wp\/v2\/users\/1"}],"replies":[{"embeddable":true,"href":"https:\/\/iria.upc.edu\/index.php\/wp-json\/wp\/v2\/comments?post=1102"}],"version-history":[{"count":8,"href":"https:\/\/iria.upc.edu\/index.php\/wp-json\/wp\/v2\/pages\/1102\/revisions"}],"predecessor-version":[{"id":1379,"href":"https:\/\/iria.upc.edu\/index.php\/wp-json\/wp\/v2\/pages\/1102\/revisions\/1379"}],"wp:attachment":[{"href":"https:\/\/iria.upc.edu\/index.php\/wp-json\/wp\/v2\/media?parent=1102"}],"curies":[{"name":"wp","href":"https:\/\/api.w.org\/{rel}","templated":true}]}}