{"id":1108,"date":"2026-03-03T14:16:57","date_gmt":"2026-03-03T14:16:57","guid":{"rendered":"https:\/\/iria.upc.edu\/?page_id=1108"},"modified":"2026-03-16T11:14:45","modified_gmt":"2026-03-16T11:14:45","slug":"queralt-garriga-gimeno","status":"publish","type":"page","link":"https:\/\/iria.upc.edu\/index.php\/queralt-garriga-gimeno\/","title":{"rendered":"Queralt Garriga Gimeno"},"content":{"rendered":"\n<div class=\"wp-block-group alignfull is-style-default is-content-justification-right is-nowrap is-layout-flex wp-container-core-group-is-layout-90217607 wp-block-group-is-layout-flex\" style=\"min-height:0vh;margin-top:0px;margin-bottom:45px;padding-top:0;padding-right:var(--wp--preset--spacing--40);padding-bottom:var(--wp--preset--spacing--40);padding-left:var(--wp--preset--spacing--40)\">\n<div class=\"wp-block-group is-content-justification-right is-nowrap is-layout-flex wp-container-core-group-is-layout-17934613 wp-block-group-is-layout-flex\">\n<h1 class=\"wp-block-heading has-text-align-left is-style-text-display is-style-text-display--1\" style=\"font-size:clamp(2.111rem, 2.111rem + ((1vw - 0.2rem) * 2.649), 3.8rem);\"><span style=\"color: #000000;\" class=\"stk-highlight\"><strong><em>Queralt Garriga Gimeno<\/em><\/strong><\/span><\/h1>\n<\/div>\n<\/div>\n\n\n\n<div class=\"wp-block-group alignfull is-style-section-1 has-global-padding is-layout-constrained wp-block-group-is-layout-constrained is-style-section-1--2\" style=\"margin-top:0;margin-bottom:0;padding-top:var(--wp--preset--spacing--40);padding-bottom:var(--wp--preset--spacing--40)\">\n<div class=\"wp-block-columns alignwide is-style-section-1 is-layout-flex wp-container-core-columns-is-layout-5715ff21 wp-block-columns-is-layout-flex is-style-section-1--3\" style=\"margin-top:0;padding-top:0;padding-bottom:0\">\n<div class=\"wp-block-column is-layout-flow wp-block-column-is-layout-flow\" style=\"padding-right:var(--wp--preset--spacing--50);flex-basis:45%\">\n<figure class=\"wp-block-image size-large\"><img loading=\"lazy\" decoding=\"async\" width=\"683\" height=\"1024\" src=\"https:\/\/iria.upc.edu\/wp-content\/uploads\/2026\/02\/queralt-garriga-683x1024.jpg\" alt=\"\" class=\"wp-image-910\" srcset=\"https:\/\/iria.upc.edu\/wp-content\/uploads\/2026\/02\/queralt-garriga-683x1024.jpg 683w, https:\/\/iria.upc.edu\/wp-content\/uploads\/2026\/02\/queralt-garriga-200x300.jpg 200w, https:\/\/iria.upc.edu\/wp-content\/uploads\/2026\/02\/queralt-garriga-768x1152.jpg 768w, https:\/\/iria.upc.edu\/wp-content\/uploads\/2026\/02\/queralt-garriga-1024x1536.jpg 1024w, https:\/\/iria.upc.edu\/wp-content\/uploads\/2026\/02\/queralt-garriga-1365x2048.jpg 1365w, https:\/\/iria.upc.edu\/wp-content\/uploads\/2026\/02\/queralt-garriga-scaled.jpg 1707w\" sizes=\"auto, (max-width: 683px) 100vw, 683px\" \/><\/figure>\n<\/div>\n\n\n\n<div class=\"wp-block-column is-vertically-aligned-center is-layout-flow wp-block-column-is-layout-flow\" style=\"padding-right:0;padding-left:0;flex-basis:50%\">\n<div class=\"wp-block-group is-vertical is-layout-flex wp-container-core-group-is-layout-fe9cc265 wp-block-group-is-layout-flex\">\n<h2 class=\"wp-block-heading is-style-text-annotation is-style-text-annotation--4\" style=\"font-size:clamp(0.875rem, 0.875rem + ((1vw - 0.2rem) * 0.667), 1.3rem);\">LECTORA SERRA-H\u00daNTER<\/h2>\n\n\n\n<pre class=\"wp-block-verse is-style-text-subtitle\" style=\"font-size:clamp(0.875rem, 0.875rem + ((1vw - 0.2rem) * 0.667), 1.3rem);\">Doctora Arquitecta amb menci\u00f3 internacional i excel\u00b7lent Cum Laude (UPC, 2015). Membre del grup de recerca ARIENS (Arquitectura, Ind\u00fastria, Enginyeria i Societat) i sotsdirectora de l\u2019Institut de Recerca Interdisciplinar en Arquitectura IRIA (UPC). Diploma d\u2019estudis avan\u00e7ats en Projectes Arquitect\u00f2nics (UPC, 2003), M\u00e0ster i Postgraduada en Gesti\u00f3 Cultural i del Patrimoni (UB, 2007 i UPF, 1999, i M\u00e0ster en Formaci\u00f3 del Professorat (UPC). Professora Lectora Serra H\u00fanter (2023) al Departament de Representaci\u00f3 Arquitect\u00f2nica de la Universitat Polit\u00e8cnica de Catalunya (ETSAB\/UPC) \u00e9s tamb\u00e9 consultora especialitzada en museografia, interpretaci\u00f3 i comunicaci\u00f3 del patrimoni constru\u00eft. Ha estat directora de la Fundaci\u00f3 Arquia (1996-2007) i Gerent de Cultura i Comunicaci\u00f3 del Col\u00b7legi d\u2019Arquitectes de Catalunya (2008-2009). Ha editat i comissariat diferents programes i plataformes culturals, entre d'altres, el proc\u00e9s de creaci\u00f3 de la Fundaci\u00f3 Enric Miralles (2009-2011). Escriu i investiga sobre la did\u00e0ctica i la comunicaci\u00f3 del coneixement arquitect\u00f2nic. Ha rebut el Premi FAD d'Arquitectura al conjunt de la producci\u00f3 editorial de la Fundaci\u00f3 Caixa d'Arquitectes (2008), el Premi extraordinari de Doctorat (UPC, 2017) i el Premi a la Qualitat en la Doc\u00e8ncia Universit\u00e0ria (UPC, 2021).<\/pre>\n<\/div>\n\n\n\n<div class=\"wp-block-group is-vertical is-layout-flex wp-container-core-group-is-layout-355c4241 wp-block-group-is-layout-flex\">\n<h2 class=\"wp-block-heading is-style-text-annotation is-style-text-annotation--5\" style=\"font-size:clamp(0.875rem, 0.875rem + ((1vw - 0.2rem) * 0.667), 1.3rem);\">ACTIVITAT INVESTIGADORA<\/h2>\n\n\n\n<pre class=\"wp-block-verse\" style=\"font-size:clamp(0.875rem, 0.875rem + ((1vw - 0.2rem) * 0.667), 1.3rem);\">Museu Dif\u00fas. Mediaci\u00f3 fenomenol\u00f2gica del patrimoni constru\u00eft.<br><br>F\u00f2rum IRIA 2026_Modes d\u2019operar: l\u2019arquitectura com a pr\u00e0ctica de coneixement.<br><br>Innovaci\u00f3 docent en l\u2019assignatura de Dibuix I i II (ETSAB\/UPC).<\/pre>\n\n\n\n<p style=\"font-size:13px\">Fundaci\u00f3 Mies van der Rohe; Oficina de la Capitalitat Mundial de l&#8217;Arquitectura, Barcelona 2026<\/p>\n<\/div>\n\n\n\n<div class=\"wp-block-group is-vertical is-layout-flex wp-container-core-group-is-layout-355c4241 wp-block-group-is-layout-flex\">\n<h2 class=\"wp-block-heading is-style-text-annotation is-style-text-annotation--6\" style=\"font-size:clamp(0.875rem, 0.875rem + ((1vw - 0.2rem) * 0.667), 1.3rem);\">SERVEIS DE TRANSFER\u00c8NCIA<\/h2>\n\n\n\n<pre class=\"wp-block-verse\" style=\"font-size:clamp(0.875rem, 0.875rem + ((1vw - 0.2rem) * 0.667), 1.3rem);\">Disseny de dispositius de mediaci\u00f3 arquitect\u00f2nica.<br>Assessorament en interpretaci\u00f3 del patrimoni arquitect\u00f2nic.<br>Projectes de museografia expandida i museologia territorial.<br>Comissariat i conceptualitzaci\u00f3 de programes culturals vinculats a l'arquitectura contempor\u00e0nia.<br>Estudis historico patrimonials.<br>Innovaci\u00f3 docent.<\/pre>\n<\/div>\n<\/div>\n<\/div>\n<\/div>\n\n\n\n<div class=\"wp-block-group alignfull has-global-padding is-layout-constrained wp-container-core-group-is-layout-ebee8dc1 wp-block-group-is-layout-constrained\" style=\"margin-top:0;margin-bottom:0;padding-top:var(--wp--preset--spacing--50);padding-bottom:var(--wp--preset--spacing--50)\">\n<h2 class=\"wp-block-heading alignwide\">L\u00ednies estrat\u00e8giques <\/h2>\n\n\n\n<div class=\"wp-block-columns alignwide is-layout-flex wp-container-core-columns-is-layout-28f84493 wp-block-columns-is-layout-flex\">\n<div class=\"wp-block-column is-layout-flow wp-container-core-column-is-layout-be95e8ed wp-block-column-is-layout-flow\" style=\"padding-top:0\">\n<figure class=\"wp-block-image size-full\"><a href=\"https:\/\/iria.upc.edu\/index.php\/le_patrimoni-arquitectonic-i-urba\/\"><img loading=\"lazy\" decoding=\"async\" width=\"2560\" height=\"2560\" src=\"https:\/\/iria.upc.edu\/wp-content\/uploads\/2025\/12\/prueba8-1-scaled.jpg\" alt=\"\" class=\"wp-image-422\" srcset=\"https:\/\/iria.upc.edu\/wp-content\/uploads\/2025\/12\/prueba8-1-scaled.jpg 2560w, https:\/\/iria.upc.edu\/wp-content\/uploads\/2025\/12\/prueba8-1-300x300.jpg 300w, https:\/\/iria.upc.edu\/wp-content\/uploads\/2025\/12\/prueba8-1-1024x1024.jpg 1024w, https:\/\/iria.upc.edu\/wp-content\/uploads\/2025\/12\/prueba8-1-150x150.jpg 150w, https:\/\/iria.upc.edu\/wp-content\/uploads\/2025\/12\/prueba8-1-768x768.jpg 768w, https:\/\/iria.upc.edu\/wp-content\/uploads\/2025\/12\/prueba8-1-1536x1536.jpg 1536w, https:\/\/iria.upc.edu\/wp-content\/uploads\/2025\/12\/prueba8-1-2048x2048.jpg 2048w\" sizes=\"auto, (max-width: 2560px) 100vw, 2560px\" \/><\/a><\/figure>\n\n\n\n<div class=\"wp-block-group is-vertical is-layout-flex wp-container-core-group-is-layout-971a3e1f wp-block-group-is-layout-flex\" style=\"padding-top:var(--wp--preset--spacing--30)\">\n<h3 class=\"wp-block-heading\" style=\"padding-top:var(--wp--preset--spacing--20)\"><a href=\"https:\/\/iria.upc.edu\/index.php\/le_patrimoni-arquitectonic-i-urba\/\">Patrimoni arquitect\u00f2nic i urb\u00e0<\/a><\/h3>\n\n\n\n<p class=\"has-accent-4-color has-text-color has-link-color has-small-font-size wp-elements-c4d712dddf7c3c4ff003de580876d7bb\">Recerca en conservaci\u00f3, restauraci\u00f3 i valoritzaci\u00f3 del patrimoni arquitect\u00f2nic i urb\u00e0 com a element cultural, social i territorial.<\/p>\n<\/div>\n\n\n<\/div>\n\n\n\n<div class=\"wp-block-column is-layout-flow wp-container-core-column-is-layout-be95e8ed wp-block-column-is-layout-flow\" style=\"padding-top:0\">\n<figure class=\"wp-block-image size-full\"><a href=\"https:\/\/iria.upc.edu\/index.php\/le_patrimoni-arquitectonic-i-urba-2\/\"><img loading=\"lazy\" decoding=\"async\" width=\"2560\" height=\"2560\" src=\"https:\/\/iria.upc.edu\/wp-content\/uploads\/2025\/12\/prueba10-scaled.jpg\" alt=\"\" class=\"wp-image-424\" srcset=\"https:\/\/iria.upc.edu\/wp-content\/uploads\/2025\/12\/prueba10-scaled.jpg 2560w, https:\/\/iria.upc.edu\/wp-content\/uploads\/2025\/12\/prueba10-300x300.jpg 300w, https:\/\/iria.upc.edu\/wp-content\/uploads\/2025\/12\/prueba10-1024x1024.jpg 1024w, https:\/\/iria.upc.edu\/wp-content\/uploads\/2025\/12\/prueba10-150x150.jpg 150w, https:\/\/iria.upc.edu\/wp-content\/uploads\/2025\/12\/prueba10-768x768.jpg 768w, https:\/\/iria.upc.edu\/wp-content\/uploads\/2025\/12\/prueba10-1536x1536.jpg 1536w, https:\/\/iria.upc.edu\/wp-content\/uploads\/2025\/12\/prueba10-2048x2048.jpg 2048w\" sizes=\"auto, (max-width: 2560px) 100vw, 2560px\" \/><\/a><\/figure>\n\n\n\n<div class=\"wp-block-group is-vertical is-layout-flex wp-container-core-group-is-layout-971a3e1f wp-block-group-is-layout-flex\" style=\"padding-top:var(--wp--preset--spacing--30)\">\n<h3 class=\"wp-block-heading\" style=\"padding-top:var(--wp--preset--spacing--20)\"><a href=\"https:\/\/iria.upc.edu\/index.php\/le_patrimoni-arquitectonic-i-urba-2\/\">Historia i teoria de l&#8217;arquitectura<\/a><\/h3>\n\n\n\n<p class=\"has-accent-4-color has-text-color has-link-color has-small-font-size wp-elements-d60f6fbec0e66dad2e14c6eab50ab8e0\">An\u00e0lisi hist\u00f2rica, te\u00f2rica i cr\u00edtica de l\u2019arquitectura i la ciutat, amb enfocaments transversals i interdisciplinaris.<\/p>\n<\/div>\n\n\n<\/div>\n\n\n\n<div class=\"wp-block-column is-layout-flow wp-container-core-column-is-layout-be95e8ed wp-block-column-is-layout-flow\" style=\"padding-top:0\">\n<figure class=\"wp-block-image size-full\"><a href=\"https:\/\/iria.upc.edu\/index.php\/le_representacio-i-comunicacio\/\"><img loading=\"lazy\" decoding=\"async\" width=\"2232\" height=\"2232\" src=\"https:\/\/iria.upc.edu\/wp-content\/uploads\/2025\/12\/Jueves-28-Oct-1-6-1.jpg\" alt=\"\" class=\"wp-image-698\" srcset=\"https:\/\/iria.upc.edu\/wp-content\/uploads\/2025\/12\/Jueves-28-Oct-1-6-1.jpg 2232w, https:\/\/iria.upc.edu\/wp-content\/uploads\/2025\/12\/Jueves-28-Oct-1-6-1-300x300.jpg 300w, https:\/\/iria.upc.edu\/wp-content\/uploads\/2025\/12\/Jueves-28-Oct-1-6-1-1024x1024.jpg 1024w, https:\/\/iria.upc.edu\/wp-content\/uploads\/2025\/12\/Jueves-28-Oct-1-6-1-150x150.jpg 150w, https:\/\/iria.upc.edu\/wp-content\/uploads\/2025\/12\/Jueves-28-Oct-1-6-1-768x768.jpg 768w, https:\/\/iria.upc.edu\/wp-content\/uploads\/2025\/12\/Jueves-28-Oct-1-6-1-1536x1536.jpg 1536w, https:\/\/iria.upc.edu\/wp-content\/uploads\/2025\/12\/Jueves-28-Oct-1-6-1-2048x2048.jpg 2048w\" sizes=\"auto, (max-width: 2232px) 100vw, 2232px\" \/><\/a><\/figure>\n\n\n\n<div class=\"wp-block-group is-vertical is-layout-flex wp-container-core-group-is-layout-971a3e1f wp-block-group-is-layout-flex\" style=\"padding-top:var(--wp--preset--spacing--30)\">\n<h3 class=\"wp-block-heading\" style=\"padding-top:var(--wp--preset--spacing--20)\"><a href=\"https:\/\/iria.upc.edu\/index.php\/le_representacio-i-comunicacio\/\">Representaci\u00f3 i comunicaci\u00f3<\/a><\/h3>\n\n\n\n<p class=\"has-accent-4-color has-text-color has-link-color has-small-font-size wp-elements-fade66383866eea06527282315db5547\">Desenvolupament d\u2019eines i processos de representaci\u00f3, gesti\u00f3 i comunicaci\u00f3 de l\u2019arquitectura, incloent tecnologies digitals i intel\u00b7lig\u00e8ncia artificial.<\/p>\n<\/div>\n\n\n<\/div>\n<\/div>\n<\/div>\n\n\n\n<div class=\"wp-block-group alignfull is-style-default has-base-background-color has-background is-layout-flow wp-container-core-group-is-layout-2fa6ea01 wp-block-group-is-layout-flow\" style=\"padding-right:var(--wp--preset--spacing--60);padding-left:var(--wp--preset--spacing--20)\">\n<div class=\"wp-block-columns alignwide is-layout-flex wp-container-core-columns-is-layout-28f84493 wp-block-columns-is-layout-flex\">\n<div class=\"wp-block-column is-vertically-aligned-center is-layout-flow wp-block-column-is-layout-flow\" style=\"flex-basis:50%\">\n<div class=\"wp-block-stackable-text stk-block-text stk-block stk-dd13c8e\" data-block-id=\"dd13c8e\"><style>.stk-dd13c8e {border-style:solid !important;border-top-width:0px !important;border-right-width:0px !important;border-bottom-width:0px !important;border-left-width:0px !important;margin-left:80px !important;}.stk-dd13c8e .stk-block-text__text{font-size:var(u002du002dstku002du002dpresetu002du002dfont-sizeu002du002dx-large, 1.75rem) !important;}@media screen and (max-width: 1023px){.stk-dd13c8e .stk-block-text__text{font-size:var(u002du002dstku002du002dpresetu002du002dfont-sizeu002du002dx-large, 1.75rem) !important;}}<\/style><p class=\"stk-block-text__text\"><strong>Aportacions<\/strong><\/p><\/div>\n<\/div>\n<\/div>\n\n\n\n<div class=\"wp-block-columns alignwide is-layout-flex wp-container-core-columns-is-layout-e79a657b wp-block-columns-is-layout-flex\" style=\"padding-top:0\">\n<div class=\"wp-block-column is-layout-flow wp-block-column-is-layout-flow\"><\/div>\n\n\n\n<div class=\"wp-block-column is-layout-flow wp-block-column-is-layout-flow\">\n<p class=\"has-text-color has-extra-small-font-size\" style=\"color:#000000\">Projecte de deu audioguies per a la Capitalitat Mundial de l\u2019Arquitectura Barcelona 2026, concebudes com a dispositius de transfer\u00e8ncia de coneixement que situen el ciutad\u00e0 davant l\u2019arquitectura no com a espectador informat, sin\u00f3 com a subjecte perceptiu conscient.<\/p>\n\n\n\n<p class=\"has-text-color has-extra-small-font-size\" style=\"color:#000000\">Garriga, Q. Architecture as Experience: Reimagining Heritage Interpretation through Situated Perception. The Case of the Barcelona Pavilion. DisegnareCON. 2025. Volum: 18. N\u00famero: 35. P\u00e0gs.: 5.3 ~ 5.10. <a href=\"https:\/\/doi.org\/10.20365\/disegnarecon.35.2025.5\">https:\/\/doi.org\/10.20365\/disegnarecon.35.2025.5<\/a><\/p>\n\n\n\n<p class=\"has-text-color has-extra-small-font-size\" style=\"color:#000000\">Pallasmaa, J.; Garriga, Q. Dibujo a mano: por qu\u00e9 sigue siendo importante para los arquitectos en la era digital. EGA. Revista de expresi\u00f3n gr\u00e1fica arquitect\u00f3nica. 2025. Volum: 30. P\u00e0gs.: 52 ~ 69. <a href=\"https:\/\/doi.org\/10.4995\/ega.2025.23427\">https:\/\/doi.org\/10.4995\/ega.2025.23427<\/a><\/p>\n\n\n\n<p class=\"has-text-color has-extra-small-font-size\" style=\"color:#000000\"><\/p>\n<\/div>\n\n\n\n<div class=\"wp-block-column is-layout-flow wp-block-column-is-layout-flow\">\n<p>Garriga, Q. Arquitectura en exposici\u00f3n: trascendiendo el paradigma cl\u00e1sico. Ediciones Asim\u00e9tricas. 2022. ISBN: 978-84-19050-16-8.<\/p>\n\n\n\n<p class=\"has-text-color has-extra-small-font-size\" style=\"color:#000000\">Garriga, Q.; Grau, M. Maria Dolores Gimeno: materia elocuente. Gobierno de Arag\u00f3n. Departamento de Educaci\u00f3n, Cultura y Deporte. 2024.<\/p>\n\n\n\n<p class=\"has-text-color has-extra-small-font-size\" style=\"color:#000000\"><\/p>\n<\/div>\n<\/div>\n<\/div>\n\n\n\n<div class=\"wp-block-group alignfull has-global-padding is-layout-constrained wp-container-core-group-is-layout-54af5b55 wp-block-group-is-layout-constrained\" style=\"margin-top:0;margin-bottom:0;padding-top:var(--wp--preset--spacing--60);padding-bottom:var(--wp--preset--spacing--60)\">\n<h2 class=\"wp-block-heading alignwide has-text-align-center has-x-large-font-size\">Grups de recerca<\/h2>\n\n\n\n<div class=\"wp-block-buttons alignwide has-custom-font-size has-medium-font-size is-content-justification-center is-layout-flex wp-container-core-buttons-is-layout-c124d1c4 wp-block-buttons-is-layout-flex\">\n<div class=\"wp-block-button\"><a class=\"wp-block-button__link wp-element-button\">ARIENS &#8211; Arquitectura, Ind\u00fastria, Enginyeria i Societat Sostenible<\/a><\/div>\n<\/div>\n\n\n\n<p class=\"has-text-align-center\" style=\"font-size:clamp(0.929rem, 0.929rem + ((1vw - 0.2rem) * 0.739), 1.4rem);\"><strong><a href=\"https:\/\/futur.upc.edu\/QueraltGarrigaGimeno\">Enlla\u00e7 a futur \u2197<\/a><\/strong><\/p>\n<\/div>\n","protected":false},"excerpt":{"rendered":"<p>Queralt Garriga Gimeno LECTORA SERRA-H\u00daNTER Doctora Arquitecta amb menci\u00f3 internacional i excel\u00b7lent Cum Laude (UPC, 2015). Membre del grup de recerca ARIENS (Arquitectura, Ind\u00fastria, Enginyeria i Societat) i sotsdirectora de l\u2019Institut de Recerca Interdisciplinar en Arquitectura IRIA (UPC). Diploma d\u2019estudis avan\u00e7ats en Projectes Arquitect\u00f2nics (UPC, 2003), M\u00e0ster i Postgraduada en Gesti\u00f3 Cultural i del Patrimoni [&hellip;]<\/p>\n","protected":false},"author":1,"featured_media":0,"parent":0,"menu_order":0,"comment_status":"closed","ping_status":"closed","template":"","meta":{"footnotes":""},"class_list":["post-1108","page","type-page","status-publish","hentry"],"_links":{"self":[{"href":"https:\/\/iria.upc.edu\/index.php\/wp-json\/wp\/v2\/pages\/1108","targetHints":{"allow":["GET"]}}],"collection":[{"href":"https:\/\/iria.upc.edu\/index.php\/wp-json\/wp\/v2\/pages"}],"about":[{"href":"https:\/\/iria.upc.edu\/index.php\/wp-json\/wp\/v2\/types\/page"}],"author":[{"embeddable":true,"href":"https:\/\/iria.upc.edu\/index.php\/wp-json\/wp\/v2\/users\/1"}],"replies":[{"embeddable":true,"href":"https:\/\/iria.upc.edu\/index.php\/wp-json\/wp\/v2\/comments?post=1108"}],"version-history":[{"count":9,"href":"https:\/\/iria.upc.edu\/index.php\/wp-json\/wp\/v2\/pages\/1108\/revisions"}],"predecessor-version":[{"id":1384,"href":"https:\/\/iria.upc.edu\/index.php\/wp-json\/wp\/v2\/pages\/1108\/revisions\/1384"}],"wp:attachment":[{"href":"https:\/\/iria.upc.edu\/index.php\/wp-json\/wp\/v2\/media?parent=1108"}],"curies":[{"name":"wp","href":"https:\/\/api.w.org\/{rel}","templated":true}]}}