{"id":1136,"date":"2026-03-03T15:47:06","date_gmt":"2026-03-03T15:47:06","guid":{"rendered":"https:\/\/iria.upc.edu\/?page_id=1136"},"modified":"2026-03-16T11:27:40","modified_gmt":"2026-03-16T11:27:40","slug":"cristina-pardal-march","status":"publish","type":"page","link":"https:\/\/iria.upc.edu\/index.php\/cristina-pardal-march\/","title":{"rendered":"Cristina Pardal March"},"content":{"rendered":"\n<div class=\"wp-block-group alignfull is-style-default is-content-justification-right is-nowrap is-layout-flex wp-container-core-group-is-layout-90217607 wp-block-group-is-layout-flex\" style=\"min-height:0vh;margin-top:0px;margin-bottom:45px;padding-top:0;padding-right:var(--wp--preset--spacing--40);padding-bottom:var(--wp--preset--spacing--40);padding-left:var(--wp--preset--spacing--40)\">\n<div class=\"wp-block-group is-content-justification-right is-nowrap is-layout-flex wp-container-core-group-is-layout-17934613 wp-block-group-is-layout-flex\">\n<h1 class=\"wp-block-heading has-text-align-left is-style-text-display is-style-text-display--1\" style=\"font-size:clamp(2.111rem, 2.111rem + ((1vw - 0.2rem) * 2.649), 3.8rem);\"><span style=\"color: #000000;\" class=\"stk-highlight\"><strong><em>Cristina Pardal March<\/em><\/strong><\/span><\/h1>\n<\/div>\n<\/div>\n\n\n\n<div class=\"wp-block-group alignfull is-style-section-1 has-global-padding is-layout-constrained wp-block-group-is-layout-constrained is-style-section-1--2\" style=\"margin-top:0;margin-bottom:0;padding-top:var(--wp--preset--spacing--40);padding-bottom:var(--wp--preset--spacing--40)\">\n<div class=\"wp-block-columns alignwide is-style-section-1 is-layout-flex wp-container-core-columns-is-layout-5715ff21 wp-block-columns-is-layout-flex is-style-section-1--3\" style=\"margin-top:0;padding-top:0;padding-bottom:0\">\n<div class=\"wp-block-column is-layout-flow wp-block-column-is-layout-flow\" style=\"padding-right:var(--wp--preset--spacing--50);flex-basis:45%\">\n<figure class=\"wp-block-image size-large\"><img loading=\"lazy\" decoding=\"async\" width=\"683\" height=\"1024\" src=\"https:\/\/iria.upc.edu\/wp-content\/uploads\/2026\/02\/pardal-okok-683x1024.jpg\" alt=\"\" class=\"wp-image-968\" srcset=\"https:\/\/iria.upc.edu\/wp-content\/uploads\/2026\/02\/pardal-okok-683x1024.jpg 683w, https:\/\/iria.upc.edu\/wp-content\/uploads\/2026\/02\/pardal-okok-200x300.jpg 200w, https:\/\/iria.upc.edu\/wp-content\/uploads\/2026\/02\/pardal-okok-768x1152.jpg 768w, https:\/\/iria.upc.edu\/wp-content\/uploads\/2026\/02\/pardal-okok-1024x1536.jpg 1024w, https:\/\/iria.upc.edu\/wp-content\/uploads\/2026\/02\/pardal-okok-1365x2048.jpg 1365w, https:\/\/iria.upc.edu\/wp-content\/uploads\/2026\/02\/pardal-okok-scaled.jpg 1707w\" sizes=\"auto, (max-width: 683px) 100vw, 683px\" \/><\/figure>\n<\/div>\n\n\n\n<div class=\"wp-block-column is-vertically-aligned-center is-layout-flow wp-block-column-is-layout-flow\" style=\"padding-right:0;padding-left:0;flex-basis:50%\">\n<div class=\"wp-block-group is-vertical is-layout-flex wp-container-core-group-is-layout-fe9cc265 wp-block-group-is-layout-flex\">\n<h2 class=\"wp-block-heading is-style-text-annotation is-style-text-annotation--4\" style=\"font-size:clamp(0.875rem, 0.875rem + ((1vw - 0.2rem) * 0.667), 1.3rem);\">AGREGADA<\/h2>\n<\/div>\n\n\n\n<pre class=\"wp-block-verse is-style-text-subtitle\" style=\"font-size:clamp(0.875rem, 0.875rem + ((1vw - 0.2rem) * 0.667), 1.3rem);\">Arquitecta per l\u2019Escola T\u00e8cnica Superior d\u2019Arquitectura de Barcelona des de 1996 i doctora europea en 2010 per la mateixa instituci\u00f3 un cop finalitzada una estada de recerca a TU Dortmund (Alemanya).<br><br>El 1996 va obrir el seu propi estudi, on va desenvolupar principalment projectes residencials i rehabilitacions de fa\u00e7anes fins al 2004. Va col\u00b7laborar amb despatxos d\u2019arquitectura com Clotet-Paricio, MAP Arquitectes i Octavio Mestre. Recentment ha participat en projectes d'arquitectura com la rehabilitaci\u00f3 parcial de l\u2019edifici de CCOO a Via Laietana i la proposta de remodelaci\u00f3 del mur cortina del MACBA.<br>Des de 2001 \u00e9s professora de Construcci\u00f3 Arquitect\u00f2nica a l\u2019ETSAB i a l\u2019ETSAV. Imparteix doc\u00e8ncia en m\u00e0sters especialitzats, ha estat professora visitant a l\u2019IUAV de Ven\u00e8cia (2015) i ha participat en tallers internacionals. \u00c9s tutora de projectes finals de grau i m\u00e0ster i de tesis doctorals.<br>\u00c9s coautora, amb Ignacio Paricio, del llibre La Fachada Ventilada y Ligera i de diversos articles especialitzats. Coordinadora amb Enrique Corbat del llibre Integrative Fa\u00e7ades. Everything that can happen between inside and outside. Coordina la plataforma digital <a href=\"https:\/\/www.facad3s.net\/\" data-type=\"link\" data-id=\"facas3s.net\">facad3s.net<\/a>.<br><br>Entre 2008 i finals de 2011 va ser investigadora s\u00e8nior a iMat, on va desenvolupar sistemes constructius innovadors transferits a la ind\u00fastria local, fet que va donar lloc a quatre patents. Posteriorment ha continuat aquesta l\u00ednia de recerca a la universitat, tant mitjan\u00e7ant convenis amb la ind\u00fastria,  com en projectes competitius.<br> <br>Ha treballat com a consultora en patologies constructives, destacant l\u2019an\u00e0lisi del trencament de peces cer\u00e0miques a la fa\u00e7ana del Centro Bot\u00edn (Santander).<br>Va formar part de l\u2019equip del projecte europeu ERASMUS IMPAQT (2017\u20132019) per a la implantaci\u00f3 d\u2019una nova escola d\u2019arquitectura a la Nile University. Ha estat presidenta del jurat del Barcelona Building Construmat Award 2017 i membre de diversos jurats relacionats amb arquitectura, tecnologia i habitatge social a Catalunya.<\/pre>\n\n\n\n<div class=\"wp-block-group is-vertical is-layout-flex wp-container-core-group-is-layout-355c4241 wp-block-group-is-layout-flex\">\n<h2 class=\"wp-block-heading is-style-text-annotation is-style-text-annotation--5\" style=\"font-size:clamp(0.875rem, 0.875rem + ((1vw - 0.2rem) * 0.667), 1.3rem);\">ACTIVITAT INVESTIGADORA<\/h2>\n\n\n\n<pre class=\"wp-block-verse\" style=\"font-size:clamp(0.875rem, 0.875rem + ((1vw - 0.2rem) * 0.667), 1.3rem);\">Capitalitat Mundial de l'Arquitectura Barcelona 2026: Portar a debat el verd a les ciutats. La possibilitat que les ciutats siguin colonitzades per un verd subtil per\u00f2 continu. Un verd que connecta parcs i jardins. Un mantell que impregna les superf\u00edcies afectant les seves caracter\u00edstiques a nivell higrot\u00e8rmic, ac\u00fastic i visual. Un verd que permet guarir les ferides que les ciutats s\u00f3n en la natura. Un verd que dona vida. Accions: Confer\u00e8ncies, Rutes, Mitgera rehabilitada.<br><br>SATE-VEG: Desenvolupament de sistema per a la rehabilitaci\u00f3 energ\u00e8tica de fa\u00e7anes obsoletes, capa\u00e7 de reduir l\u2019efecte d\u2019illa de calor a l\u2019espai urb\u00e0 mitjan\u00e7ant la incorporaci\u00f3 de verd i biodiversitat. SATE_VEG. <br>Sistema constructiu d\u2019a\u00efllament t\u00e8rmic exterior (SATE) amb acabat verd, basat en materials d\u2019origen biol\u00f2gic. La superposici\u00f3 de capes d\u2019a\u00efllament t\u00e8rmic \u2014suro i coco\u2014 actua com a substrat d\u2019arrelament, permetent el pas de l\u2019aigua i dels nutrients a trav\u00e9s del seu interior capil\u00b7lar. Tot i que nom\u00e9s es requereix l\u2019aigua m\u00ednima necess\u00e0ria per a les plantes estacionals, el revestiment de fa\u00e7ana amb a\u00efllament t\u00e8rmic \u00e9s capa\u00e7 de preservar el bon comportament t\u00e8rmic de l\u2019edifici.<br><br>Fa\u00e7anes integradores: Fa\u00e7anes que integren components diversos per tal de poder satisfer totes les funcions que li s\u00f3n requerides, principalment d\u2019acondicionament de l\u2019espai interior. Amplia les possibilitats d'integrar funcions a fa\u00e7ana atenent a la condici\u00f3 singular d'espai lim\u00edtrof.<\/pre>\n\n\n\n<p style=\"font-size:13px\">Trespa, Sempergreen, Hydro, Cortizo, Sch\u00fcco, Ari\u00f1o Douglass, Talleres Inox, AGAUR, Ajuntament de Barcelona, Fundaci\u00f3 Mies van der Rohe, estudi BIGA<\/p>\n<\/div>\n\n\n\n<div class=\"wp-block-group is-vertical is-layout-flex wp-container-core-group-is-layout-355c4241 wp-block-group-is-layout-flex\">\n<h2 class=\"wp-block-heading is-style-text-annotation is-style-text-annotation--6\" style=\"font-size:clamp(0.875rem, 0.875rem + ((1vw - 0.2rem) * 0.667), 1.3rem);\">SERVEIS DE TRANSFER\u00c8NCIA<\/h2>\n\n\n\n<pre class=\"wp-block-verse\" style=\"font-size:clamp(0.875rem, 0.875rem + ((1vw - 0.2rem) * 0.667), 1.3rem);\">Estudis prospectius orientats al desenvolupament de t\u00e8cniques i sistemes per a la construcci\u00f3 de l'arquitectura. Disseny i desenvolupament de sistemes constructius innovadors. Projecte arquitect\u00f2nic. Assessoria t\u00e8cnica en temes constructius.<\/pre>\n<\/div>\n<\/div>\n<\/div>\n<\/div>\n\n\n\n<div class=\"wp-block-group alignfull has-global-padding is-layout-constrained wp-container-core-group-is-layout-ebee8dc1 wp-block-group-is-layout-constrained\" style=\"margin-top:0;margin-bottom:0;padding-top:var(--wp--preset--spacing--50);padding-bottom:var(--wp--preset--spacing--50)\">\n<h2 class=\"wp-block-heading alignwide\">L\u00ednies estrat\u00e8giques <\/h2>\n\n\n\n<div class=\"wp-block-columns alignwide is-layout-flex wp-container-core-columns-is-layout-28f84493 wp-block-columns-is-layout-flex\">\n<div class=\"wp-block-column is-layout-flow wp-container-core-column-is-layout-be95e8ed wp-block-column-is-layout-flow\" style=\"padding-top:0\">\n<figure class=\"wp-block-gallery has-nested-images columns-default is-cropped wp-block-gallery-7 is-layout-flex wp-block-gallery-is-layout-flex\">\n<figure class=\"wp-block-image size-full\"><a href=\"https:\/\/iria.upc.edu\/index.php\/ae_habitatge\/\"><img loading=\"lazy\" decoding=\"async\" width=\"2560\" height=\"2560\" data-id=\"397\" src=\"https:\/\/iria.upc.edu\/wp-content\/uploads\/2025\/12\/prueba1-scaled.jpg\" alt=\"\" class=\"wp-image-397\" srcset=\"https:\/\/iria.upc.edu\/wp-content\/uploads\/2025\/12\/prueba1-scaled.jpg 2560w, https:\/\/iria.upc.edu\/wp-content\/uploads\/2025\/12\/prueba1-300x300.jpg 300w, https:\/\/iria.upc.edu\/wp-content\/uploads\/2025\/12\/prueba1-1024x1024.jpg 1024w, https:\/\/iria.upc.edu\/wp-content\/uploads\/2025\/12\/prueba1-150x150.jpg 150w, https:\/\/iria.upc.edu\/wp-content\/uploads\/2025\/12\/prueba1-768x768.jpg 768w, https:\/\/iria.upc.edu\/wp-content\/uploads\/2025\/12\/prueba1-1536x1536.jpg 1536w, https:\/\/iria.upc.edu\/wp-content\/uploads\/2025\/12\/prueba1-2048x2048.jpg 2048w\" sizes=\"auto, (max-width: 2560px) 100vw, 2560px\" \/><\/a><\/figure>\n<\/figure>\n\n\n\n<div class=\"wp-block-group is-vertical is-layout-flex wp-container-core-group-is-layout-971a3e1f wp-block-group-is-layout-flex\" style=\"padding-top:var(--wp--preset--spacing--30)\">\n<h3 class=\"wp-block-heading\" style=\"padding-top:var(--wp--preset--spacing--20)\"><a href=\"https:\/\/iria.upc.edu\/index.php\/ae_habitatge\/\" data-type=\"link\" data-id=\"https:\/\/iria.upc.edu\/index.php\/ae_habitatge\/\">Arquitectura i sostenibilitat<\/a><\/h3>\n\n\n\n<p class=\"has-accent-4-color has-text-color has-link-color has-small-font-size wp-elements-8f112f54b66f3b3a274f62ab06a88172\">Recerca orientada a desenvolupar projectes, sistemes i estrat\u00e8gies arquitect\u00f2niques que redueixin l\u2019impacte ambiental i promoguin un desenvolupament sostenible.<\/p>\n<\/div>\n\n\n<\/div>\n\n\n\n<div class=\"wp-block-column is-layout-flow wp-container-core-column-is-layout-be95e8ed wp-block-column-is-layout-flow\" style=\"padding-top:0\">\n<figure class=\"wp-block-image size-full\"><a href=\"https:\/\/iria.upc.edu\/index.php\/le_tecniques-i-tecnologies-de-les-estructures-i-la-construccio\/\"><img loading=\"lazy\" decoding=\"async\" width=\"2560\" height=\"2560\" src=\"https:\/\/iria.upc.edu\/wp-content\/uploads\/2025\/12\/tecnologies-scaled.jpg\" alt=\"\" class=\"wp-image-697\" style=\"aspect-ratio:1;object-fit:cover\" srcset=\"https:\/\/iria.upc.edu\/wp-content\/uploads\/2025\/12\/tecnologies-scaled.jpg 2560w, https:\/\/iria.upc.edu\/wp-content\/uploads\/2025\/12\/tecnologies-300x300.jpg 300w, https:\/\/iria.upc.edu\/wp-content\/uploads\/2025\/12\/tecnologies-1024x1024.jpg 1024w, https:\/\/iria.upc.edu\/wp-content\/uploads\/2025\/12\/tecnologies-150x150.jpg 150w, https:\/\/iria.upc.edu\/wp-content\/uploads\/2025\/12\/tecnologies-768x768.jpg 768w, https:\/\/iria.upc.edu\/wp-content\/uploads\/2025\/12\/tecnologies-1536x1536.jpg 1536w, https:\/\/iria.upc.edu\/wp-content\/uploads\/2025\/12\/tecnologies-2048x2048.jpg 2048w\" sizes=\"auto, (max-width: 2560px) 100vw, 2560px\" \/><\/a><\/figure>\n\n\n\n<div class=\"wp-block-group is-vertical is-layout-flex wp-container-core-group-is-layout-971a3e1f wp-block-group-is-layout-flex\" style=\"padding-top:var(--wp--preset--spacing--30)\">\n<h3 class=\"wp-block-heading\" style=\"padding-top:var(--wp--preset--spacing--20)\"><a href=\"https:\/\/iria.upc.edu\/index.php\/le_tecniques-i-tecnologies-de-les-estructures-i-la-construccio\/\">T\u00e8cniques i tecnologies de les estructures i la construcci\u00f3<\/a><\/h3>\n\n\n\n<p class=\"has-accent-4-color has-text-color has-link-color has-small-font-size wp-elements-27b0a64d769a502840f3d83111d63957\">Investigaci\u00f3 sobre sistemes estructurals, processos constructius i tecnologies aplicades a l\u2019edificaci\u00f3, tant tradicionals com innovadores.<\/p>\n<\/div>\n\n\n<\/div>\n\n\n\n<div class=\"wp-block-column is-layout-flow wp-container-core-column-is-layout-be95e8ed wp-block-column-is-layout-flow\" style=\"padding-top:0\">\n<figure class=\"wp-block-image size-full\"><a href=\"https:\/\/iria.upc.edu\/index.php\/le_innovacio-en-materials\/\"><img loading=\"lazy\" decoding=\"async\" width=\"1525\" height=\"1525\" src=\"https:\/\/iria.upc.edu\/wp-content\/uploads\/2025\/12\/innovacions-materials-1.jpg\" alt=\"\" class=\"wp-image-615\" srcset=\"https:\/\/iria.upc.edu\/wp-content\/uploads\/2025\/12\/innovacions-materials-1.jpg 1525w, https:\/\/iria.upc.edu\/wp-content\/uploads\/2025\/12\/innovacions-materials-1-300x300.jpg 300w, https:\/\/iria.upc.edu\/wp-content\/uploads\/2025\/12\/innovacions-materials-1-1024x1024.jpg 1024w, https:\/\/iria.upc.edu\/wp-content\/uploads\/2025\/12\/innovacions-materials-1-150x150.jpg 150w, https:\/\/iria.upc.edu\/wp-content\/uploads\/2025\/12\/innovacions-materials-1-768x768.jpg 768w\" sizes=\"auto, (max-width: 1525px) 100vw, 1525px\" \/><\/a><\/figure>\n\n\n\n<div class=\"wp-block-group is-vertical is-layout-flex wp-container-core-group-is-layout-971a3e1f wp-block-group-is-layout-flex\" style=\"padding-top:var(--wp--preset--spacing--30)\">\n<h3 class=\"wp-block-heading\" style=\"padding-top:var(--wp--preset--spacing--20)\"><a href=\"https:\/\/iria.upc.edu\/index.php\/le_innovacio-en-materials\/\">Innovaci\u00f3 en materials<\/a><\/h3>\n\n\n\n<p class=\"has-accent-4-color has-text-color has-link-color has-small-font-size wp-elements-90f5d5b44c3ab60404cb51afdbe0a3db\">Recerca i desenvolupament de nous materials i aplicacions innovadores en el proc\u00e9s constructiu, tant en recerca b\u00e0sica com aplicada.<\/p>\n<\/div>\n\n\n<\/div>\n<\/div>\n<\/div>\n\n\n\n<div class=\"wp-block-group alignfull is-style-default has-base-background-color has-background is-layout-flow wp-container-core-group-is-layout-2fa6ea01 wp-block-group-is-layout-flow\" style=\"padding-right:var(--wp--preset--spacing--60);padding-left:var(--wp--preset--spacing--20)\">\n<div class=\"wp-block-columns alignwide is-layout-flex wp-container-core-columns-is-layout-28f84493 wp-block-columns-is-layout-flex\">\n<div class=\"wp-block-column is-vertically-aligned-center is-layout-flow wp-block-column-is-layout-flow\" style=\"flex-basis:50%\">\n<div class=\"wp-block-stackable-text stk-block-text stk-block stk-dd13c8e\" data-block-id=\"dd13c8e\"><style>.stk-dd13c8e {border-style:solid !important;border-top-width:0px !important;border-right-width:0px !important;border-bottom-width:0px !important;border-left-width:0px !important;margin-left:80px !important;}.stk-dd13c8e .stk-block-text__text{font-size:var(u002du002dstku002du002dpresetu002du002dfont-sizeu002du002dx-large, 1.75rem) !important;}@media screen and (max-width: 1023px){.stk-dd13c8e .stk-block-text__text{font-size:var(u002du002dstku002du002dpresetu002du002dfont-sizeu002du002dx-large, 1.75rem) !important;}}<\/style><p class=\"stk-block-text__text\"><strong>Aportacions<\/strong><\/p><\/div>\n<\/div>\n<\/div>\n\n\n\n<div class=\"wp-block-columns alignwide is-layout-flex wp-container-core-columns-is-layout-e79a657b wp-block-columns-is-layout-flex\" style=\"padding-top:0\">\n<div class=\"wp-block-column is-layout-flow wp-block-column-is-layout-flow\"><\/div>\n\n\n\n<div class=\"wp-block-column is-layout-flow wp-block-column-is-layout-flow\">\n<p class=\"has-text-color has-extra-small-font-size\" style=\"color:#000000\">Integrative fa\u00e7ades: everything that can happen between inside and outside, coordinat per Pardal, C. i Corbat, E., i amb contribucions d\u2019un gran nombre de professionals d\u2019arreu del m\u00f3n. El llibre recull les reflexions resultants de nou cursos del M\u00e0ster MBArch dedicats a l\u2019estudi de la fa\u00e7ana integradora en l\u2019assignatura Envolupants Exteriors Integrades.<\/p>\n\n\n\n<p class=\"has-text-color has-extra-small-font-size\" style=\"color:#000000\">Projecte de I+D+i Sistema per la rehabilitaci\u00f3 energ\u00e8tica dels tancaments de fa\u00e7ana obsolets, capa\u00e7 de minvar l&#8217;efecte illa de calor a l\u2019espai urb\u00e0. SATE_VEG, Finan\u00e7at per l\u2019AGAUR, Ag\u00e8ncia de Gesti\u00f3 d&#8217;Ajuts Universitaris i de Recerca. Refer\u00e8ncia de la concessi\u00f3: 2021 LLAV 00003. Durada: des de\/d\u2019 12\/10\/2022 fins a 11\/07\/2023.<\/p>\n\n\n\n<p class=\"has-text-color has-extra-small-font-size\" style=\"color:#000000\">Projecte de I+D+i Disseny d&#8217;un sistema de lamel\u00b7les filtrants i fotocatal\u00edtiques pel sanejament de l&#8217;aire de ventilaci\u00f3 dels edificis. Sistema apte per ser incorporat en diverses configuracions de fa\u00e7ana de doble pell. Finan\u00e7at per l\u2019AGAUR, Ag\u00e8ncia de Gesti\u00f3 d&#8217;Ajuts Universitaris i de Recerca. Refer\u00e8ncia de la concessi\u00f3: 2018 LLAV 00011. Durada: des de\/d\u2019 01\/05\/2019 fins a 31\/01\/2020.<\/p>\n\n\n\n<p class=\"has-text-color has-extra-small-font-size\" style=\"color:#000000\"><\/p>\n<\/div>\n\n\n\n<div class=\"wp-block-column is-layout-flow wp-block-column-is-layout-flow\">\n<p>Participaci\u00f3 en un projecte de la Unit\u00e0 di recerca: Aree Dissmese e Riqualificazione Paesaggistica essent la responsable Esther Giani del Dipartimento di Architettura Construzione Conservazione de l\u2019escola d\u2019arquitectura de Ven\u00e8cia, IUAV.<\/p>\n\n\n\n<p class=\"has-text-color has-extra-small-font-size\" style=\"color:#000000\">Paricio, I.; Pardal, C. T\u00edtol: Esa escuela del Vall\u00e8s Any: 2018 Clau (A: article, R: review): A Revista (t\u00edtol, volum, p\u00e0gina inicial-final): AV monografias, 6 &#8211; 11 ISSN: 0213-487X<\/p>\n\n\n\n<p class=\"has-text-color has-extra-small-font-size\" style=\"color:#000000\"><\/p>\n<\/div>\n<\/div>\n<\/div>\n\n\n\n<div class=\"wp-block-group alignfull has-global-padding is-layout-constrained wp-container-core-group-is-layout-54af5b55 wp-block-group-is-layout-constrained\" style=\"margin-top:0;margin-bottom:0;padding-top:var(--wp--preset--spacing--60);padding-bottom:var(--wp--preset--spacing--60)\">\n<h2 class=\"wp-block-heading alignwide has-text-align-center has-x-large-font-size\">Grups de recerca<\/h2>\n\n\n\n<div class=\"wp-block-buttons alignwide has-custom-font-size has-medium-font-size is-content-justification-center is-layout-flex wp-container-core-buttons-is-layout-c124d1c4 wp-block-buttons-is-layout-flex\">\n<div class=\"wp-block-button\"><a class=\"wp-block-button__link wp-element-button\" href=\"https:\/\/cpm-arq.blogspot.com\/\">AiEM Arquitectura, energia i medi ambient<\/a><\/div>\n<\/div>\n\n\n\n<p class=\"has-text-align-center\" style=\"font-size:clamp(0.929rem, 0.929rem + ((1vw - 0.2rem) * 0.739), 1.4rem);\"><strong><a href=\"https:\/\/futur.upc.edu\/CristinaPardalMarch\">Enlla\u00e7 a futur \u2197<\/a><\/strong><\/p>\n<\/div>\n","protected":false},"excerpt":{"rendered":"<p>Cristina Pardal March AGREGADA Arquitecta per l\u2019Escola T\u00e8cnica Superior d\u2019Arquitectura de Barcelona des de 1996 i doctora europea en 2010 per la mateixa instituci\u00f3 un cop finalitzada una estada de recerca a TU Dortmund (Alemanya).El 1996 va obrir el seu propi estudi, on va desenvolupar principalment projectes residencials i rehabilitacions de fa\u00e7anes fins al 2004. [&hellip;]<\/p>\n","protected":false},"author":1,"featured_media":0,"parent":0,"menu_order":0,"comment_status":"closed","ping_status":"closed","template":"","meta":{"footnotes":""},"class_list":["post-1136","page","type-page","status-publish","hentry"],"_links":{"self":[{"href":"https:\/\/iria.upc.edu\/index.php\/wp-json\/wp\/v2\/pages\/1136","targetHints":{"allow":["GET"]}}],"collection":[{"href":"https:\/\/iria.upc.edu\/index.php\/wp-json\/wp\/v2\/pages"}],"about":[{"href":"https:\/\/iria.upc.edu\/index.php\/wp-json\/wp\/v2\/types\/page"}],"author":[{"embeddable":true,"href":"https:\/\/iria.upc.edu\/index.php\/wp-json\/wp\/v2\/users\/1"}],"replies":[{"embeddable":true,"href":"https:\/\/iria.upc.edu\/index.php\/wp-json\/wp\/v2\/comments?post=1136"}],"version-history":[{"count":9,"href":"https:\/\/iria.upc.edu\/index.php\/wp-json\/wp\/v2\/pages\/1136\/revisions"}],"predecessor-version":[{"id":1393,"href":"https:\/\/iria.upc.edu\/index.php\/wp-json\/wp\/v2\/pages\/1136\/revisions\/1393"}],"wp:attachment":[{"href":"https:\/\/iria.upc.edu\/index.php\/wp-json\/wp\/v2\/media?parent=1136"}],"curies":[{"name":"wp","href":"https:\/\/api.w.org\/{rel}","templated":true}]}}