{"id":1149,"date":"2026-03-03T16:02:15","date_gmt":"2026-03-03T16:02:15","guid":{"rendered":"https:\/\/iria.upc.edu\/?page_id=1149"},"modified":"2026-03-16T11:33:17","modified_gmt":"2026-03-16T11:33:17","slug":"inmaculada-rodriguez-cantalapiedra","status":"publish","type":"page","link":"https:\/\/iria.upc.edu\/index.php\/inmaculada-rodriguez-cantalapiedra\/","title":{"rendered":"Inmaculada Rodr\u00edguez Cantalapiedra"},"content":{"rendered":"\n<div class=\"wp-block-group alignfull is-style-default is-content-justification-right is-nowrap is-layout-flex wp-container-core-group-is-layout-90217607 wp-block-group-is-layout-flex\" style=\"min-height:0vh;margin-top:0px;margin-bottom:45px;padding-top:0;padding-right:var(--wp--preset--spacing--40);padding-bottom:var(--wp--preset--spacing--40);padding-left:var(--wp--preset--spacing--40)\">\n<div class=\"wp-block-group is-content-justification-right is-nowrap is-layout-flex wp-container-core-group-is-layout-17934613 wp-block-group-is-layout-flex\">\n<h1 class=\"wp-block-heading has-text-align-left is-style-text-display is-style-text-display--1\" style=\"font-size:clamp(2.111rem, 2.111rem + ((1vw - 0.2rem) * 2.649), 3.8rem);\"><span style=\"color: #000000;\" class=\"stk-highlight\"><strong><em>Inmaculada Rodr\u00edguez Cantalapiedra<\/em><\/strong><\/span><\/h1>\n<\/div>\n<\/div>\n\n\n\n<div class=\"wp-block-group alignfull is-style-section-1 has-global-padding is-layout-constrained wp-block-group-is-layout-constrained is-style-section-1--2\" style=\"margin-top:0;margin-bottom:0;padding-top:var(--wp--preset--spacing--40);padding-bottom:var(--wp--preset--spacing--40)\">\n<div class=\"wp-block-columns alignwide is-style-section-1 is-layout-flex wp-container-core-columns-is-layout-5715ff21 wp-block-columns-is-layout-flex is-style-section-1--3\" style=\"margin-top:0;padding-top:0;padding-bottom:0\">\n<div class=\"wp-block-column is-layout-flow wp-block-column-is-layout-flow\" style=\"padding-right:var(--wp--preset--spacing--50);flex-basis:45%\">\n<figure class=\"wp-block-image size-large\"><img loading=\"lazy\" decoding=\"async\" width=\"683\" height=\"1024\" src=\"https:\/\/iria.upc.edu\/wp-content\/uploads\/2026\/02\/cantalapiedra-683x1024.jpg\" alt=\"\" class=\"wp-image-971\" srcset=\"https:\/\/iria.upc.edu\/wp-content\/uploads\/2026\/02\/cantalapiedra-683x1024.jpg 683w, https:\/\/iria.upc.edu\/wp-content\/uploads\/2026\/02\/cantalapiedra-200x300.jpg 200w, https:\/\/iria.upc.edu\/wp-content\/uploads\/2026\/02\/cantalapiedra-768x1152.jpg 768w, https:\/\/iria.upc.edu\/wp-content\/uploads\/2026\/02\/cantalapiedra-1024x1536.jpg 1024w, https:\/\/iria.upc.edu\/wp-content\/uploads\/2026\/02\/cantalapiedra-1365x2048.jpg 1365w, https:\/\/iria.upc.edu\/wp-content\/uploads\/2026\/02\/cantalapiedra-scaled.jpg 1707w\" sizes=\"auto, (max-width: 683px) 100vw, 683px\" \/><\/figure>\n<\/div>\n\n\n\n<div class=\"wp-block-column is-vertically-aligned-center is-layout-flow wp-block-column-is-layout-flow\" style=\"padding-right:0;padding-left:0;flex-basis:50%\">\n<div class=\"wp-block-group is-vertical is-layout-flex wp-container-core-group-is-layout-fe9cc265 wp-block-group-is-layout-flex\">\n<h2 class=\"wp-block-heading is-style-text-annotation is-style-text-annotation--4\" style=\"font-size:clamp(0.875rem, 0.875rem + ((1vw - 0.2rem) * 0.667), 1.3rem);\">CATEDR\u00c0TICA<\/h2>\n<\/div>\n\n\n\n<pre class=\"wp-block-verse is-style-text-subtitle\" style=\"font-size:clamp(0.875rem, 0.875rem + ((1vw - 0.2rem) * 0.667), 1.3rem);\">Doctora i Llicenciada en Ci\u00e8ncies F\u00edsiques i Arquitecta T\u00e8cnica.<br><br>Especialista en la Caracteritzaci\u00f3 dels Materials de Construcci\u00f3, Efici\u00e8ncia Energ\u00e8tica, Ac\u00fastica Arquitect\u00f2nica i Aprenentatge Autom\u00e0tic d'alguns processos constructius, Din\u00e0mica Card\u00edaca, Din\u00e0mica no lineal.<\/pre>\n\n\n\n<div class=\"wp-block-group is-vertical is-layout-flex wp-container-core-group-is-layout-355c4241 wp-block-group-is-layout-flex\">\n<h2 class=\"wp-block-heading is-style-text-annotation is-style-text-annotation--5\" style=\"font-size:clamp(0.875rem, 0.875rem + ((1vw - 0.2rem) * 0.667), 1.3rem);\">ACTIVITAT INVESTIGADORA<\/h2>\n\n\n\n<pre class=\"wp-block-verse\" style=\"font-size:clamp(0.875rem, 0.875rem + ((1vw - 0.2rem) * 0.667), 1.3rem);\">Difusi\u00f3 de la Construcci\u00f3 amb Fusta, An\u00e0lisi dels processos ac\u00fastics a l'edificaci\u00f3.<\/pre>\n<\/div>\n\n\n\n<div class=\"wp-block-group is-vertical is-layout-flex wp-container-core-group-is-layout-355c4241 wp-block-group-is-layout-flex\">\n<h2 class=\"wp-block-heading is-style-text-annotation is-style-text-annotation--6\" style=\"font-size:clamp(0.875rem, 0.875rem + ((1vw - 0.2rem) * 0.667), 1.3rem);\">SERVEIS DE TRANSFER\u00c8NCIA<\/h2>\n\n\n\n<pre class=\"wp-block-verse\" style=\"font-size:clamp(0.875rem, 0.875rem + ((1vw - 0.2rem) * 0.667), 1.3rem);\">Serveis en ac\u00fastica.<br><\/pre>\n<\/div>\n<\/div>\n<\/div>\n<\/div>\n\n\n\n<div class=\"wp-block-group alignfull has-global-padding is-layout-constrained wp-container-core-group-is-layout-ebee8dc1 wp-block-group-is-layout-constrained\" style=\"margin-top:0;margin-bottom:0;padding-top:var(--wp--preset--spacing--50);padding-bottom:var(--wp--preset--spacing--50)\">\n<h2 class=\"wp-block-heading alignwide\">L\u00ednies estrat\u00e8giques <\/h2>\n\n\n\n<div class=\"wp-block-columns alignwide is-layout-flex wp-container-core-columns-is-layout-28f84493 wp-block-columns-is-layout-flex\">\n<div class=\"wp-block-column is-layout-flow wp-container-core-column-is-layout-be95e8ed wp-block-column-is-layout-flow\" style=\"padding-top:0\">\n<figure class=\"wp-block-gallery has-nested-images columns-default is-cropped wp-block-gallery-7 is-layout-flex wp-block-gallery-is-layout-flex\">\n<figure class=\"wp-block-image size-full\"><a href=\"https:\/\/iria.upc.edu\/index.php\/ae_habitatge\/\"><img loading=\"lazy\" decoding=\"async\" width=\"2560\" height=\"2560\" data-id=\"397\" src=\"https:\/\/iria.upc.edu\/wp-content\/uploads\/2025\/12\/prueba1-scaled.jpg\" alt=\"\" class=\"wp-image-397\" srcset=\"https:\/\/iria.upc.edu\/wp-content\/uploads\/2025\/12\/prueba1-scaled.jpg 2560w, https:\/\/iria.upc.edu\/wp-content\/uploads\/2025\/12\/prueba1-300x300.jpg 300w, https:\/\/iria.upc.edu\/wp-content\/uploads\/2025\/12\/prueba1-1024x1024.jpg 1024w, https:\/\/iria.upc.edu\/wp-content\/uploads\/2025\/12\/prueba1-150x150.jpg 150w, https:\/\/iria.upc.edu\/wp-content\/uploads\/2025\/12\/prueba1-768x768.jpg 768w, https:\/\/iria.upc.edu\/wp-content\/uploads\/2025\/12\/prueba1-1536x1536.jpg 1536w, https:\/\/iria.upc.edu\/wp-content\/uploads\/2025\/12\/prueba1-2048x2048.jpg 2048w\" sizes=\"auto, (max-width: 2560px) 100vw, 2560px\" \/><\/a><\/figure>\n<\/figure>\n\n\n\n<div class=\"wp-block-group is-vertical is-layout-flex wp-container-core-group-is-layout-971a3e1f wp-block-group-is-layout-flex\" style=\"padding-top:var(--wp--preset--spacing--30)\">\n<h3 class=\"wp-block-heading\" style=\"padding-top:var(--wp--preset--spacing--20)\"><a href=\"https:\/\/iria.upc.edu\/index.php\/ae_habitatge\/\" data-type=\"link\" data-id=\"https:\/\/iria.upc.edu\/index.php\/ae_habitatge\/\">Arquitectura i sostenibilitat<\/a><\/h3>\n\n\n\n<p class=\"has-accent-4-color has-text-color has-link-color has-small-font-size wp-elements-8f112f54b66f3b3a274f62ab06a88172\">Recerca orientada a desenvolupar projectes, sistemes i estrat\u00e8gies arquitect\u00f2niques que redueixin l\u2019impacte ambiental i promoguin un desenvolupament sostenible.<\/p>\n<\/div>\n\n\n<\/div>\n\n\n\n<div class=\"wp-block-column is-layout-flow wp-container-core-column-is-layout-be95e8ed wp-block-column-is-layout-flow\" style=\"padding-top:0\">\n<figure class=\"wp-block-image size-full\"><a href=\"https:\/\/iria.upc.edu\/index.php\/le_urbanisme-espai-public-i-comunitat\/\"><img loading=\"lazy\" decoding=\"async\" width=\"2560\" height=\"2560\" src=\"https:\/\/iria.upc.edu\/wp-content\/uploads\/2025\/12\/prueba6-scaled.jpg\" alt=\"\" class=\"wp-image-419\" srcset=\"https:\/\/iria.upc.edu\/wp-content\/uploads\/2025\/12\/prueba6-scaled.jpg 2560w, https:\/\/iria.upc.edu\/wp-content\/uploads\/2025\/12\/prueba6-300x300.jpg 300w, https:\/\/iria.upc.edu\/wp-content\/uploads\/2025\/12\/prueba6-1024x1024.jpg 1024w, https:\/\/iria.upc.edu\/wp-content\/uploads\/2025\/12\/prueba6-150x150.jpg 150w, https:\/\/iria.upc.edu\/wp-content\/uploads\/2025\/12\/prueba6-768x768.jpg 768w, https:\/\/iria.upc.edu\/wp-content\/uploads\/2025\/12\/prueba6-1536x1536.jpg 1536w, https:\/\/iria.upc.edu\/wp-content\/uploads\/2025\/12\/prueba6-2048x2048.jpg 2048w\" sizes=\"auto, (max-width: 2560px) 100vw, 2560px\" \/><\/a><\/figure>\n\n\n\n<div class=\"wp-block-group is-vertical is-layout-flex wp-container-core-group-is-layout-971a3e1f wp-block-group-is-layout-flex\" style=\"padding-top:var(--wp--preset--spacing--30)\">\n<h3 class=\"wp-block-heading\" style=\"padding-top:var(--wp--preset--spacing--20)\"><a href=\"https:\/\/iria.upc.edu\/index.php\/le_urbanisme-espai-public-i-comunitat\/\">Urbanisme, espai p\u00fablic i comunitat<\/a><\/h3>\n\n\n\n<p class=\"has-accent-4-color has-text-color has-link-color has-small-font-size wp-elements-a2cb4b038f69de5c183db7a5ce433dd3\">Estudis sobre la ciutat, l\u2019espai p\u00fablic i els teixits urbans amb l\u2019objectiu de fomentar la cohesi\u00f3 social, la qualitat urbana i la vida comunit\u00e0ria.<\/p>\n<\/div>\n\n\n<\/div>\n\n\n\n<div class=\"wp-block-column is-layout-flow wp-container-core-column-is-layout-be95e8ed wp-block-column-is-layout-flow\" style=\"padding-top:0\">\n<figure class=\"wp-block-image size-full\"><a href=\"https:\/\/iria.upc.edu\/index.php\/le_innovacio-en-materials\/\"><img loading=\"lazy\" decoding=\"async\" width=\"1525\" height=\"1525\" src=\"https:\/\/iria.upc.edu\/wp-content\/uploads\/2025\/12\/innovacions-materials-1.jpg\" alt=\"\" class=\"wp-image-615\" srcset=\"https:\/\/iria.upc.edu\/wp-content\/uploads\/2025\/12\/innovacions-materials-1.jpg 1525w, https:\/\/iria.upc.edu\/wp-content\/uploads\/2025\/12\/innovacions-materials-1-300x300.jpg 300w, https:\/\/iria.upc.edu\/wp-content\/uploads\/2025\/12\/innovacions-materials-1-1024x1024.jpg 1024w, https:\/\/iria.upc.edu\/wp-content\/uploads\/2025\/12\/innovacions-materials-1-150x150.jpg 150w, https:\/\/iria.upc.edu\/wp-content\/uploads\/2025\/12\/innovacions-materials-1-768x768.jpg 768w\" sizes=\"auto, (max-width: 1525px) 100vw, 1525px\" \/><\/a><\/figure>\n\n\n\n<div class=\"wp-block-group is-vertical is-layout-flex wp-container-core-group-is-layout-971a3e1f wp-block-group-is-layout-flex\" style=\"padding-top:var(--wp--preset--spacing--30)\">\n<h3 class=\"wp-block-heading\" style=\"padding-top:var(--wp--preset--spacing--20)\"><a href=\"https:\/\/iria.upc.edu\/index.php\/le_innovacio-en-materials\/\">Innovaci\u00f3 en materials<\/a><\/h3>\n\n\n\n<p class=\"has-accent-4-color has-text-color has-link-color has-small-font-size wp-elements-90f5d5b44c3ab60404cb51afdbe0a3db\">Recerca i desenvolupament de nous materials i aplicacions innovadores en el proc\u00e9s constructiu, tant en recerca b\u00e0sica com aplicada.<\/p>\n<\/div>\n\n\n<\/div>\n<\/div>\n<\/div>\n\n\n\n<div class=\"wp-block-group alignfull is-style-default has-base-background-color has-background is-layout-flow wp-container-core-group-is-layout-2fa6ea01 wp-block-group-is-layout-flow\" style=\"padding-right:var(--wp--preset--spacing--60);padding-left:var(--wp--preset--spacing--20)\">\n<div class=\"wp-block-columns alignwide is-layout-flex wp-container-core-columns-is-layout-28f84493 wp-block-columns-is-layout-flex\">\n<div class=\"wp-block-column is-vertically-aligned-center is-layout-flow wp-block-column-is-layout-flow\" style=\"flex-basis:50%\">\n<div class=\"wp-block-stackable-text stk-block-text stk-block stk-dd13c8e\" data-block-id=\"dd13c8e\"><style>.stk-dd13c8e {border-style:solid !important;border-top-width:0px !important;border-right-width:0px !important;border-bottom-width:0px !important;border-left-width:0px !important;margin-left:80px !important;}.stk-dd13c8e .stk-block-text__text{font-size:var(u002du002dstku002du002dpresetu002du002dfont-sizeu002du002dx-large, 1.75rem) !important;}@media screen and (max-width: 1023px){.stk-dd13c8e .stk-block-text__text{font-size:var(u002du002dstku002du002dpresetu002du002dfont-sizeu002du002dx-large, 1.75rem) !important;}}<\/style><p class=\"stk-block-text__text\"><strong>Aportacions<\/strong><\/p><\/div>\n<\/div>\n<\/div>\n\n\n\n<div class=\"wp-block-columns alignwide is-layout-flex wp-container-core-columns-is-layout-e79a657b wp-block-columns-is-layout-flex\" style=\"padding-top:0\">\n<div class=\"wp-block-column is-layout-flow wp-block-column-is-layout-flow\"><\/div>\n\n\n\n<div class=\"wp-block-column is-layout-flow wp-block-column-is-layout-flow\">\n<p class=\"has-text-color has-extra-small-font-size\" style=\"color:#000000\">Minimal model for calcium alternans due to SR release refractoriness.<\/p>\n\n\n\n<p class=\"has-text-color has-extra-small-font-size\" style=\"color:#000000\">Influence of the traditional slaking process on the lime putty characteristics.<\/p>\n\n\n\n<p class=\"has-text-color has-extra-small-font-size\" style=\"color:#000000\">Digital Revolution: Emerging Technologies for Enhancing Citizen Engagement in Urban and Environmental Management.<\/p>\n\n\n\n<p class=\"has-text-color has-extra-small-font-size\" style=\"color:#000000\"><\/p>\n<\/div>\n\n\n\n<div class=\"wp-block-column is-layout-flow wp-block-column-is-layout-flow\">\n<p>Acoustic evaluation of modular greenery noise barriers.<\/p>\n\n\n\n<p class=\"has-text-color has-extra-small-font-size\" style=\"color:#000000\">A new steel framing system for seismic protection of timber platform frame buildings. Implementation with hysteretic energy dissipators.<\/p>\n\n\n\n<p class=\"has-text-color has-extra-small-font-size\" style=\"color:#000000\"><\/p>\n<\/div>\n<\/div>\n<\/div>\n\n\n\n<div class=\"wp-block-group alignfull has-global-padding is-layout-constrained wp-container-core-group-is-layout-54af5b55 wp-block-group-is-layout-constrained\" style=\"margin-top:0;margin-bottom:0;padding-top:var(--wp--preset--spacing--60);padding-bottom:var(--wp--preset--spacing--60)\">\n<h2 class=\"wp-block-heading alignwide has-text-align-center has-x-large-font-size\">Grups de recerca<\/h2>\n\n\n\n<div class=\"wp-block-buttons alignwide has-custom-font-size has-medium-font-size is-content-justification-center is-layout-flex wp-container-core-buttons-is-layout-c124d1c4 wp-block-buttons-is-layout-flex\">\n<div class=\"wp-block-button\"><a class=\"wp-block-button__link wp-element-button\" href=\"https:\/\/gicited.upc.edu\/ca\/qui-som\/equip-huma\/inmaculada-rodriguez-cantalapiedra\">GICITED &#8211; Grup Interdiciplinari de Ci\u00e8ncia i Tecnologia en l&#8217;Edificaci\u00f3<\/a><\/div>\n<\/div>\n\n\n\n<p class=\"has-text-align-center\" style=\"font-size:clamp(0.929rem, 0.929rem + ((1vw - 0.2rem) * 0.739), 1.4rem);\"><strong><a href=\"https:\/\/futur.upc.edu\/InmaculadaRodriguezCantalapiedra\">Enlla\u00e7 a futur \u2197<\/a><\/strong><\/p>\n<\/div>\n","protected":false},"excerpt":{"rendered":"<p>Inmaculada Rodr\u00edguez Cantalapiedra CATEDR\u00c0TICA Doctora i Llicenciada en Ci\u00e8ncies F\u00edsiques i Arquitecta T\u00e8cnica.Especialista en la Caracteritzaci\u00f3 dels Materials de Construcci\u00f3, Efici\u00e8ncia Energ\u00e8tica, Ac\u00fastica Arquitect\u00f2nica i Aprenentatge Autom\u00e0tic d&#8217;alguns processos constructius, Din\u00e0mica Card\u00edaca, Din\u00e0mica no lineal. ACTIVITAT INVESTIGADORA Difusi\u00f3 de la Construcci\u00f3 amb Fusta, An\u00e0lisi dels processos ac\u00fastics a l&#8217;edificaci\u00f3. SERVEIS DE TRANSFER\u00c8NCIA Serveis en ac\u00fastica. [&hellip;]<\/p>\n","protected":false},"author":1,"featured_media":0,"parent":0,"menu_order":0,"comment_status":"closed","ping_status":"closed","template":"","meta":{"footnotes":""},"class_list":["post-1149","page","type-page","status-publish","hentry"],"_links":{"self":[{"href":"https:\/\/iria.upc.edu\/index.php\/wp-json\/wp\/v2\/pages\/1149","targetHints":{"allow":["GET"]}}],"collection":[{"href":"https:\/\/iria.upc.edu\/index.php\/wp-json\/wp\/v2\/pages"}],"about":[{"href":"https:\/\/iria.upc.edu\/index.php\/wp-json\/wp\/v2\/types\/page"}],"author":[{"embeddable":true,"href":"https:\/\/iria.upc.edu\/index.php\/wp-json\/wp\/v2\/users\/1"}],"replies":[{"embeddable":true,"href":"https:\/\/iria.upc.edu\/index.php\/wp-json\/wp\/v2\/comments?post=1149"}],"version-history":[{"count":7,"href":"https:\/\/iria.upc.edu\/index.php\/wp-json\/wp\/v2\/pages\/1149\/revisions"}],"predecessor-version":[{"id":1396,"href":"https:\/\/iria.upc.edu\/index.php\/wp-json\/wp\/v2\/pages\/1149\/revisions\/1396"}],"wp:attachment":[{"href":"https:\/\/iria.upc.edu\/index.php\/wp-json\/wp\/v2\/media?parent=1149"}],"curies":[{"name":"wp","href":"https:\/\/api.w.org\/{rel}","templated":true}]}}