{"id":1152,"date":"2026-03-03T16:06:37","date_gmt":"2026-03-03T16:06:37","guid":{"rendered":"https:\/\/iria.upc.edu\/?page_id=1152"},"modified":"2026-03-16T11:34:57","modified_gmt":"2026-03-16T11:34:57","slug":"maribel-rossello-nicolau","status":"publish","type":"page","link":"https:\/\/iria.upc.edu\/index.php\/maribel-rossello-nicolau\/","title":{"rendered":"Maribel Rossell\u00f3 Nicolau"},"content":{"rendered":"\n<div class=\"wp-block-group alignfull is-style-default is-content-justification-right is-nowrap is-layout-flex wp-container-core-group-is-layout-90217607 wp-block-group-is-layout-flex\" style=\"min-height:0vh;margin-top:0px;margin-bottom:45px;padding-top:0;padding-right:var(--wp--preset--spacing--40);padding-bottom:var(--wp--preset--spacing--40);padding-left:var(--wp--preset--spacing--40)\">\n<div class=\"wp-block-group is-content-justification-right is-nowrap is-layout-flex wp-container-core-group-is-layout-17934613 wp-block-group-is-layout-flex\">\n<h1 class=\"wp-block-heading has-text-align-left is-style-text-display is-style-text-display--1\" style=\"font-size:clamp(2.111rem, 2.111rem + ((1vw - 0.2rem) * 2.649), 3.8rem);\"><span style=\"color: #000000;\" class=\"stk-highlight\"><strong><em>Maribel Rossell\u00f3 Nicolau<\/em><\/strong><\/span><\/h1>\n<\/div>\n<\/div>\n\n\n\n<div class=\"wp-block-group alignfull is-style-section-1 has-global-padding is-layout-constrained wp-block-group-is-layout-constrained is-style-section-1--2\" style=\"margin-top:0;margin-bottom:0;padding-top:var(--wp--preset--spacing--40);padding-bottom:var(--wp--preset--spacing--40)\">\n<div class=\"wp-block-columns alignwide is-style-section-1 is-layout-flex wp-container-core-columns-is-layout-5715ff21 wp-block-columns-is-layout-flex is-style-section-1--3\" style=\"margin-top:0;padding-top:0;padding-bottom:0\">\n<div class=\"wp-block-column is-layout-flow wp-block-column-is-layout-flow\" style=\"padding-right:var(--wp--preset--spacing--50);flex-basis:45%\">\n<figure class=\"wp-block-image size-large\"><img loading=\"lazy\" decoding=\"async\" width=\"683\" height=\"1024\" src=\"https:\/\/iria.upc.edu\/wp-content\/uploads\/2026\/02\/maribel-683x1024.jpg\" alt=\"\" class=\"wp-image-972\" srcset=\"https:\/\/iria.upc.edu\/wp-content\/uploads\/2026\/02\/maribel-683x1024.jpg 683w, https:\/\/iria.upc.edu\/wp-content\/uploads\/2026\/02\/maribel-200x300.jpg 200w, https:\/\/iria.upc.edu\/wp-content\/uploads\/2026\/02\/maribel-768x1152.jpg 768w, https:\/\/iria.upc.edu\/wp-content\/uploads\/2026\/02\/maribel-1024x1536.jpg 1024w, https:\/\/iria.upc.edu\/wp-content\/uploads\/2026\/02\/maribel-1365x2048.jpg 1365w, https:\/\/iria.upc.edu\/wp-content\/uploads\/2026\/02\/maribel-scaled.jpg 1707w\" sizes=\"auto, (max-width: 683px) 100vw, 683px\" \/><\/figure>\n<\/div>\n\n\n\n<div class=\"wp-block-column is-vertically-aligned-center is-layout-flow wp-block-column-is-layout-flow\" style=\"padding-right:0;padding-left:0;flex-basis:50%\">\n<div class=\"wp-block-group is-vertical is-layout-flex wp-container-core-group-is-layout-fe9cc265 wp-block-group-is-layout-flex\">\n<h2 class=\"wp-block-heading is-style-text-annotation is-style-text-annotation--4\" style=\"font-size:clamp(0.875rem, 0.875rem + ((1vw - 0.2rem) * 0.667), 1.3rem);\">TITULAR<\/h2>\n<\/div>\n\n\n\n<pre class=\"wp-block-verse is-style-text-subtitle\" style=\"font-size:clamp(0.875rem, 0.875rem + ((1vw - 0.2rem) * 0.667), 1.3rem);\">Com a investigadora, s\u2019ha especialitzat en la hist\u00f2ria de l\u2019arquitectura a Catalunya durant els segles XIX i XX, i ha dedicat especial atenci\u00f3 a l\u2019estudi de l\u2019arquitectura de l\u2019habitatge i a l\u2019an\u00e0lisi i la valoraci\u00f3 dels seus interiors. <br>Els diferents projectes de recerca sobre l\u2019habitatge a Barcelona des del segle XIX fins a l\u2019actualitat en els que ha participat o ha estat investigadora principal, han donat lloc a un ampli nombre d\u2019articles indexats i de publicacions monogr\u00e0fiques que permeten un coneixement molt prec\u00eds de l\u2019habitatge contemporani a la ciutat. En aquesta l\u00ednia ha estat editora i coautora de les publicacions El Teixit residencial en la formaci\u00f3 de la metr\u00f2polis moderna: el cas de Barcelona 1840-1936 i de Les vivendes del Congr\u00e9s Eucar\u00edstic de Barcelona. 1952-1962. <br><br>Les recerques amb l\u2019equip Perif\u00e8ria han donat lloc a treballs que permeten un coneixement molt acurat de les transformacions dels habitatges i de les perif\u00e8ries urbanes durant la segona meitat del segle XX: La revoluci\u00f3 de l\u2019habitatge a les perif\u00e8ries obreres i populars. Nou barris 1939-1980 (Ajuntament de Barcelona, 2021);  \u201cWorking-class suburban housing, homeownership and urban social movements during Francoism in Barcelona, 1939\u20131975\u201d (Planning perspectives.  38-3, 2023) i \u201cLa revoluci\u00f3n residencial de la periferia obrera en Barcelona, 1939-1980: Nou Barris como estudio de caso\u201d (Scripta nova, 25-2, 2021). Tamb\u00e9 l\u2019exposici\u00f3 permanent  Allotjar les majories. Barcelona 1860-2010, MUHBA Bon Pastor. <br><br>Tamb\u00e9 ha estudiat des les formes de viure i l\u2019acc\u00e9s als serveis, els equipaments i al confort:  \u201cEl caso de la \u2018revoluci\u00f3n del agua\u2019 en Barcelona: de la ciudad preindustrial a la crisis mediambiental\u201d (Estudios del ISHIR, 2023); \u201cBarcelona's water supply, 1867-1967: the transition to a modern System\u201d (Urban history . 2013); \u00abL\u2019evoluci\u00f3 dins de l\u2019habitatge dels espais per a la higiene personal\u00bb, a La revoluci\u00f3 de l\u2019aigua a Barcelona. Aigua corrent i ciutat moderna, 1867-1967 i \u201cThe kitchen in urban dwellings in Barcelona, 1920\u20131950: out of step with modern architecture\u201d (Frontiers of architectural research, 2018).<\/pre>\n\n\n\n<div class=\"wp-block-group is-vertical is-layout-flex wp-container-core-group-is-layout-355c4241 wp-block-group-is-layout-flex\">\n<h2 class=\"wp-block-heading is-style-text-annotation is-style-text-annotation--5\" style=\"font-size:clamp(0.875rem, 0.875rem + ((1vw - 0.2rem) * 0.667), 1.3rem);\">ACTIVITAT INVESTIGADORA<\/h2>\n\n\n\n<pre class=\"wp-block-verse\" style=\"font-size:clamp(0.875rem, 0.875rem + ((1vw - 0.2rem) * 0.667), 1.3rem);\">Comunes urbanos y desigualdad en las periferias, PROCOMMON. 2025-10-01 a 2028-09-30. Universidad Aut\u00f3noma de Madrid. PID2024-157809NB-I00 <br><br>Cambio social y transformaci\u00f3n urbana en la Barcelona obrera: las grandes transformaciones en el barrio, el urbanismo y la vivienda en el eje del Bes\u00f3s, 1920-1980, PERIFERIA. 2023-09-01 al 2027-08-31. Departament de Teoria i Hist\u00f2ria de l'Arquitectura i T\u00e8cniques de Comunicaci\u00f3 (UPC). PID2022-136744NA-C32 <\/pre>\n\n\n\n<p style=\"font-size:13px\">Museu d&#8217;Hist\u00f2ria de Barcelona<\/p>\n<\/div>\n\n\n\n<div class=\"wp-block-group is-vertical is-layout-flex wp-container-core-group-is-layout-355c4241 wp-block-group-is-layout-flex\">\n<h2 class=\"wp-block-heading is-style-text-annotation is-style-text-annotation--6\" style=\"font-size:clamp(0.875rem, 0.875rem + ((1vw - 0.2rem) * 0.667), 1.3rem);\">SERVEIS DE TRANSFER\u00c8NCIA<\/h2>\n\n\n\n<pre class=\"wp-block-verse\" style=\"font-size:clamp(0.875rem, 0.875rem + ((1vw - 0.2rem) * 0.667), 1.3rem);\">Estudis hist\u00f2rics, comissariats, assessoraments. <br><\/pre>\n<\/div>\n<\/div>\n<\/div>\n<\/div>\n\n\n\n<div class=\"wp-block-group alignfull has-global-padding is-layout-constrained wp-container-core-group-is-layout-ebee8dc1 wp-block-group-is-layout-constrained\" style=\"margin-top:0;margin-bottom:0;padding-top:var(--wp--preset--spacing--50);padding-bottom:var(--wp--preset--spacing--50)\">\n<h2 class=\"wp-block-heading alignwide\">L\u00ednies estrat\u00e8giques <\/h2>\n\n\n\n<div class=\"wp-block-columns alignwide is-layout-flex wp-container-core-columns-is-layout-28f84493 wp-block-columns-is-layout-flex\">\n<div class=\"wp-block-column is-layout-flow wp-container-core-column-is-layout-be95e8ed wp-block-column-is-layout-flow\" style=\"padding-top:0\">\n<figure class=\"wp-block-image size-full\"><a href=\"https:\/\/iria.upc.edu\/index.php\/le_patrimoni-arquitectonic-i-urba\/\"><img loading=\"lazy\" decoding=\"async\" width=\"2560\" height=\"2560\" src=\"https:\/\/iria.upc.edu\/wp-content\/uploads\/2025\/12\/prueba8-1-scaled.jpg\" alt=\"\" class=\"wp-image-422\" srcset=\"https:\/\/iria.upc.edu\/wp-content\/uploads\/2025\/12\/prueba8-1-scaled.jpg 2560w, https:\/\/iria.upc.edu\/wp-content\/uploads\/2025\/12\/prueba8-1-300x300.jpg 300w, https:\/\/iria.upc.edu\/wp-content\/uploads\/2025\/12\/prueba8-1-1024x1024.jpg 1024w, https:\/\/iria.upc.edu\/wp-content\/uploads\/2025\/12\/prueba8-1-150x150.jpg 150w, https:\/\/iria.upc.edu\/wp-content\/uploads\/2025\/12\/prueba8-1-768x768.jpg 768w, https:\/\/iria.upc.edu\/wp-content\/uploads\/2025\/12\/prueba8-1-1536x1536.jpg 1536w, https:\/\/iria.upc.edu\/wp-content\/uploads\/2025\/12\/prueba8-1-2048x2048.jpg 2048w\" sizes=\"auto, (max-width: 2560px) 100vw, 2560px\" \/><\/a><\/figure>\n\n\n\n<div class=\"wp-block-group is-vertical is-layout-flex wp-container-core-group-is-layout-971a3e1f wp-block-group-is-layout-flex\" style=\"padding-top:var(--wp--preset--spacing--30)\">\n<h3 class=\"wp-block-heading\" style=\"padding-top:var(--wp--preset--spacing--20)\"><a href=\"https:\/\/iria.upc.edu\/index.php\/le_patrimoni-arquitectonic-i-urba\/\">Patrimoni arquitect\u00f2nic i urb\u00e0<\/a><\/h3>\n\n\n\n<p class=\"has-accent-4-color has-text-color has-link-color has-small-font-size wp-elements-c4d712dddf7c3c4ff003de580876d7bb\">Recerca en conservaci\u00f3, restauraci\u00f3 i valoritzaci\u00f3 del patrimoni arquitect\u00f2nic i urb\u00e0 com a element cultural, social i territorial.<\/p>\n<\/div>\n\n\n<\/div>\n\n\n\n<div class=\"wp-block-column is-layout-flow wp-container-core-column-is-layout-be95e8ed wp-block-column-is-layout-flow\" style=\"padding-top:0\">\n<figure class=\"wp-block-image size-full\"><a href=\"https:\/\/iria.upc.edu\/index.php\/le_patrimoni-arquitectonic-i-urba-2\/\"><img loading=\"lazy\" decoding=\"async\" width=\"2560\" height=\"2560\" src=\"https:\/\/iria.upc.edu\/wp-content\/uploads\/2025\/12\/prueba10-scaled.jpg\" alt=\"\" class=\"wp-image-424\" srcset=\"https:\/\/iria.upc.edu\/wp-content\/uploads\/2025\/12\/prueba10-scaled.jpg 2560w, https:\/\/iria.upc.edu\/wp-content\/uploads\/2025\/12\/prueba10-300x300.jpg 300w, https:\/\/iria.upc.edu\/wp-content\/uploads\/2025\/12\/prueba10-1024x1024.jpg 1024w, https:\/\/iria.upc.edu\/wp-content\/uploads\/2025\/12\/prueba10-150x150.jpg 150w, https:\/\/iria.upc.edu\/wp-content\/uploads\/2025\/12\/prueba10-768x768.jpg 768w, https:\/\/iria.upc.edu\/wp-content\/uploads\/2025\/12\/prueba10-1536x1536.jpg 1536w, https:\/\/iria.upc.edu\/wp-content\/uploads\/2025\/12\/prueba10-2048x2048.jpg 2048w\" sizes=\"auto, (max-width: 2560px) 100vw, 2560px\" \/><\/a><\/figure>\n\n\n\n<div class=\"wp-block-group is-vertical is-layout-flex wp-container-core-group-is-layout-971a3e1f wp-block-group-is-layout-flex\" style=\"padding-top:var(--wp--preset--spacing--30)\">\n<h3 class=\"wp-block-heading\" style=\"padding-top:var(--wp--preset--spacing--20)\"><a href=\"https:\/\/iria.upc.edu\/index.php\/le_patrimoni-arquitectonic-i-urba-2\/\">Historia i teoria de l&#8217;arquitectura<\/a><\/h3>\n\n\n\n<p class=\"has-accent-4-color has-text-color has-link-color has-small-font-size wp-elements-d60f6fbec0e66dad2e14c6eab50ab8e0\">An\u00e0lisi hist\u00f2rica, te\u00f2rica i cr\u00edtica de l\u2019arquitectura i la ciutat, amb enfocaments transversals i interdisciplinaris.<\/p>\n<\/div>\n\n\n<\/div>\n\n\n\n<div class=\"wp-block-column is-layout-flow wp-container-core-column-is-layout-be95e8ed wp-block-column-is-layout-flow\" style=\"padding-top:0\">\n<div class=\"wp-block-group is-vertical is-layout-flex wp-container-core-group-is-layout-971a3e1f wp-block-group-is-layout-flex\" style=\"padding-top:var(--wp--preset--spacing--30)\">\n<h3 class=\"wp-block-heading\" style=\"padding-top:var(--wp--preset--spacing--20)\"><\/h3>\n\n\n\n<p class=\"has-accent-4-color has-text-color has-link-color has-small-font-size wp-elements-f4c8b2fa2d89d0c05b059e07c754edac\"><\/p>\n<\/div>\n\n\n<\/div>\n<\/div>\n<\/div>\n\n\n\n<div class=\"wp-block-group alignfull is-style-default has-base-background-color has-background is-layout-flow wp-container-core-group-is-layout-2fa6ea01 wp-block-group-is-layout-flow\" style=\"padding-right:var(--wp--preset--spacing--60);padding-left:var(--wp--preset--spacing--20)\">\n<div class=\"wp-block-columns alignwide is-layout-flex wp-container-core-columns-is-layout-28f84493 wp-block-columns-is-layout-flex\">\n<div class=\"wp-block-column is-vertically-aligned-center is-layout-flow wp-block-column-is-layout-flow\" style=\"flex-basis:50%\">\n<div class=\"wp-block-stackable-text stk-block-text stk-block stk-dd13c8e\" data-block-id=\"dd13c8e\"><style>.stk-dd13c8e {border-style:solid !important;border-top-width:0px !important;border-right-width:0px !important;border-bottom-width:0px !important;border-left-width:0px !important;margin-left:80px !important;}.stk-dd13c8e .stk-block-text__text{font-size:var(u002du002dstku002du002dpresetu002du002dfont-sizeu002du002dx-large, 1.75rem) !important;}@media screen and (max-width: 1023px){.stk-dd13c8e .stk-block-text__text{font-size:var(u002du002dstku002du002dpresetu002du002dfont-sizeu002du002dx-large, 1.75rem) !important;}}<\/style><p class=\"stk-block-text__text\"><strong>Aportacions<\/strong><\/p><\/div>\n<\/div>\n<\/div>\n\n\n\n<div class=\"wp-block-columns alignwide is-layout-flex wp-container-core-columns-is-layout-e79a657b wp-block-columns-is-layout-flex\" style=\"padding-top:0\">\n<div class=\"wp-block-column is-layout-flow wp-block-column-is-layout-flow\"><\/div>\n\n\n\n<div class=\"wp-block-column is-layout-flow wp-block-column-is-layout-flow\">\n<p class=\"has-text-color has-extra-small-font-size\" style=\"color:#000000\">Rossell\u00f3, M. (2025). Las dificultades, limitaciones o protecciones de la vivienda en tiempo de confinamiento: aproximaci\u00f3n a los barrios m\u00e1s fr\u00e1giles de Barcelona. Ciudad Y Territorio Estudios Territoriales, 57(223). <a href=\"https:\/\/doi.org\/10.37230\/CyTET.2025.223.13\">https:\/\/doi.org\/10.37230\/CyTET.2025.223.13<\/a><\/p>\n\n\n\n<p class=\"has-text-color has-extra-small-font-size\" style=\"color:#000000\">Gu\u00e0rdia, M., Oy\u00f3n, J. L., Rossell\u00f3, M., &amp; Falag\u00e1n, D. H. (2023). Working-class suburban housing, homeownership and urban social movements during Francoism in Barcelona, 1939\u20131975. Planning Perspectives, 38(3), 671\u2013693. <a href=\"https:\/\/doi.org\/10.1080\/02665433.2022.2108488\">https:\/\/doi.org\/10.1080\/02665433.2022.2108488<\/a><\/p>\n\n\n\n<p class=\"has-text-color has-extra-small-font-size\" style=\"color:#000000\">Rossello, M. La casa mediterr\u00e1nea: la arquitectura del turismo y la apropiaci\u00f3n de los referentes tradicionales en Catalu\u00f1a y Baleares. &#8220;Locvs Am\u0153nvs&#8221;, 11 Mar\u00e7 2022, vol. 19, p. 245-269.<\/p>\n\n\n\n<p class=\"has-text-color has-extra-small-font-size\" style=\"color:#000000\"><\/p>\n<\/div>\n\n\n\n<div class=\"wp-block-column is-layout-flow wp-block-column-is-layout-flow\">\n<p>Rossello, M. [et al.]. La revoluci\u00f3n residencial de la periferia obrera en Barcelona, 1939-1980: Nou Barris como estudio de caso. &#8220;Scripta nova&#8221;, Juny 2021, vol. 25, n\u00fam. 2, p. 271-306.<\/p>\n\n\n\n<p class=\"has-text-color has-extra-small-font-size\" style=\"color:#000000\">Rossello, M. The kitchen in urban dwellings in Barcelona, 1920\u20131950: out of step with modern architecture. &#8220;Frontiers of architectural research&#8221;, vol.7, no.3, 2018. p.347-366.<\/p>\n\n\n\n<p class=\"has-text-color has-extra-small-font-size\" style=\"color:#000000\"><\/p>\n\n\n\n<p class=\"has-text-color has-extra-small-font-size\" style=\"color:#000000\"><\/p>\n<\/div>\n<\/div>\n<\/div>\n\n\n\n<div class=\"wp-block-group alignfull has-global-padding is-layout-constrained wp-container-core-group-is-layout-54af5b55 wp-block-group-is-layout-constrained\" style=\"margin-top:0;margin-bottom:0;padding-top:var(--wp--preset--spacing--60);padding-bottom:var(--wp--preset--spacing--60)\">\n<h2 class=\"wp-block-heading alignwide has-text-align-center has-x-large-font-size\">Grups de recerca<\/h2>\n\n\n\n<div class=\"wp-block-buttons alignwide has-custom-font-size has-medium-font-size is-content-justification-center is-layout-flex wp-container-core-buttons-is-layout-c124d1c4 wp-block-buttons-is-layout-flex\">\n<div class=\"wp-block-button\"><a class=\"wp-block-button__link wp-element-button\">ACC &#8211; Arquitectura, Ciutat i Cultura. Realitat i Transformaci\u00f3 de l&#8217;Espai Urb\u00e0 Contemporani<\/a><\/div>\n<\/div>\n\n\n\n<p class=\"has-text-align-center\" style=\"font-size:clamp(0.929rem, 0.929rem + ((1vw - 0.2rem) * 0.739), 1.4rem);\"><strong><a href=\"https:\/\/futur.upc.edu\/MaribelRosselloNicolau\">Enlla\u00e7 a futur \u2197<\/a><\/strong><\/p>\n<\/div>\n","protected":false},"excerpt":{"rendered":"<p>Maribel Rossell\u00f3 Nicolau TITULAR Com a investigadora, s\u2019ha especialitzat en la hist\u00f2ria de l\u2019arquitectura a Catalunya durant els segles XIX i XX, i ha dedicat especial atenci\u00f3 a l\u2019estudi de l\u2019arquitectura de l\u2019habitatge i a l\u2019an\u00e0lisi i la valoraci\u00f3 dels seus interiors. Els diferents projectes de recerca sobre l\u2019habitatge a Barcelona des del segle XIX [&hellip;]<\/p>\n","protected":false},"author":1,"featured_media":0,"parent":0,"menu_order":0,"comment_status":"closed","ping_status":"closed","template":"","meta":{"footnotes":""},"class_list":["post-1152","page","type-page","status-publish","hentry"],"_links":{"self":[{"href":"https:\/\/iria.upc.edu\/index.php\/wp-json\/wp\/v2\/pages\/1152","targetHints":{"allow":["GET"]}}],"collection":[{"href":"https:\/\/iria.upc.edu\/index.php\/wp-json\/wp\/v2\/pages"}],"about":[{"href":"https:\/\/iria.upc.edu\/index.php\/wp-json\/wp\/v2\/types\/page"}],"author":[{"embeddable":true,"href":"https:\/\/iria.upc.edu\/index.php\/wp-json\/wp\/v2\/users\/1"}],"replies":[{"embeddable":true,"href":"https:\/\/iria.upc.edu\/index.php\/wp-json\/wp\/v2\/comments?post=1152"}],"version-history":[{"count":7,"href":"https:\/\/iria.upc.edu\/index.php\/wp-json\/wp\/v2\/pages\/1152\/revisions"}],"predecessor-version":[{"id":1397,"href":"https:\/\/iria.upc.edu\/index.php\/wp-json\/wp\/v2\/pages\/1152\/revisions\/1397"}],"wp:attachment":[{"href":"https:\/\/iria.upc.edu\/index.php\/wp-json\/wp\/v2\/media?parent=1152"}],"curies":[{"name":"wp","href":"https:\/\/api.w.org\/{rel}","templated":true}]}}