{"id":1162,"date":"2026-03-03T16:20:34","date_gmt":"2026-03-03T16:20:34","guid":{"rendered":"https:\/\/iria.upc.edu\/?page_id=1162"},"modified":"2026-03-12T16:57:19","modified_gmt":"2026-03-12T16:57:19","slug":"amadeu-santacana-juncana","status":"publish","type":"page","link":"https:\/\/iria.upc.edu\/index.php\/amadeu-santacana-juncana\/","title":{"rendered":"Amadeu Santacana Juncana"},"content":{"rendered":"\n<div class=\"wp-block-group alignfull is-style-default is-content-justification-right is-nowrap is-layout-flex wp-container-core-group-is-layout-90217607 wp-block-group-is-layout-flex\" style=\"min-height:0vh;margin-top:0px;margin-bottom:45px;padding-top:0;padding-right:var(--wp--preset--spacing--40);padding-bottom:var(--wp--preset--spacing--40);padding-left:var(--wp--preset--spacing--40)\">\n<div class=\"wp-block-group is-content-justification-right is-nowrap is-layout-flex wp-container-core-group-is-layout-17934613 wp-block-group-is-layout-flex\">\n<h1 class=\"wp-block-heading has-text-align-left is-style-text-display is-style-text-display--1\" style=\"font-size:clamp(2.111rem, 2.111rem + ((1vw - 0.2rem) * 2.649), 3.8rem);\"><span style=\"color: #000000;\" class=\"stk-highlight\"><strong><em>Amadeu Santacana Juncosa<\/em><\/strong><\/span><\/h1>\n<\/div>\n<\/div>\n\n\n\n<div class=\"wp-block-group alignfull is-style-section-1 has-global-padding is-layout-constrained wp-block-group-is-layout-constrained is-style-section-1--2\" style=\"margin-top:0;margin-bottom:0;padding-top:var(--wp--preset--spacing--40);padding-bottom:var(--wp--preset--spacing--40)\">\n<div class=\"wp-block-columns alignwide is-style-section-1 is-layout-flex wp-container-core-columns-is-layout-5715ff21 wp-block-columns-is-layout-flex is-style-section-1--3\" style=\"margin-top:0;padding-top:0;padding-bottom:0\">\n<div class=\"wp-block-column is-layout-flow wp-block-column-is-layout-flow\" style=\"padding-right:var(--wp--preset--spacing--50);flex-basis:45%\">\n<figure class=\"wp-block-image size-large\"><img loading=\"lazy\" decoding=\"async\" width=\"683\" height=\"1024\" src=\"https:\/\/iria.upc.edu\/wp-content\/uploads\/2026\/02\/santacana-683x1024.jpg\" alt=\"\" class=\"wp-image-975\" srcset=\"https:\/\/iria.upc.edu\/wp-content\/uploads\/2026\/02\/santacana-683x1024.jpg 683w, https:\/\/iria.upc.edu\/wp-content\/uploads\/2026\/02\/santacana-200x300.jpg 200w, https:\/\/iria.upc.edu\/wp-content\/uploads\/2026\/02\/santacana-768x1152.jpg 768w, https:\/\/iria.upc.edu\/wp-content\/uploads\/2026\/02\/santacana-1024x1536.jpg 1024w, https:\/\/iria.upc.edu\/wp-content\/uploads\/2026\/02\/santacana-1365x2048.jpg 1365w, https:\/\/iria.upc.edu\/wp-content\/uploads\/2026\/02\/santacana-scaled.jpg 1707w\" sizes=\"auto, (max-width: 683px) 100vw, 683px\" \/><\/figure>\n<\/div>\n\n\n\n<div class=\"wp-block-column is-vertically-aligned-center is-layout-flow wp-block-column-is-layout-flow\" style=\"padding-right:0;padding-left:0;flex-basis:50%\">\n<div class=\"wp-block-group is-vertical is-layout-flex wp-container-core-group-is-layout-fe9cc265 wp-block-group-is-layout-flex\">\n<h2 class=\"wp-block-heading is-style-text-annotation is-style-text-annotation--4\" style=\"font-size:clamp(0.875rem, 0.875rem + ((1vw - 0.2rem) * 0.667), 1.3rem);\">AGREGAT SERRA-H\u00daNTER<\/h2>\n<\/div>\n\n\n\n<pre class=\"wp-block-verse is-style-text-subtitle\" style=\"font-size:clamp(0.875rem, 0.875rem + ((1vw - 0.2rem) * 0.667), 1.3rem);\">La primera aproximaci\u00f3 a la recerca la inicio amb la tesis doctoral \u201cEl acontecimiento en un mundo como yuxtaposici\u00f3n\u201d, que obt\u00e9 el premi arquia l\u2019any 2015 (Actualment a l\u2019Avery, ISBN: 978-84-12-17481-6). La meva recerca sempre ha estat al voltant de fer visible estrat\u00e8gies projectuals sovint ocultes. Des d\u2019elements com el programa arquitect\u00f2nic que s\u2019aborda a la tesis, com la construcci\u00f3 de prototips per poder avaluar els h\u00e0bits humans i els seus comportaments conjuntament amb els comportament t\u00e8rmic que hem abordat des dels prototips de l\u2019ETSAV pel Solar Decathlon, o les capes ocultes de la pr\u00f2pia doc\u00e8ncia de l\u2019arquitectura.<\/pre>\n\n\n\n<div class=\"wp-block-group is-vertical is-layout-flex wp-container-core-group-is-layout-355c4241 wp-block-group-is-layout-flex\">\n<h2 class=\"wp-block-heading is-style-text-annotation is-style-text-annotation--5\" style=\"font-size:clamp(0.875rem, 0.875rem + ((1vw - 0.2rem) * 0.667), 1.3rem);\">ACTIVITAT INVESTIGADORA<\/h2>\n\n\n\n<pre class=\"wp-block-verse\" style=\"font-size:clamp(0.875rem, 0.875rem + ((1vw - 0.2rem) * 0.667), 1.3rem);\">Short Stories. Estrat\u00e8gies arquitect\u00f2niques complexes en els comportaments humans. UPC-UPM-Penn State.<\/pre>\n\n\n\n<p style=\"font-size:13px\">ETSAM, UPM, Penn State (USA)<\/p>\n<\/div>\n\n\n\n<div class=\"wp-block-group is-vertical is-layout-flex wp-container-core-group-is-layout-355c4241 wp-block-group-is-layout-flex\">\n<pre class=\"wp-block-verse\" style=\"font-size:clamp(0.875rem, 0.875rem + ((1vw - 0.2rem) * 0.667), 1.3rem);\"><\/pre>\n<\/div>\n<\/div>\n<\/div>\n<\/div>\n\n\n\n<div class=\"wp-block-group alignfull has-global-padding is-layout-constrained wp-container-core-group-is-layout-ebee8dc1 wp-block-group-is-layout-constrained\" style=\"margin-top:0;margin-bottom:0;padding-top:var(--wp--preset--spacing--50);padding-bottom:var(--wp--preset--spacing--50)\">\n<h2 class=\"wp-block-heading alignwide\">L\u00ednies estrat\u00e8giques <\/h2>\n\n\n\n<div class=\"wp-block-columns alignwide is-layout-flex wp-container-core-columns-is-layout-28f84493 wp-block-columns-is-layout-flex\">\n<div class=\"wp-block-column is-layout-flow wp-container-core-column-is-layout-be95e8ed wp-block-column-is-layout-flow\" style=\"padding-top:0\">\n<figure class=\"wp-block-gallery has-nested-images columns-default is-cropped wp-block-gallery-6 is-layout-flex wp-block-gallery-is-layout-flex\">\n<figure class=\"wp-block-image size-full\"><a href=\"https:\/\/iria.upc.edu\/index.php\/ae_habitatge\/\"><img loading=\"lazy\" decoding=\"async\" width=\"2560\" height=\"2560\" data-id=\"397\" src=\"https:\/\/iria.upc.edu\/wp-content\/uploads\/2025\/12\/prueba1-scaled.jpg\" alt=\"\" class=\"wp-image-397\" srcset=\"https:\/\/iria.upc.edu\/wp-content\/uploads\/2025\/12\/prueba1-scaled.jpg 2560w, https:\/\/iria.upc.edu\/wp-content\/uploads\/2025\/12\/prueba1-300x300.jpg 300w, https:\/\/iria.upc.edu\/wp-content\/uploads\/2025\/12\/prueba1-1024x1024.jpg 1024w, https:\/\/iria.upc.edu\/wp-content\/uploads\/2025\/12\/prueba1-150x150.jpg 150w, https:\/\/iria.upc.edu\/wp-content\/uploads\/2025\/12\/prueba1-768x768.jpg 768w, https:\/\/iria.upc.edu\/wp-content\/uploads\/2025\/12\/prueba1-1536x1536.jpg 1536w, https:\/\/iria.upc.edu\/wp-content\/uploads\/2025\/12\/prueba1-2048x2048.jpg 2048w\" sizes=\"auto, (max-width: 2560px) 100vw, 2560px\" \/><\/a><\/figure>\n<\/figure>\n\n\n\n<div class=\"wp-block-group is-vertical is-layout-flex wp-container-core-group-is-layout-971a3e1f wp-block-group-is-layout-flex\" style=\"padding-top:var(--wp--preset--spacing--30)\">\n<h3 class=\"wp-block-heading\" style=\"padding-top:var(--wp--preset--spacing--20)\"><a href=\"https:\/\/iria.upc.edu\/index.php\/ae_habitatge\/\" data-type=\"link\" data-id=\"https:\/\/iria.upc.edu\/index.php\/ae_habitatge\/\">Arquitectura i sostenibilitat<\/a><\/h3>\n\n\n\n<p class=\"has-accent-4-color has-text-color has-link-color has-small-font-size wp-elements-8f112f54b66f3b3a274f62ab06a88172\">Recerca orientada a desenvolupar projectes, sistemes i estrat\u00e8gies arquitect\u00f2niques que redueixin l\u2019impacte ambiental i promoguin un desenvolupament sostenible.<\/p>\n<\/div>\n\n\n<\/div>\n\n\n\n<div class=\"wp-block-column is-layout-flow wp-container-core-column-is-layout-be95e8ed wp-block-column-is-layout-flow\" style=\"padding-top:0\">\n<figure class=\"wp-block-image size-full\"><a href=\"https:\/\/iria.upc.edu\/index.php\/le_habitabilitat\/\"><img loading=\"lazy\" decoding=\"async\" width=\"1525\" height=\"1525\" src=\"https:\/\/iria.upc.edu\/wp-content\/uploads\/2025\/12\/habitabilitat.jpg\" alt=\"\" class=\"wp-image-616\" srcset=\"https:\/\/iria.upc.edu\/wp-content\/uploads\/2025\/12\/habitabilitat.jpg 1525w, https:\/\/iria.upc.edu\/wp-content\/uploads\/2025\/12\/habitabilitat-300x300.jpg 300w, https:\/\/iria.upc.edu\/wp-content\/uploads\/2025\/12\/habitabilitat-1024x1024.jpg 1024w, https:\/\/iria.upc.edu\/wp-content\/uploads\/2025\/12\/habitabilitat-150x150.jpg 150w, https:\/\/iria.upc.edu\/wp-content\/uploads\/2025\/12\/habitabilitat-768x768.jpg 768w\" sizes=\"auto, (max-width: 1525px) 100vw, 1525px\" \/><\/a><\/figure>\n\n\n\n<div class=\"wp-block-group is-vertical is-layout-flex wp-container-core-group-is-layout-971a3e1f wp-block-group-is-layout-flex\" style=\"padding-top:var(--wp--preset--spacing--30)\">\n<h3 class=\"wp-block-heading\" style=\"padding-top:var(--wp--preset--spacing--20)\"><a href=\"https:\/\/iria.upc.edu\/index.php\/le_habitabilitat\/\" data-type=\"page\" data-id=\"1318\">Habitabilitat<\/a><\/h3>\n\n\n\n<p class=\"has-accent-4-color has-text-color has-link-color has-small-font-size wp-elements-d2bb523e460f474629f4e2496acc192e\">Recerca sobre les formes d\u2019habitar, la qualitat dels espais constru\u00efts i la relaci\u00f3 entre arquitectura, salut i benestar.<\/p>\n<\/div>\n\n\n<\/div>\n\n\n\n<div class=\"wp-block-column is-layout-flow wp-container-core-column-is-layout-be95e8ed wp-block-column-is-layout-flow\" style=\"padding-top:0\">\n<figure class=\"wp-block-image size-full\"><a href=\"https:\/\/iria.upc.edu\/index.php\/le_disseny-i-tecniques-de-projectacio-avancades\/\"><img loading=\"lazy\" decoding=\"async\" width=\"2560\" height=\"2560\" src=\"https:\/\/iria.upc.edu\/wp-content\/uploads\/2025\/12\/prueba15-scaled.jpg\" alt=\"\" class=\"wp-image-434\" srcset=\"https:\/\/iria.upc.edu\/wp-content\/uploads\/2025\/12\/prueba15-scaled.jpg 2560w, https:\/\/iria.upc.edu\/wp-content\/uploads\/2025\/12\/prueba15-300x300.jpg 300w, https:\/\/iria.upc.edu\/wp-content\/uploads\/2025\/12\/prueba15-1024x1024.jpg 1024w, https:\/\/iria.upc.edu\/wp-content\/uploads\/2025\/12\/prueba15-150x150.jpg 150w, https:\/\/iria.upc.edu\/wp-content\/uploads\/2025\/12\/prueba15-768x768.jpg 768w, https:\/\/iria.upc.edu\/wp-content\/uploads\/2025\/12\/prueba15-1536x1536.jpg 1536w, https:\/\/iria.upc.edu\/wp-content\/uploads\/2025\/12\/prueba15-2048x2048.jpg 2048w\" sizes=\"auto, (max-width: 2560px) 100vw, 2560px\" \/><\/a><\/figure>\n\n\n\n<div class=\"wp-block-group is-vertical is-layout-flex wp-container-core-group-is-layout-971a3e1f wp-block-group-is-layout-flex\" style=\"padding-top:var(--wp--preset--spacing--30)\">\n<h3 class=\"wp-block-heading\" style=\"padding-top:var(--wp--preset--spacing--20)\"><a href=\"https:\/\/iria.upc.edu\/index.php\/le_disseny-i-tecniques-de-projectacio-avancades\/\" data-type=\"page\" data-id=\"1355\">Disseny i t\u00e8cniques de projectaci\u00f3 avan\u00e7ades<\/a><\/h3>\n\n\n\n<p class=\"has-accent-4-color has-text-color has-link-color has-small-font-size wp-elements-9abcf931b9ae8286aaf187984c39b272\">Investigaci\u00f3 en metodologies de projecte i processos creatius vinculats a les noves tecnologies i a l\u2019ecologia del proc\u00e9s arquitect\u00f2nic.<\/p>\n<\/div>\n\n\n<\/div>\n<\/div>\n<\/div>\n\n\n\n<div class=\"wp-block-group alignfull is-style-default has-base-background-color has-background is-layout-flow wp-container-core-group-is-layout-2fa6ea01 wp-block-group-is-layout-flow\" style=\"padding-right:var(--wp--preset--spacing--60);padding-left:var(--wp--preset--spacing--20)\">\n<div class=\"wp-block-columns alignwide is-layout-flex wp-container-core-columns-is-layout-28f84493 wp-block-columns-is-layout-flex\">\n<div class=\"wp-block-column is-vertically-aligned-center is-layout-flow wp-block-column-is-layout-flow\" style=\"flex-basis:50%\">\n<div class=\"wp-block-stackable-text stk-block-text stk-block stk-dd13c8e\" data-block-id=\"dd13c8e\"><style>.stk-dd13c8e {border-style:solid !important;border-top-width:0px !important;border-right-width:0px !important;border-bottom-width:0px !important;border-left-width:0px !important;margin-left:80px !important;}.stk-dd13c8e .stk-block-text__text{font-size:var(u002du002dstku002du002dpresetu002du002dfont-sizeu002du002dx-large, 1.75rem) !important;}@media screen and (max-width: 1023px){.stk-dd13c8e .stk-block-text__text{font-size:var(u002du002dstku002du002dpresetu002du002dfont-sizeu002du002dx-large, 1.75rem) !important;}}<\/style><p class=\"stk-block-text__text\"><strong>Aportacions<\/strong><\/p><\/div>\n<\/div>\n<\/div>\n\n\n\n<div class=\"wp-block-columns alignwide is-layout-flex wp-container-core-columns-is-layout-e79a657b wp-block-columns-is-layout-flex\" style=\"padding-top:0\">\n<div class=\"wp-block-column is-layout-flow wp-block-column-is-layout-flow\"><\/div>\n\n\n\n<div class=\"wp-block-column is-layout-flow wp-block-column-is-layout-flow\">\n<p class=\"has-text-color has-extra-small-font-size\" style=\"color:#000000\">El acontecimiento en un mundo como yuxtaposici\u00f3n. Fundaci\u00f3n Arquia, Barcelona, 2020. ISBN English [978-84-12-17481-6], ISBN Castell\u00e0 [978-84-121748-0-9]<\/p>\n\n\n\n<p class=\"has-text-color has-extra-small-font-size\" style=\"color:#000000\">Paisatges habitacionals. AMB + AxA, Barcelona, 2022. ISBN English [978-84-125258-0-9], ISBN Castell\u00e0 [978-84-124287-9-7], ISBN Catal\u00e0 [978-84-125258-1-6]<\/p>\n\n\n\n<p class=\"has-text-color has-extra-small-font-size\" style=\"color:#000000\">Creuats\/Cruzados\/Crossed. Nous territoris del disseny d\u2019avantguarda.(Amb Oscar Guayabero i David Lorente). Actar + Edicions de l\u2019Any del Disseny. Barcelona, 2003. ISBN: 978-84-95951-43-4<\/p>\n\n\n\n<p class=\"has-text-color has-extra-small-font-size\" style=\"color:#000000\"><\/p>\n<\/div>\n\n\n\n<div class=\"wp-block-column is-layout-flow wp-block-column-is-layout-flow\">\n<p>Activo vs. Pasivo: La arquitectura de los cuatro modos. 2021, BAc Bolet\u00edn Acad\u00e9mico. ISSN 0213-3474 ISSN-e 2173-6723<\/p>\n\n\n\n<p class=\"has-text-color has-extra-small-font-size\" style=\"color:#000000\">El Infortunio est\u00e9tico. Publicat a: Arquitectura, 382, p\u00e0g 4-7, Madrid, 2020. ISSN: 0004-2706<\/p>\n\n\n\n<p class=\"has-text-color has-extra-small-font-size\" style=\"color:#000000\"><\/p>\n<\/div>\n<\/div>\n<\/div>\n\n\n\n<div class=\"wp-block-group alignfull has-global-padding is-layout-constrained wp-container-core-group-is-layout-54af5b55 wp-block-group-is-layout-constrained\" style=\"margin-top:0;margin-bottom:0;padding-top:var(--wp--preset--spacing--60);padding-bottom:var(--wp--preset--spacing--60)\">\n<h2 class=\"wp-block-heading alignwide has-text-align-center has-x-large-font-size\">Grups de recerca<\/h2>\n\n\n\n<div class=\"wp-block-buttons alignwide has-custom-font-size has-medium-font-size is-content-justification-center is-layout-flex wp-container-core-buttons-is-layout-c124d1c4 wp-block-buttons-is-layout-flex\">\n<div class=\"wp-block-button\"><a class=\"wp-block-button__link wp-element-button\">PROTO &#8211; Projectes: T\u00e8cnica i Organitzaci\u00f3<\/a><\/div>\n<\/div>\n\n\n\n<p class=\"has-text-align-center\" style=\"font-size:clamp(0.929rem, 0.929rem + ((1vw - 0.2rem) * 0.739), 1.4rem);\"><strong><a href=\"https:\/\/futur.upc.edu\/AmadeoSantacanaJuncosa\">Enlla\u00e7 a futur \u2197<\/a><\/strong><\/p>\n<\/div>\n","protected":false},"excerpt":{"rendered":"<p>Amadeu Santacana Juncosa AGREGAT SERRA-H\u00daNTER La primera aproximaci\u00f3 a la recerca la inicio amb la tesis doctoral \u201cEl acontecimiento en un mundo como yuxtaposici\u00f3n\u201d, que obt\u00e9 el premi arquia l\u2019any 2015 (Actualment a l\u2019Avery, ISBN: 978-84-12-17481-6). La meva recerca sempre ha estat al voltant de fer visible estrat\u00e8gies projectuals sovint ocultes. Des d\u2019elements com el [&hellip;]<\/p>\n","protected":false},"author":1,"featured_media":0,"parent":0,"menu_order":0,"comment_status":"closed","ping_status":"closed","template":"","meta":{"footnotes":""},"class_list":["post-1162","page","type-page","status-publish","hentry"],"_links":{"self":[{"href":"https:\/\/iria.upc.edu\/index.php\/wp-json\/wp\/v2\/pages\/1162","targetHints":{"allow":["GET"]}}],"collection":[{"href":"https:\/\/iria.upc.edu\/index.php\/wp-json\/wp\/v2\/pages"}],"about":[{"href":"https:\/\/iria.upc.edu\/index.php\/wp-json\/wp\/v2\/types\/page"}],"author":[{"embeddable":true,"href":"https:\/\/iria.upc.edu\/index.php\/wp-json\/wp\/v2\/users\/1"}],"replies":[{"embeddable":true,"href":"https:\/\/iria.upc.edu\/index.php\/wp-json\/wp\/v2\/comments?post=1162"}],"version-history":[{"count":7,"href":"https:\/\/iria.upc.edu\/index.php\/wp-json\/wp\/v2\/pages\/1162\/revisions"}],"predecessor-version":[{"id":1365,"href":"https:\/\/iria.upc.edu\/index.php\/wp-json\/wp\/v2\/pages\/1162\/revisions\/1365"}],"wp:attachment":[{"href":"https:\/\/iria.upc.edu\/index.php\/wp-json\/wp\/v2\/media?parent=1162"}],"curies":[{"name":"wp","href":"https:\/\/api.w.org\/{rel}","templated":true}]}}