{"id":1173,"date":"2026-03-03T16:33:22","date_gmt":"2026-03-03T16:33:22","guid":{"rendered":"https:\/\/iria.upc.edu\/?page_id=1173"},"modified":"2026-03-16T11:23:17","modified_gmt":"2026-03-16T11:23:17","slug":"elena-oliver-saiz","status":"publish","type":"page","link":"https:\/\/iria.upc.edu\/index.php\/elena-oliver-saiz\/","title":{"rendered":"Elena Oliver Saiz"},"content":{"rendered":"\n<div class=\"wp-block-group alignfull is-style-default is-content-justification-right is-nowrap is-layout-flex wp-container-core-group-is-layout-90217607 wp-block-group-is-layout-flex\" style=\"min-height:0vh;margin-top:0px;margin-bottom:45px;padding-top:0;padding-right:var(--wp--preset--spacing--40);padding-bottom:var(--wp--preset--spacing--40);padding-left:var(--wp--preset--spacing--40)\">\n<div class=\"wp-block-group is-content-justification-right is-nowrap is-layout-flex wp-container-core-group-is-layout-17934613 wp-block-group-is-layout-flex\">\n<h1 class=\"wp-block-heading has-text-align-left is-style-text-display is-style-text-display--1\" style=\"font-size:clamp(2.111rem, 2.111rem + ((1vw - 0.2rem) * 2.649), 3.8rem);\"><span style=\"color: #000000;\" class=\"stk-highlight\"><strong><em>Elena Oliver Saiz<\/em><\/strong><\/span><\/h1>\n<\/div>\n<\/div>\n\n\n\n<div class=\"wp-block-group alignfull is-style-section-1 has-global-padding is-layout-constrained wp-block-group-is-layout-constrained is-style-section-1--2\" style=\"margin-top:0;margin-bottom:0;padding-top:var(--wp--preset--spacing--40);padding-bottom:var(--wp--preset--spacing--40)\">\n<div class=\"wp-block-columns alignwide is-style-section-1 is-layout-flex wp-container-core-columns-is-layout-5715ff21 wp-block-columns-is-layout-flex is-style-section-1--3\" style=\"margin-top:0;padding-top:0;padding-bottom:0\">\n<div class=\"wp-block-column is-layout-flow wp-block-column-is-layout-flow\" style=\"padding-right:var(--wp--preset--spacing--50);flex-basis:45%\">\n<figure class=\"wp-block-image size-large\"><a href=\"https:\/\/iria.upc.edu\/index.php\/elena-oliver-saiz\/\"><img loading=\"lazy\" decoding=\"async\" width=\"683\" height=\"1024\" src=\"https:\/\/iria.upc.edu\/wp-content\/uploads\/2026\/02\/elena-ok-683x1024.jpg\" alt=\"\" class=\"wp-image-981\" srcset=\"https:\/\/iria.upc.edu\/wp-content\/uploads\/2026\/02\/elena-ok-683x1024.jpg 683w, https:\/\/iria.upc.edu\/wp-content\/uploads\/2026\/02\/elena-ok-200x300.jpg 200w, https:\/\/iria.upc.edu\/wp-content\/uploads\/2026\/02\/elena-ok-768x1152.jpg 768w, https:\/\/iria.upc.edu\/wp-content\/uploads\/2026\/02\/elena-ok-1024x1536.jpg 1024w, https:\/\/iria.upc.edu\/wp-content\/uploads\/2026\/02\/elena-ok-1365x2048.jpg 1365w, https:\/\/iria.upc.edu\/wp-content\/uploads\/2026\/02\/elena-ok-scaled.jpg 1707w\" sizes=\"auto, (max-width: 683px) 100vw, 683px\" \/><\/a><\/figure>\n<\/div>\n\n\n\n<div class=\"wp-block-column is-vertically-aligned-center is-layout-flow wp-block-column-is-layout-flow\" style=\"padding-right:0;padding-left:0;flex-basis:50%\">\n<div class=\"wp-block-group is-vertical is-layout-flex wp-container-core-group-is-layout-fe9cc265 wp-block-group-is-layout-flex\">\n<h2 class=\"wp-block-heading is-style-text-annotation is-style-text-annotation--4\" style=\"font-size:clamp(0.875rem, 0.875rem + ((1vw - 0.2rem) * 0.667), 1.3rem);\">LECTORA<\/h2>\n<\/div>\n\n\n\n<pre class=\"wp-block-verse is-style-text-subtitle\" style=\"font-size:clamp(0.875rem, 0.875rem + ((1vw - 0.2rem) * 0.667), 1.3rem);\">Elena Oliver Saiz \u00e9s arquitecta, m\u00e0ster i doctora en Estructures per la Universitat de Granada. La seva traject\u00f2ria professional i investigadora s\u2019ha centrat en el disseny sismorresistent i en la simulaci\u00f3 num\u00e8rica no lineal d\u2019estructures d'edificaci\u00f3.<br><br>Durant l\u2019etapa predoctoral va ser benefici\u00e0ria d\u2019una beca FPU i va realitzar estades de recerca a la Universitat Federico II de N\u00e0pols i a la University of California, Berkeley, aquesta darrera en el marc d\u2019una beca Fulbright-Schuman obtinguda en convocat\u00f2ria europea. L\u2019any 2015 va obtenir el t\u00edtol de doctora amb menci\u00f3 de Doctorat Europeu i la qualificaci\u00f3 d\u2019excel\u00b7lent cum laude.<br><br>En l\u2019\u00e0mbit professional, va exercir com a cap de projecte a BAC ECG (actualment SOCOTEC), on va participar en el disseny estructural de projectes de certa complexitat, incloent-hi edificis en al\u00e7ada i projectes singulars de gran llum. Entre aquests es troben la Mesquita Ghazy al Gossaibi, a Ar\u00e0bia Saudita, projectada per Mangera Yvars Architects; dues torres de m\u00e9s de vint plantes a l\u2019Hospitalet de Llobregat; i l\u2019Hotel SHA Wellness Clinic a M\u00e8xic, projectat per Sordo Madaleno Arquitectos, amb llums estructurals de fins a 50 metres entre suports.<br><br>Des del 2021 est\u00e0 vinculada a la Universitat Polit\u00e8cnica de Catalunya, on exerceix com a professora lectora. La seva activitat investigadora, reconeguda amb un sexenni, se centra en el disseny sismorresistent d\u2019estructures d\u2019edificaci\u00f3 i la simulaci\u00f3 num\u00e8rica no lineal, generant diverses publicacions en revistes de primer quartil i participant en projectes del Pla Estatal de Recerca.<br><br>En l\u2019\u00e0mbit docent, coordina diverses assignatures de grau i m\u00e0ster, activitat reconeguda amb un quinquenni amb menci\u00f3 de qualitat, i dirigeix diverses tesis doctorals. Mant\u00e9 un vincle continuat amb la pr\u00e0ctica professional mitjan\u00e7ant convenis de col\u00b7laboraci\u00f3 en R+D amb empreses d\u2019enginyeria i arquitectura vinculades al disseny estructural d\u2019edificaci\u00f3. L\u2019any 2025 va obtenir l\u2019acreditaci\u00f3 de recerca de l\u2019AQU i l\u2019acreditaci\u00f3 de professora titular per l\u2019ANECA, i va assumir el c\u00e0rrec de secret\u00e0ria acad\u00e8mica del nou Institut de Recerca Interdisciplinari en Arquitectura.<\/pre>\n\n\n\n<div class=\"wp-block-group is-vertical is-layout-flex wp-container-core-group-is-layout-355c4241 wp-block-group-is-layout-flex\">\n<h2 class=\"wp-block-heading is-style-text-annotation is-style-text-annotation--5\" style=\"font-size:clamp(0.875rem, 0.875rem + ((1vw - 0.2rem) * 0.667), 1.3rem);\">ACTIVITAT INVESTIGADORA<\/h2>\n\n\n\n<pre class=\"wp-block-verse\" style=\"font-size:clamp(0.875rem, 0.875rem + ((1vw - 0.2rem) * 0.667), 1.3rem);\">La seva investigaci\u00f3 s\u2019articula al voltant del disseny sismorresistent d\u2019edificis en altura mitjan\u00e7ant dispositius avan\u00e7ats de dissipaci\u00f3 d\u2019energia, amb l'objectiu de facilitar-ne la integraci\u00f3 en la pr\u00e0ctica constructiva de projectes nacionals i internacionals. Paral\u00b7lelament, participa en el projecte ECONSLAB, dedicat al desenvolupament de forjats de formig\u00f3 sostenibles i resilients basats en fabricaci\u00f3 digital, on s'encarrega de la simulaci\u00f3 num\u00e8rica, el postprocessament de dades experimentals i la calibraci\u00f3 de models. En aquest mateix marc, treballa en el disseny de connexions per a forjats prefabricats que assegurin el seu comportament diafragm\u00e0tic davant sismes sense necessitat de capa de compressi\u00f3 in situ, millorant aix\u00ed l\u2019efici\u00e8ncia de la prefabricaci\u00f3 avan\u00e7ada.<\/pre>\n\n\n\n<p style=\"font-size:13px\">SOCOTEC<\/p>\n<\/div>\n\n\n\n<div class=\"wp-block-group is-vertical is-layout-flex wp-container-core-group-is-layout-355c4241 wp-block-group-is-layout-flex\">\n<h2 class=\"wp-block-heading is-style-text-annotation is-style-text-annotation--6\" style=\"font-size:clamp(0.875rem, 0.875rem + ((1vw - 0.2rem) * 0.667), 1.3rem);\">SERVEIS DE TRANSFER\u00c8NCIA<\/h2>\n\n\n\n<pre class=\"wp-block-verse\" style=\"font-size:clamp(0.875rem, 0.875rem + ((1vw - 0.2rem) * 0.667), 1.3rem);\">Consultoria en projectes singulars. <br><br>Assessorament en el disseny d'estructures singulars i edificis en altura, especialment en zones d'alta sismicitat.<br><br>Simulaci\u00f3 num\u00e8rica avan\u00e7ada i an\u00e0lisi no lineal. Desenvolupament de models num\u00e8rics complexos per a la validaci\u00f3 de sistemes estructurals que requereixen una an\u00e0lisi m\u00e9s enll\u00e0 dels m\u00e8todes el\u00e0stics convencionals, incloent-hi el calibratge de models a partir de dades experimentals.<\/pre>\n<\/div>\n<\/div>\n<\/div>\n<\/div>\n\n\n\n<div class=\"wp-block-group alignfull has-global-padding is-layout-constrained wp-container-core-group-is-layout-ebee8dc1 wp-block-group-is-layout-constrained\" style=\"margin-top:0;margin-bottom:0;padding-top:var(--wp--preset--spacing--50);padding-bottom:var(--wp--preset--spacing--50)\">\n<h2 class=\"wp-block-heading alignwide\">L\u00ednies estrat\u00e8giques <\/h2>\n\n\n\n<div class=\"wp-block-columns alignwide is-layout-flex wp-container-core-columns-is-layout-28f84493 wp-block-columns-is-layout-flex\">\n<div class=\"wp-block-column is-layout-flow wp-container-core-column-is-layout-be95e8ed wp-block-column-is-layout-flow\" style=\"padding-top:0\">\n<figure class=\"wp-block-gallery has-nested-images columns-default is-cropped wp-block-gallery-7 is-layout-flex wp-block-gallery-is-layout-flex\">\n<figure class=\"wp-block-image size-full\"><a href=\"https:\/\/iria.upc.edu\/index.php\/ae_habitatge\/\"><img loading=\"lazy\" decoding=\"async\" width=\"2560\" height=\"2560\" data-id=\"397\" src=\"https:\/\/iria.upc.edu\/wp-content\/uploads\/2025\/12\/prueba1-scaled.jpg\" alt=\"\" class=\"wp-image-397\" srcset=\"https:\/\/iria.upc.edu\/wp-content\/uploads\/2025\/12\/prueba1-scaled.jpg 2560w, https:\/\/iria.upc.edu\/wp-content\/uploads\/2025\/12\/prueba1-300x300.jpg 300w, https:\/\/iria.upc.edu\/wp-content\/uploads\/2025\/12\/prueba1-1024x1024.jpg 1024w, https:\/\/iria.upc.edu\/wp-content\/uploads\/2025\/12\/prueba1-150x150.jpg 150w, https:\/\/iria.upc.edu\/wp-content\/uploads\/2025\/12\/prueba1-768x768.jpg 768w, https:\/\/iria.upc.edu\/wp-content\/uploads\/2025\/12\/prueba1-1536x1536.jpg 1536w, https:\/\/iria.upc.edu\/wp-content\/uploads\/2025\/12\/prueba1-2048x2048.jpg 2048w\" sizes=\"auto, (max-width: 2560px) 100vw, 2560px\" \/><\/a><\/figure>\n<\/figure>\n\n\n\n<div class=\"wp-block-group is-vertical is-layout-flex wp-container-core-group-is-layout-971a3e1f wp-block-group-is-layout-flex\" style=\"padding-top:var(--wp--preset--spacing--30)\">\n<h3 class=\"wp-block-heading\" style=\"padding-top:var(--wp--preset--spacing--20)\"><a href=\"https:\/\/iria.upc.edu\/index.php\/ae_habitatge\/\" data-type=\"link\" data-id=\"https:\/\/iria.upc.edu\/index.php\/ae_habitatge\/\">Arquitectura i sostenibilitat<\/a><\/h3>\n\n\n\n<p class=\"has-accent-4-color has-text-color has-link-color has-small-font-size wp-elements-8f112f54b66f3b3a274f62ab06a88172\">Recerca orientada a desenvolupar projectes, sistemes i estrat\u00e8gies arquitect\u00f2niques que redueixin l\u2019impacte ambiental i promoguin un desenvolupament sostenible.<\/p>\n<\/div>\n\n\n<\/div>\n\n\n\n<div class=\"wp-block-column is-layout-flow wp-container-core-column-is-layout-be95e8ed wp-block-column-is-layout-flow\" style=\"padding-top:0\">\n<figure class=\"wp-block-image size-full\"><a href=\"https:\/\/iria.upc.edu\/index.php\/le_tecniques-i-tecnologies-de-les-estructures-i-la-construccio\/\"><img loading=\"lazy\" decoding=\"async\" width=\"2560\" height=\"2560\" src=\"https:\/\/iria.upc.edu\/wp-content\/uploads\/2025\/12\/tecnologies-scaled.jpg\" alt=\"\" class=\"wp-image-697\" style=\"aspect-ratio:1;object-fit:cover\" srcset=\"https:\/\/iria.upc.edu\/wp-content\/uploads\/2025\/12\/tecnologies-scaled.jpg 2560w, https:\/\/iria.upc.edu\/wp-content\/uploads\/2025\/12\/tecnologies-300x300.jpg 300w, https:\/\/iria.upc.edu\/wp-content\/uploads\/2025\/12\/tecnologies-1024x1024.jpg 1024w, https:\/\/iria.upc.edu\/wp-content\/uploads\/2025\/12\/tecnologies-150x150.jpg 150w, https:\/\/iria.upc.edu\/wp-content\/uploads\/2025\/12\/tecnologies-768x768.jpg 768w, https:\/\/iria.upc.edu\/wp-content\/uploads\/2025\/12\/tecnologies-1536x1536.jpg 1536w, https:\/\/iria.upc.edu\/wp-content\/uploads\/2025\/12\/tecnologies-2048x2048.jpg 2048w\" sizes=\"auto, (max-width: 2560px) 100vw, 2560px\" \/><\/a><\/figure>\n\n\n\n<div class=\"wp-block-group is-vertical is-layout-flex wp-container-core-group-is-layout-971a3e1f wp-block-group-is-layout-flex\" style=\"padding-top:var(--wp--preset--spacing--30)\">\n<h3 class=\"wp-block-heading\" style=\"padding-top:var(--wp--preset--spacing--20)\"><a href=\"https:\/\/iria.upc.edu\/index.php\/le_tecniques-i-tecnologies-de-les-estructures-i-la-construccio\/\">T\u00e8cniques i tecnologies de les estructures i la construcci\u00f3<\/a><\/h3>\n\n\n\n<p class=\"has-accent-4-color has-text-color has-link-color has-small-font-size wp-elements-27b0a64d769a502840f3d83111d63957\">Investigaci\u00f3 sobre sistemes estructurals, processos constructius i tecnologies aplicades a l\u2019edificaci\u00f3, tant tradicionals com innovadores.<\/p>\n<\/div>\n\n\n<\/div>\n\n\n\n<div class=\"wp-block-column is-layout-flow wp-container-core-column-is-layout-be95e8ed wp-block-column-is-layout-flow\" style=\"padding-top:0\">\n<div class=\"wp-block-group is-vertical is-layout-flex wp-container-core-group-is-layout-971a3e1f wp-block-group-is-layout-flex\" style=\"padding-top:var(--wp--preset--spacing--30)\">\n<h3 class=\"wp-block-heading\" style=\"padding-top:var(--wp--preset--spacing--20)\"><\/h3>\n\n\n\n<p class=\"has-accent-4-color has-text-color has-link-color has-small-font-size wp-elements-f4c8b2fa2d89d0c05b059e07c754edac\"><\/p>\n<\/div>\n\n\n<\/div>\n<\/div>\n<\/div>\n\n\n\n<div class=\"wp-block-group alignfull is-style-default has-base-background-color has-background is-layout-flow wp-container-core-group-is-layout-2fa6ea01 wp-block-group-is-layout-flow\" style=\"padding-right:var(--wp--preset--spacing--60);padding-left:var(--wp--preset--spacing--20)\">\n<div class=\"wp-block-columns alignwide is-layout-flex wp-container-core-columns-is-layout-28f84493 wp-block-columns-is-layout-flex\">\n<div class=\"wp-block-column is-vertically-aligned-center is-layout-flow wp-block-column-is-layout-flow\" style=\"flex-basis:50%\">\n<div class=\"wp-block-stackable-text stk-block-text stk-block stk-dd13c8e\" data-block-id=\"dd13c8e\"><style>.stk-dd13c8e {border-style:solid !important;border-top-width:0px !important;border-right-width:0px !important;border-bottom-width:0px !important;border-left-width:0px !important;margin-left:80px !important;}.stk-dd13c8e .stk-block-text__text{font-size:var(u002du002dstku002du002dpresetu002du002dfont-sizeu002du002dx-large, 1.75rem) !important;}@media screen and (max-width: 1023px){.stk-dd13c8e .stk-block-text__text{font-size:var(u002du002dstku002du002dpresetu002du002dfont-sizeu002du002dx-large, 1.75rem) !important;}}<\/style><p class=\"stk-block-text__text\"><strong>Aportacions<\/strong><\/p><\/div>\n<\/div>\n<\/div>\n\n\n\n<div class=\"wp-block-columns alignwide is-layout-flex wp-container-core-columns-is-layout-e79a657b wp-block-columns-is-layout-flex\" style=\"padding-top:0\">\n<div class=\"wp-block-column is-layout-flow wp-block-column-is-layout-flow\"><\/div>\n\n\n\n<div class=\"wp-block-column is-layout-flow wp-block-column-is-layout-flow\">\n<p class=\"has-text-color has-extra-small-font-size\" style=\"color:#000000\">Benavent-Climent, A.; Oliver-Saiz, E.; Donaire-\u00c1vila, J. Seismic retrofitting of RC frames combining metallic dampers and limited strengthening with FRP\/SRP applying energy-based methods. <a href=\"https:\/\/doi.org\/10.1016\/j.soildyn.2023.108432\">https:\/\/doi.org\/10.1016\/j.soildyn.2023.108432<\/a><\/p>\n\n\n\n<p class=\"has-text-color has-extra-small-font-size\" style=\"color:#000000\">Benavent-Climent, A.; Oliver-Saiz, E.; Donaire-\u00c1vila, J. New connection between reinforced concrete building frames and concentric braces: Shaking table tests. (2015). Engineering Structures. 96, pp. 7 &#8211; 21. <a href=\"https:\/\/doiorg.recursos.biblioteca.upc.edu\/10.1016\/j.engstruct.2015.03.023\">https:\/\/doiorg.recursos.biblioteca.upc.edu\/10.1016\/j.engstruct.2015.03.023<\/a><\/p>\n\n\n\n<p class=\"has-text-color has-extra-small-font-size\" style=\"color:#000000\">Elena Oliver Saiz. Contrato de colaboraci\u00f3n para el estudio tipol\u00f3gico y delimitaci\u00f3n de criterios t\u00e9cnicos de dise\u00f1o sismorresistente de una torre de m\u00e1s de 120m de altura ubicada en la zona portuaria de M\u00e1laga. Financiat per SOCOTEC. 28\/10\/2024 fins a 28\/09\/2025.<\/p>\n\n\n\n<p class=\"has-text-color has-extra-small-font-size\" style=\"color:#000000\"><\/p>\n<\/div>\n\n\n\n<div class=\"wp-block-column is-layout-flow wp-block-column-is-layout-flow\">\n<p>Elena Oliver Saiz. Convenio de colaboraci\u00f3n para el asesoramiento t\u00e9cnico en el c\u00e1lculo s\u00edsmico del proyecto NEOM SHUSHAH ISLAND 3BCD. Financiat per BAC Engineering Consultancy Group. 02\/03\/2023 fins a 01\/03\/2024<\/p>\n\n\n\n<p class=\"has-text-color has-extra-small-font-size\" style=\"color:#000000\">Cap de projecte d\u2019estructures i especialista en enginyeria s\u00edsmica: BAC ECG (ara SOCOTEC). 2016\u20132022.<br><br><\/p>\n\n\n\n<p class=\"has-text-color has-extra-small-font-size\" style=\"color:#000000\"><\/p>\n<\/div>\n<\/div>\n<\/div>\n\n\n\n<div class=\"wp-block-group alignfull has-global-padding is-layout-constrained wp-container-core-group-is-layout-54af5b55 wp-block-group-is-layout-constrained\" style=\"margin-top:0;margin-bottom:0;padding-top:var(--wp--preset--spacing--60);padding-bottom:var(--wp--preset--spacing--60)\">\n<h2 class=\"wp-block-heading alignwide has-text-align-center has-x-large-font-size\">Grups de recerca<\/h2>\n\n\n\n<div class=\"wp-block-buttons alignwide has-custom-font-size has-medium-font-size is-content-justification-center is-layout-flex wp-container-core-buttons-is-layout-c124d1c4 wp-block-buttons-is-layout-flex\">\n<div class=\"wp-block-button\"><a class=\"wp-block-button__link wp-element-button\" href=\"https:\/\/dicea.upc.edu\/ca\/membres\/elena-oliver-saiz\">DiCEA &#8211; Disseny i c\u00e0lcul d&#8217;estructures arquitect\u00f2niques<\/a><\/div>\n<\/div>\n\n\n\n<p class=\"has-text-align-center\" style=\"font-size:clamp(0.929rem, 0.929rem + ((1vw - 0.2rem) * 0.739), 1.4rem);\"><strong><a href=\"https:\/\/futur.upc.edu\/MariaElenaOliverSaiz\">Enlla\u00e7 a futur \u2197<\/a><\/strong><\/p>\n<\/div>\n","protected":false},"excerpt":{"rendered":"<p>Elena Oliver Saiz LECTORA Elena Oliver Saiz \u00e9s arquitecta, m\u00e0ster i doctora en Estructures per la Universitat de Granada. La seva traject\u00f2ria professional i investigadora s\u2019ha centrat en el disseny sismorresistent i en la simulaci\u00f3 num\u00e8rica no lineal d\u2019estructures d&#8217;edificaci\u00f3.Durant l\u2019etapa predoctoral va ser benefici\u00e0ria d\u2019una beca FPU i va realitzar estades de recerca a [&hellip;]<\/p>\n","protected":false},"author":1,"featured_media":0,"parent":0,"menu_order":0,"comment_status":"closed","ping_status":"closed","template":"","meta":{"footnotes":""},"class_list":["post-1173","page","type-page","status-publish","hentry"],"_links":{"self":[{"href":"https:\/\/iria.upc.edu\/index.php\/wp-json\/wp\/v2\/pages\/1173","targetHints":{"allow":["GET"]}}],"collection":[{"href":"https:\/\/iria.upc.edu\/index.php\/wp-json\/wp\/v2\/pages"}],"about":[{"href":"https:\/\/iria.upc.edu\/index.php\/wp-json\/wp\/v2\/types\/page"}],"author":[{"embeddable":true,"href":"https:\/\/iria.upc.edu\/index.php\/wp-json\/wp\/v2\/users\/1"}],"replies":[{"embeddable":true,"href":"https:\/\/iria.upc.edu\/index.php\/wp-json\/wp\/v2\/comments?post=1173"}],"version-history":[{"count":9,"href":"https:\/\/iria.upc.edu\/index.php\/wp-json\/wp\/v2\/pages\/1173\/revisions"}],"predecessor-version":[{"id":1390,"href":"https:\/\/iria.upc.edu\/index.php\/wp-json\/wp\/v2\/pages\/1173\/revisions\/1390"}],"wp:attachment":[{"href":"https:\/\/iria.upc.edu\/index.php\/wp-json\/wp\/v2\/media?parent=1173"}],"curies":[{"name":"wp","href":"https:\/\/api.w.org\/{rel}","templated":true}]}}