{"id":1247,"date":"2026-03-12T12:22:48","date_gmt":"2026-03-12T12:22:48","guid":{"rendered":"https:\/\/iria.upc.edu\/?page_id=1247"},"modified":"2026-03-12T14:49:58","modified_gmt":"2026-03-12T14:49:58","slug":"le_urbanisme-espai-public-i-comunitat","status":"publish","type":"page","link":"https:\/\/iria.upc.edu\/index.php\/le_urbanisme-espai-public-i-comunitat\/","title":{"rendered":"LE_Urbanisme, espai p\u00fablic i comunitat"},"content":{"rendered":"\n<h2 data-wp-context---core-fit-text=\"core\/fit-text::{&quot;fontSize&quot;:&quot;&quot;}\" data-wp-init---core-fit-text=\"core\/fit-text::callbacks.init\" data-wp-interactive data-wp-style--font-size=\"core\/fit-text::context.fontSize\" class=\"wp-block-heading alignwide has-text-align-left has-fit-text\">urbanisme, espai p\u00fablic i comunitat<\/h2>\n\n\n\n<div class=\"wp-block-group alignfull is-style-default has-global-padding is-layout-constrained wp-block-group-is-layout-constrained\" style=\"margin-top:var(--wp--preset--spacing--30);margin-bottom:var(--wp--preset--spacing--30);padding-top:var(--wp--preset--spacing--30);padding-bottom:var(--wp--preset--spacing--30)\">\n<div class=\"wp-block-columns alignwide is-layout-flex wp-container-core-columns-is-layout-76483dd6 wp-block-columns-is-layout-flex\" style=\"padding-top:0;padding-bottom:0\">\n<div class=\"wp-block-column is-vertically-aligned-center is-layout-flow wp-container-core-column-is-layout-f744151e wp-block-column-is-layout-flow\" style=\"padding-top:0;padding-right:0;padding-bottom:0\">\n<pre class=\"wp-block-verse\" style=\"font-size:clamp(0.984rem, 0.984rem + ((1vw - 0.2rem) * 0.809), 1.5rem);\">Investigaci\u00f3 sobre la forma de la ciutat i els teixits urbans, el projecte urb\u00e0 i el disseny dels espais p\u00fablics. Aquesta l\u00ednia estudia models urbans que fomentin la interacci\u00f3 social, la cohesi\u00f3 comunit\u00e0ria i la resili\u00e8ncia urbana, promovent alhora la mobilitat sostenible, l\u2019accessibilitat universal i la millora de la qualitat de vida a les ciutats.<\/pre>\n\n\n\n<pre class=\"wp-block-verse has-medium-font-size\"><a href=\"https:\/\/iria.upc.edu\/index.php\/jordi-franquesa-sanchez\/\" data-type=\"link\" data-id=\"https:\/\/iria.upc.edu\/index.php\/jordi-franquesa-sanchez\/\"><em><strong>Jordi Franquesa i S\u00e0nchez<\/strong><\/em><br><\/a><a href=\"https:\/\/iria.upc.edu\/index.php\/carlos-marmolejo-duarte\/\" data-type=\"link\" data-id=\"https:\/\/iria.upc.edu\/index.php\/carlos-marmolejo-duarte\/\"><strong><em>Carlos Marmolejo Duarte <\/em><\/strong><\/a><br><strong><em><a href=\"https:\/\/iria.upc.edu\/index.php\/lluis-ortega-cerda\/\" data-type=\"link\" data-id=\"https:\/\/iria.upc.edu\/index.php\/lluis-ortega-cerda\/\">Llu\u00eds Ortega Cerd\u00e0<\/a><\/em><\/strong><br><a href=\"https:\/\/iria.upc.edu\/index.php\/alberto-penin-llobell\/\" data-type=\"link\" data-id=\"https:\/\/iria.upc.edu\/index.php\/alberto-penin-llobell\/\"><strong><em>Alberto Pe\u00f1\u00edn Llobell <\/em><\/strong><\/a><br><a href=\"https:\/\/iria.upc.edu\/index.php\/inmaculada-rodriguez-cantalapiedra\/\" data-type=\"link\" data-id=\"https:\/\/iria.upc.edu\/index.php\/inmaculada-rodriguez-cantalapiedra\/\"><strong><em>Inmaculada Rodr\u00edguez Cantalapiedra <\/em><\/strong><\/a><a href=\"https:\/\/iria.upc.edu\/index.php\/carlos-marmolejo-duarte\/\" data-type=\"link\" data-id=\"https:\/\/iria.upc.edu\/index.php\/carlos-marmolejo-duarte\/\"><br><\/a><strong><em><a href=\"https:\/\/iria.upc.edu\/index.php\/maria-rubert-de-ventos\/\">Maria Rubert de Vent\u00f3s<br><\/a><\/em><\/strong><strong><em><a href=\"https:\/\/iria.upc.edu\/index.php\/roger-sauquet-llonch\/\" data-type=\"link\" data-id=\"https:\/\/iria.upc.edu\/index.php\/roger-sauquet-llonch\/\">Roger Sauquet Llonch<br><\/a><\/em><\/strong><\/pre>\n<\/div>\n\n\n\n<div class=\"wp-block-column is-vertically-aligned-center is-layout-flow wp-block-column-is-layout-flow\" style=\"padding-top:var(--wp--preset--spacing--40);padding-bottom:var(--wp--preset--spacing--40)\">\n<figure class=\"wp-block-image size-full\"><img loading=\"lazy\" decoding=\"async\" width=\"2560\" height=\"2560\" src=\"https:\/\/iria.upc.edu\/wp-content\/uploads\/2025\/12\/prueba6-scaled.jpg\" alt=\"\" class=\"wp-image-419\" srcset=\"https:\/\/iria.upc.edu\/wp-content\/uploads\/2025\/12\/prueba6-scaled.jpg 2560w, https:\/\/iria.upc.edu\/wp-content\/uploads\/2025\/12\/prueba6-300x300.jpg 300w, https:\/\/iria.upc.edu\/wp-content\/uploads\/2025\/12\/prueba6-1024x1024.jpg 1024w, https:\/\/iria.upc.edu\/wp-content\/uploads\/2025\/12\/prueba6-150x150.jpg 150w, https:\/\/iria.upc.edu\/wp-content\/uploads\/2025\/12\/prueba6-768x768.jpg 768w, https:\/\/iria.upc.edu\/wp-content\/uploads\/2025\/12\/prueba6-1536x1536.jpg 1536w, https:\/\/iria.upc.edu\/wp-content\/uploads\/2025\/12\/prueba6-2048x2048.jpg 2048w\" sizes=\"auto, (max-width: 2560px) 100vw, 2560px\" \/><\/figure>\n<\/div>\n<\/div>\n<\/div>\n","protected":false},"excerpt":{"rendered":"<p>urbanisme, espai p\u00fablic i comunitat Investigaci\u00f3 sobre la forma de la ciutat i els teixits urbans, el projecte urb\u00e0 i el disseny dels espais p\u00fablics. Aquesta l\u00ednia estudia models urbans que fomentin la interacci\u00f3 social, la cohesi\u00f3 comunit\u00e0ria i la resili\u00e8ncia urbana, promovent alhora la mobilitat sostenible, l\u2019accessibilitat universal i la millora de la qualitat [&hellip;]<\/p>\n","protected":false},"author":1,"featured_media":0,"parent":0,"menu_order":0,"comment_status":"closed","ping_status":"closed","template":"","meta":{"footnotes":""},"class_list":["post-1247","page","type-page","status-publish","hentry"],"_links":{"self":[{"href":"https:\/\/iria.upc.edu\/index.php\/wp-json\/wp\/v2\/pages\/1247","targetHints":{"allow":["GET"]}}],"collection":[{"href":"https:\/\/iria.upc.edu\/index.php\/wp-json\/wp\/v2\/pages"}],"about":[{"href":"https:\/\/iria.upc.edu\/index.php\/wp-json\/wp\/v2\/types\/page"}],"author":[{"embeddable":true,"href":"https:\/\/iria.upc.edu\/index.php\/wp-json\/wp\/v2\/users\/1"}],"replies":[{"embeddable":true,"href":"https:\/\/iria.upc.edu\/index.php\/wp-json\/wp\/v2\/comments?post=1247"}],"version-history":[{"count":7,"href":"https:\/\/iria.upc.edu\/index.php\/wp-json\/wp\/v2\/pages\/1247\/revisions"}],"predecessor-version":[{"id":1284,"href":"https:\/\/iria.upc.edu\/index.php\/wp-json\/wp\/v2\/pages\/1247\/revisions\/1284"}],"wp:attachment":[{"href":"https:\/\/iria.upc.edu\/index.php\/wp-json\/wp\/v2\/media?parent=1247"}],"curies":[{"name":"wp","href":"https:\/\/api.w.org\/{rel}","templated":true}]}}