{"id":1270,"date":"2026-03-12T14:53:39","date_gmt":"2026-03-12T14:53:39","guid":{"rendered":"https:\/\/iria.upc.edu\/?page_id=1270"},"modified":"2026-03-12T14:53:39","modified_gmt":"2026-03-12T14:53:39","slug":"le_patrimoni-arquitectonic-i-urba","status":"publish","type":"page","link":"https:\/\/iria.upc.edu\/index.php\/le_patrimoni-arquitectonic-i-urba\/","title":{"rendered":"LE_Patrimoni arquitect\u00f2nic i urb\u00e0"},"content":{"rendered":"\n<h2 data-wp-context---core-fit-text=\"core\/fit-text::{&quot;fontSize&quot;:&quot;&quot;}\" data-wp-init---core-fit-text=\"core\/fit-text::callbacks.init\" data-wp-interactive data-wp-style--font-size=\"core\/fit-text::context.fontSize\" class=\"wp-block-heading alignwide has-text-align-left has-fit-text\">patrimoni arquitect\u00f2nic i urb\u00e0<\/h2>\n\n\n\n<div class=\"wp-block-group alignfull is-style-default has-global-padding is-layout-constrained wp-block-group-is-layout-constrained\" style=\"margin-top:var(--wp--preset--spacing--30);margin-bottom:var(--wp--preset--spacing--30);padding-top:var(--wp--preset--spacing--30);padding-bottom:var(--wp--preset--spacing--30)\">\n<div class=\"wp-block-columns alignwide is-layout-flex wp-container-core-columns-is-layout-76483dd6 wp-block-columns-is-layout-flex\" style=\"padding-top:0;padding-bottom:0\">\n<div class=\"wp-block-column is-vertically-aligned-center is-layout-flow wp-container-core-column-is-layout-f744151e wp-block-column-is-layout-flow\" style=\"padding-top:0;padding-right:0;padding-bottom:0\">\n<pre class=\"wp-block-verse\" style=\"font-size:clamp(0.984rem, 0.984rem + ((1vw - 0.2rem) * 0.809), 1.5rem);\">Recerca centrada en les t\u00e8cniques i estrat\u00e8gies de conservaci\u00f3, restauraci\u00f3 i valoritzaci\u00f3 del patrimoni arquitect\u00f2nic i urb\u00e0. Aquesta l\u00ednia analitza la seva dimensi\u00f3 hist\u00f2rica, cultural i social i promou metodologies per preservar-lo i integrar-lo en els processos contemporanis de transformaci\u00f3 de la ciutat i del territori.<\/pre>\n\n\n\n<pre class=\"wp-block-verse has-medium-font-size\"><a href=\"https:\/\/iria.upc.edu\/index.php\/joan-casals-panella\/\" data-type=\"link\" data-id=\"https:\/\/iria.upc.edu\/index.php\/joan-casals-panella\/\"><strong><em>Joan Casals Pa\u00f1ella<\/em><\/strong><br><\/a><a href=\"https:\/\/iria.upc.edu\/index.php\/jaime-coll-lopez\/\" data-type=\"link\" data-id=\"https:\/\/iria.upc.edu\/index.php\/jaime-coll-lopez\/\"><strong><em>Jaime Coll L\u00f3pez<\/em><\/strong><br><\/a><strong><em><a href=\"https:\/\/iria.upc.edu\/index.php\/cossima-cornado-bardon\/\" data-type=\"link\" data-id=\"https:\/\/iria.upc.edu\/index.php\/cossima-cornado-bardon\/\">C\u00f2ssima Cornad\u00f3 Bardon <br><\/a><a href=\"https:\/\/iria.upc.edu\/index.php\/jordi-franquesa-sanchez\/\" data-type=\"link\" data-id=\"https:\/\/iria.upc.edu\/index.php\/jordi-franquesa-sanchez\/\">Jordi Franquesa i S\u00e0nchez<\/a><\/em><\/strong><br><strong><em><a href=\"https:\/\/iria.upc.edu\/index.php\/pilar-garcia-almirall\/\" data-type=\"link\" data-id=\"https:\/\/iria.upc.edu\/index.php\/pilar-garcia-almirall\/\">Pilar Garc\u00eda Almirall<br><\/a><\/em><\/strong><a href=\"https:\/\/iria.upc.edu\/index.php\/carolina-b-garcia-estevez\/\" data-type=\"link\" data-id=\"https:\/\/iria.upc.edu\/index.php\/carolina-b-garcia-estevez\/\"><strong><em>Carolina B. Garc\u00eda-Estevez<\/em><\/strong><br><\/a><a href=\"https:\/\/iria.upc.edu\/index.php\/queralt-garriga-gimeno\/\" data-type=\"link\" data-id=\"https:\/\/iria.upc.edu\/index.php\/queralt-garriga-gimeno\/\"><strong><em>Queralt Garriga Gimeno  <\/em><\/strong><br><\/a><strong><em><a href=\"https:\/\/iria.upc.edu\/index.php\/ramon-graus-rovira\/\" data-type=\"link\" data-id=\"https:\/\/iria.upc.edu\/index.php\/ramon-graus-rovira\/\">Ramon Graus Rovira<br><\/a><\/em><\/strong><a href=\"https:\/\/iria.upc.edu\/index.php\/antonio-pizza-de-nanno\/\" data-type=\"link\" data-id=\"https:\/\/iria.upc.edu\/index.php\/antonio-pizza-de-nanno\/\"><strong><em>Antonio Pizza de Nanno <\/em><\/strong><br><\/a><strong><em><a href=\"https:\/\/iria.upc.edu\/index.php\/maribel-rossello-nicolau\/\" data-type=\"link\" data-id=\"https:\/\/iria.upc.edu\/index.php\/maribel-rossello-nicolau\/\">Maribel Rossell\u00f3 Nicolau<br><\/a><a href=\"https:\/\/iria.upc.edu\/index.php\/roger-sauquet-llonch\/\" data-type=\"link\" data-id=\"https:\/\/iria.upc.edu\/index.php\/roger-sauquet-llonch\/\">Roger Sauquet Llonch<\/a><br><\/em><\/strong><\/pre>\n\n\n\n<p class=\"has-medium-font-size\"><strong><em><a href=\"https:\/\/iria.upc.edu\/index.php\/roger-sauquet-llonch\/\" data-type=\"link\" data-id=\"https:\/\/iria.upc.edu\/index.php\/roger-sauquet-llonch\/\"><br><\/a><\/em><\/strong><\/p>\n<\/div>\n\n\n\n<div class=\"wp-block-column is-vertically-aligned-center is-layout-flow wp-block-column-is-layout-flow\" style=\"padding-top:var(--wp--preset--spacing--40);padding-bottom:var(--wp--preset--spacing--40)\">\n<figure class=\"wp-block-image size-full\"><img loading=\"lazy\" decoding=\"async\" width=\"2560\" height=\"2560\" src=\"https:\/\/iria.upc.edu\/wp-content\/uploads\/2025\/12\/prueba8-1-scaled.jpg\" alt=\"\" class=\"wp-image-422\" srcset=\"https:\/\/iria.upc.edu\/wp-content\/uploads\/2025\/12\/prueba8-1-scaled.jpg 2560w, https:\/\/iria.upc.edu\/wp-content\/uploads\/2025\/12\/prueba8-1-300x300.jpg 300w, https:\/\/iria.upc.edu\/wp-content\/uploads\/2025\/12\/prueba8-1-1024x1024.jpg 1024w, https:\/\/iria.upc.edu\/wp-content\/uploads\/2025\/12\/prueba8-1-150x150.jpg 150w, https:\/\/iria.upc.edu\/wp-content\/uploads\/2025\/12\/prueba8-1-768x768.jpg 768w, https:\/\/iria.upc.edu\/wp-content\/uploads\/2025\/12\/prueba8-1-1536x1536.jpg 1536w, https:\/\/iria.upc.edu\/wp-content\/uploads\/2025\/12\/prueba8-1-2048x2048.jpg 2048w\" sizes=\"auto, (max-width: 2560px) 100vw, 2560px\" \/><\/figure>\n<\/div>\n<\/div>\n<\/div>\n","protected":false},"excerpt":{"rendered":"<p>patrimoni arquitect\u00f2nic i urb\u00e0 Recerca centrada en les t\u00e8cniques i estrat\u00e8gies de conservaci\u00f3, restauraci\u00f3 i valoritzaci\u00f3 del patrimoni arquitect\u00f2nic i urb\u00e0. Aquesta l\u00ednia analitza la seva dimensi\u00f3 hist\u00f2rica, cultural i social i promou metodologies per preservar-lo i integrar-lo en els processos contemporanis de transformaci\u00f3 de la ciutat i del territori. Joan Casals Pa\u00f1ellaJaime Coll L\u00f3pezC\u00f2ssima [&hellip;]<\/p>\n","protected":false},"author":1,"featured_media":0,"parent":0,"menu_order":0,"comment_status":"closed","ping_status":"closed","template":"","meta":{"footnotes":""},"class_list":["post-1270","page","type-page","status-publish","hentry"],"_links":{"self":[{"href":"https:\/\/iria.upc.edu\/index.php\/wp-json\/wp\/v2\/pages\/1270","targetHints":{"allow":["GET"]}}],"collection":[{"href":"https:\/\/iria.upc.edu\/index.php\/wp-json\/wp\/v2\/pages"}],"about":[{"href":"https:\/\/iria.upc.edu\/index.php\/wp-json\/wp\/v2\/types\/page"}],"author":[{"embeddable":true,"href":"https:\/\/iria.upc.edu\/index.php\/wp-json\/wp\/v2\/users\/1"}],"replies":[{"embeddable":true,"href":"https:\/\/iria.upc.edu\/index.php\/wp-json\/wp\/v2\/comments?post=1270"}],"version-history":[{"count":5,"href":"https:\/\/iria.upc.edu\/index.php\/wp-json\/wp\/v2\/pages\/1270\/revisions"}],"predecessor-version":[{"id":1287,"href":"https:\/\/iria.upc.edu\/index.php\/wp-json\/wp\/v2\/pages\/1270\/revisions\/1287"}],"wp:attachment":[{"href":"https:\/\/iria.upc.edu\/index.php\/wp-json\/wp\/v2\/media?parent=1270"}],"curies":[{"name":"wp","href":"https:\/\/api.w.org\/{rel}","templated":true}]}}