{"id":1315,"date":"2026-03-12T16:49:43","date_gmt":"2026-03-12T16:49:43","guid":{"rendered":"https:\/\/iria.upc.edu\/?page_id=1315"},"modified":"2026-03-16T12:21:14","modified_gmt":"2026-03-16T12:21:14","slug":"le_representacio-i-comunicacio","status":"publish","type":"page","link":"https:\/\/iria.upc.edu\/index.php\/le_representacio-i-comunicacio\/","title":{"rendered":"LE_Representaci\u00f3 i comunicaci\u00f3"},"content":{"rendered":"\n<h2 data-wp-context---core-fit-text=\"core\/fit-text::{&quot;fontSize&quot;:&quot;&quot;}\" data-wp-init---core-fit-text=\"core\/fit-text::callbacks.init\" data-wp-interactive data-wp-style--font-size=\"core\/fit-text::context.fontSize\" class=\"wp-block-heading alignwide has-text-align-left has-fit-text\">representaci\u00f3 i comunicaci\u00f3<\/h2>\n\n\n\n<div class=\"wp-block-group alignfull is-style-default has-global-padding is-layout-constrained wp-block-group-is-layout-constrained\" style=\"margin-top:var(--wp--preset--spacing--30);margin-bottom:var(--wp--preset--spacing--30);padding-top:var(--wp--preset--spacing--30);padding-bottom:var(--wp--preset--spacing--30)\">\n<div class=\"wp-block-columns alignwide is-layout-flex wp-container-core-columns-is-layout-76483dd6 wp-block-columns-is-layout-flex\" style=\"padding-top:0;padding-bottom:0\">\n<div class=\"wp-block-column is-vertically-aligned-center is-layout-flow wp-container-core-column-is-layout-f744151e wp-block-column-is-layout-flow\" style=\"padding-top:0;padding-right:0;padding-bottom:0\">\n<pre class=\"wp-block-verse\" style=\"font-size:clamp(0.984rem, 0.984rem + ((1vw - 0.2rem) * 0.809), 1.5rem);\">Recerca orientada al desenvolupament de noves eines i procediments per representar i generar arquitectura. Aquesta l\u00ednia explora sistemes de gesti\u00f3 de la informaci\u00f3 i la integraci\u00f3 de tecnologies digitals i d\u2019intel\u00b7lig\u00e8ncia artificial en els processos de representaci\u00f3, an\u00e0lisi i comunicaci\u00f3 del projecte arquitect\u00f2nic.<\/pre>\n\n\n\n<pre class=\"wp-block-verse has-medium-font-size\"><a href=\"https:\/\/iria.upc.edu\/index.php\/jaime-coll-lopez\/\" data-type=\"link\" data-id=\"https:\/\/iria.upc.edu\/index.php\/jaime-coll-lopez\/\"><strong><em>Jaime Coll L\u00f3pez<\/em><\/strong><\/a><br><strong><em><a href=\"https:\/\/iria.upc.edu\/index.php\/jordi-franquesa-sanchez\/\" data-type=\"link\" data-id=\"https:\/\/iria.upc.edu\/index.php\/jordi-franquesa-sanchez\/\">Jordi Franquesa i S\u00e0nchez<\/a><\/em><\/strong><br><strong><em><a href=\"https:\/\/iria.upc.edu\/index.php\/pilar-garcia-almirall\/\" data-type=\"link\" data-id=\"https:\/\/iria.upc.edu\/index.php\/pilar-garcia-almirall\/\">Pilar Garc\u00eda Almirall<\/a><\/em><\/strong><br><a href=\"https:\/\/iria.upc.edu\/index.php\/carolina-b-garcia-estevez\/\" data-type=\"link\" data-id=\"https:\/\/iria.upc.edu\/index.php\/carolina-b-garcia-estevez\/\"><strong><em>Carolina B. Garc\u00eda-Estevez<\/em><\/strong><\/a><br><a href=\"https:\/\/iria.upc.edu\/index.php\/queralt-garriga-gimeno\/\" data-type=\"link\" data-id=\"https:\/\/iria.upc.edu\/index.php\/queralt-garriga-gimeno\/\"><strong><em>Queralt Garriga Gimeno  <\/em><\/strong><\/a><br><strong><em><a href=\"https:\/\/iria.upc.edu\/index.php\/lluis-gimenez-mateu\/\" data-type=\"page\" data-id=\"1116\">Llu\u00eds Gim\u00e9nez Mateu<\/a><\/em><\/strong><br><strong><em><a href=\"https:\/\/iria.upc.edu\/index.php\/david-hernandez-falagan\/\" data-type=\"page\" data-id=\"1120\">David Hern\u00e1ndez Falag\u00e1n <\/a><\/em><\/strong><br><em><strong><a href=\"https:\/\/iria.upc.edu\/index.php\/alberto-penin-llobell\/\" data-type=\"page\" data-id=\"1140\">Alberto Pe\u00f1\u00edn Llobell <\/a><\/strong><\/em><strong><em><a href=\"https:\/\/iria.upc.edu\/index.php\/david-hernandez-falagan\/\" data-type=\"page\" data-id=\"1120\"><br><\/a><a href=\"https:\/\/iria.upc.edu\/index.php\/antonio-pizza-de-nanno\/\" data-type=\"page\" data-id=\"1143\">Antonio Pizza de Nanno <\/a><\/em><\/strong><br><strong><em><a href=\"https:\/\/iria.upc.edu\/index.php\/maria-rubert-de-ventos\/\" data-type=\"page\" data-id=\"1157\">Maria Rubert de Vent\u00f3s <\/a><\/em><\/strong><br><strong><em><a href=\"https:\/\/iria.upc.edu\/index.php\/amadeu-santacana-juncana\/\" data-type=\"page\" data-id=\"1162\">Amadeu Santacana Juncosa <\/a><\/em><\/strong><br><strong><em><a href=\"https:\/\/iria.upc.edu\/index.php\/roger-sauquet-llonch\/\" data-type=\"link\" data-id=\"https:\/\/iria.upc.edu\/index.php\/roger-sauquet-llonch\/\">Roger Sauquet Llonch<\/a><br><\/em><\/strong><br><\/pre>\n\n\n\n<p class=\"has-medium-font-size\"><strong><em><a href=\"https:\/\/iria.upc.edu\/index.php\/roger-sauquet-llonch\/\" data-type=\"link\" data-id=\"https:\/\/iria.upc.edu\/index.php\/roger-sauquet-llonch\/\"><br><\/a><\/em><\/strong><\/p>\n<\/div>\n\n\n\n<div class=\"wp-block-column is-vertically-aligned-center is-layout-flow wp-block-column-is-layout-flow\" style=\"padding-top:var(--wp--preset--spacing--40);padding-bottom:var(--wp--preset--spacing--40)\">\n<figure class=\"wp-block-image size-full\"><img loading=\"lazy\" decoding=\"async\" width=\"2232\" height=\"2232\" src=\"https:\/\/iria.upc.edu\/wp-content\/uploads\/2025\/12\/Jueves-28-Oct-1-6-1.jpg\" alt=\"\" class=\"wp-image-698\" srcset=\"https:\/\/iria.upc.edu\/wp-content\/uploads\/2025\/12\/Jueves-28-Oct-1-6-1.jpg 2232w, https:\/\/iria.upc.edu\/wp-content\/uploads\/2025\/12\/Jueves-28-Oct-1-6-1-300x300.jpg 300w, https:\/\/iria.upc.edu\/wp-content\/uploads\/2025\/12\/Jueves-28-Oct-1-6-1-1024x1024.jpg 1024w, https:\/\/iria.upc.edu\/wp-content\/uploads\/2025\/12\/Jueves-28-Oct-1-6-1-150x150.jpg 150w, https:\/\/iria.upc.edu\/wp-content\/uploads\/2025\/12\/Jueves-28-Oct-1-6-1-768x768.jpg 768w, https:\/\/iria.upc.edu\/wp-content\/uploads\/2025\/12\/Jueves-28-Oct-1-6-1-1536x1536.jpg 1536w, https:\/\/iria.upc.edu\/wp-content\/uploads\/2025\/12\/Jueves-28-Oct-1-6-1-2048x2048.jpg 2048w\" sizes=\"auto, (max-width: 2232px) 100vw, 2232px\" \/><\/figure>\n<\/div>\n<\/div>\n<\/div>\n","protected":false},"excerpt":{"rendered":"<p>representaci\u00f3 i comunicaci\u00f3 Recerca orientada al desenvolupament de noves eines i procediments per representar i generar arquitectura. Aquesta l\u00ednia explora sistemes de gesti\u00f3 de la informaci\u00f3 i la integraci\u00f3 de tecnologies digitals i d\u2019intel\u00b7lig\u00e8ncia artificial en els processos de representaci\u00f3, an\u00e0lisi i comunicaci\u00f3 del projecte arquitect\u00f2nic. Jaime Coll L\u00f3pezJordi Franquesa i S\u00e0nchezPilar Garc\u00eda AlmirallCarolina B. [&hellip;]<\/p>\n","protected":false},"author":1,"featured_media":0,"parent":0,"menu_order":0,"comment_status":"closed","ping_status":"closed","template":"","meta":{"footnotes":""},"class_list":["post-1315","page","type-page","status-publish","hentry"],"_links":{"self":[{"href":"https:\/\/iria.upc.edu\/index.php\/wp-json\/wp\/v2\/pages\/1315","targetHints":{"allow":["GET"]}}],"collection":[{"href":"https:\/\/iria.upc.edu\/index.php\/wp-json\/wp\/v2\/pages"}],"about":[{"href":"https:\/\/iria.upc.edu\/index.php\/wp-json\/wp\/v2\/types\/page"}],"author":[{"embeddable":true,"href":"https:\/\/iria.upc.edu\/index.php\/wp-json\/wp\/v2\/users\/1"}],"replies":[{"embeddable":true,"href":"https:\/\/iria.upc.edu\/index.php\/wp-json\/wp\/v2\/comments?post=1315"}],"version-history":[{"count":3,"href":"https:\/\/iria.upc.edu\/index.php\/wp-json\/wp\/v2\/pages\/1315\/revisions"}],"predecessor-version":[{"id":1413,"href":"https:\/\/iria.upc.edu\/index.php\/wp-json\/wp\/v2\/pages\/1315\/revisions\/1413"}],"wp:attachment":[{"href":"https:\/\/iria.upc.edu\/index.php\/wp-json\/wp\/v2\/media?parent=1315"}],"curies":[{"name":"wp","href":"https:\/\/api.w.org\/{rel}","templated":true}]}}