{"id":1316,"date":"2026-03-12T16:48:32","date_gmt":"2026-03-12T16:48:32","guid":{"rendered":"https:\/\/iria.upc.edu\/?page_id=1316"},"modified":"2026-03-16T12:14:46","modified_gmt":"2026-03-16T12:14:46","slug":"le_territori-i-paisatge","status":"publish","type":"page","link":"https:\/\/iria.upc.edu\/index.php\/le_territori-i-paisatge\/","title":{"rendered":"LE_Territori i paisatge"},"content":{"rendered":"\n<h2 data-wp-context---core-fit-text=\"core\/fit-text::{&quot;fontSize&quot;:&quot;&quot;}\" data-wp-init---core-fit-text=\"core\/fit-text::callbacks.init\" data-wp-interactive data-wp-style--font-size=\"core\/fit-text::context.fontSize\" class=\"wp-block-heading alignwide has-text-align-left has-fit-text\">territori i paisatge<\/h2>\n\n\n\n<div class=\"wp-block-group alignfull is-style-default has-global-padding is-layout-constrained wp-block-group-is-layout-constrained\" style=\"margin-top:var(--wp--preset--spacing--30);margin-bottom:var(--wp--preset--spacing--30);padding-top:var(--wp--preset--spacing--30);padding-bottom:var(--wp--preset--spacing--30)\">\n<div class=\"wp-block-columns alignwide is-layout-flex wp-container-core-columns-is-layout-76483dd6 wp-block-columns-is-layout-flex\" style=\"padding-top:0;padding-bottom:0\">\n<div class=\"wp-block-column is-vertically-aligned-center is-layout-flow wp-container-core-column-is-layout-f744151e wp-block-column-is-layout-flow\" style=\"padding-top:0;padding-right:0;padding-bottom:0\">\n<pre class=\"wp-block-verse\" style=\"font-size:clamp(0.984rem, 0.984rem + ((1vw - 0.2rem) * 0.809), 1.5rem);\">Investigaci\u00f3 sobre l\u2019ordenaci\u00f3 territorial, la gesti\u00f3 i el projecte del paisatge. Aquesta l\u00ednia aborda el desenvolupament de models territorials, la relaci\u00f3 entre ciutat i territori i la preservaci\u00f3 dels paisatges culturals, integrant criteris ambientals, socials i culturals en la planificaci\u00f3 del territori.<\/pre>\n\n\n\n<pre class=\"wp-block-verse has-medium-font-size\"><strong><em><a href=\"https:\/\/iria.upc.edu\/index.php\/jaime-coll-lopez\/\" data-type=\"link\" data-id=\"https:\/\/iria.upc.edu\/index.php\/jaime-coll-lopez\/\">Jaime Coll L\u00f3pez<\/a><\/em><\/strong><br><strong><em><a href=\"https:\/\/iria.upc.edu\/index.php\/joan-casals-panella\/\" data-type=\"link\" data-id=\"https:\/\/iria.upc.edu\/index.php\/joan-casals-panella\/\"><a href=\"https:\/\/iria.upc.edu\/index.php\/jordi-franquesa-sanchez\/\" data-type=\"link\" data-id=\"https:\/\/iria.upc.edu\/index.php\/jordi-franquesa-sanchez\/\">Jordi Franquesa i S\u00e0nchez<\/a><\/a><\/em><\/strong><br><strong><em><a href=\"https:\/\/iria.upc.edu\/index.php\/david-hernandez-falagan\/\" data-type=\"page\" data-id=\"1120\">David Hern\u00e1ndez Falag\u00e1n <\/a><\/em><\/strong><br><strong><em><a href=\"https:\/\/iria.upc.edu\/index.php\/alberto-penin-llobell\/\" data-type=\"page\" data-id=\"1140\">Alberto Pe\u00f1\u00edn Llobell <\/a><br><a href=\"https:\/\/iria.upc.edu\/index.php\/maria-rubert-de-ventos\/\" data-type=\"page\" data-id=\"1157\">Maria Rubert de Vent\u00f3s <br><\/a><a href=\"https:\/\/iria.upc.edu\/index.php\/amadeu-santacana-juncana\/\" data-type=\"page\" data-id=\"1162\">Amadeu Santacana Juncosa <\/a><\/em><\/strong><br><strong><em><a href=\"https:\/\/iria.upc.edu\/index.php\/roger-sauquet-llonch\/\" data-type=\"link\" data-id=\"https:\/\/iria.upc.edu\/index.php\/roger-sauquet-llonch\/\">Roger Sauquet Llonch<\/a><a href=\"https:\/\/iria.upc.edu\/index.php\/amadeu-santacana-juncana\/\" data-type=\"page\" data-id=\"1162\"><br><\/a><a href=\"https:\/\/iria.upc.edu\/index.php\/maribel-rossello-nicolau\/\" data-type=\"link\" data-id=\"https:\/\/iria.upc.edu\/index.php\/maribel-rossello-nicolau\/\"><br><\/a><br><\/em><\/strong><\/pre>\n\n\n\n<p class=\"has-medium-font-size\"><strong><em><a href=\"https:\/\/iria.upc.edu\/index.php\/roger-sauquet-llonch\/\" data-type=\"link\" data-id=\"https:\/\/iria.upc.edu\/index.php\/roger-sauquet-llonch\/\"><br><\/a><\/em><\/strong><\/p>\n<\/div>\n\n\n\n<div class=\"wp-block-column is-vertically-aligned-center is-layout-flow wp-block-column-is-layout-flow\" style=\"padding-top:var(--wp--preset--spacing--40);padding-bottom:var(--wp--preset--spacing--40)\">\n<figure class=\"wp-block-image size-full\"><img loading=\"lazy\" decoding=\"async\" width=\"2560\" height=\"2560\" src=\"https:\/\/iria.upc.edu\/wp-content\/uploads\/2025\/12\/prueba18-scaled.jpg\" alt=\"\" class=\"wp-image-439\" srcset=\"https:\/\/iria.upc.edu\/wp-content\/uploads\/2025\/12\/prueba18-scaled.jpg 2560w, https:\/\/iria.upc.edu\/wp-content\/uploads\/2025\/12\/prueba18-300x300.jpg 300w, https:\/\/iria.upc.edu\/wp-content\/uploads\/2025\/12\/prueba18-1024x1024.jpg 1024w, https:\/\/iria.upc.edu\/wp-content\/uploads\/2025\/12\/prueba18-150x150.jpg 150w, https:\/\/iria.upc.edu\/wp-content\/uploads\/2025\/12\/prueba18-768x768.jpg 768w, https:\/\/iria.upc.edu\/wp-content\/uploads\/2025\/12\/prueba18-1536x1536.jpg 1536w, https:\/\/iria.upc.edu\/wp-content\/uploads\/2025\/12\/prueba18-2048x2048.jpg 2048w\" sizes=\"auto, (max-width: 2560px) 100vw, 2560px\" \/><\/figure>\n<\/div>\n<\/div>\n<\/div>\n","protected":false},"excerpt":{"rendered":"<p>territori i paisatge Investigaci\u00f3 sobre l\u2019ordenaci\u00f3 territorial, la gesti\u00f3 i el projecte del paisatge. Aquesta l\u00ednia aborda el desenvolupament de models territorials, la relaci\u00f3 entre ciutat i territori i la preservaci\u00f3 dels paisatges culturals, integrant criteris ambientals, socials i culturals en la planificaci\u00f3 del territori. Jaime Coll L\u00f3pezJordi Franquesa i S\u00e0nchezDavid Hern\u00e1ndez Falag\u00e1n Alberto Pe\u00f1\u00edn [&hellip;]<\/p>\n","protected":false},"author":1,"featured_media":0,"parent":0,"menu_order":0,"comment_status":"closed","ping_status":"closed","template":"","meta":{"footnotes":""},"class_list":["post-1316","page","type-page","status-publish","hentry"],"_links":{"self":[{"href":"https:\/\/iria.upc.edu\/index.php\/wp-json\/wp\/v2\/pages\/1316","targetHints":{"allow":["GET"]}}],"collection":[{"href":"https:\/\/iria.upc.edu\/index.php\/wp-json\/wp\/v2\/pages"}],"about":[{"href":"https:\/\/iria.upc.edu\/index.php\/wp-json\/wp\/v2\/types\/page"}],"author":[{"embeddable":true,"href":"https:\/\/iria.upc.edu\/index.php\/wp-json\/wp\/v2\/users\/1"}],"replies":[{"embeddable":true,"href":"https:\/\/iria.upc.edu\/index.php\/wp-json\/wp\/v2\/comments?post=1316"}],"version-history":[{"count":4,"href":"https:\/\/iria.upc.edu\/index.php\/wp-json\/wp\/v2\/pages\/1316\/revisions"}],"predecessor-version":[{"id":1412,"href":"https:\/\/iria.upc.edu\/index.php\/wp-json\/wp\/v2\/pages\/1316\/revisions\/1412"}],"wp:attachment":[{"href":"https:\/\/iria.upc.edu\/index.php\/wp-json\/wp\/v2\/media?parent=1316"}],"curies":[{"name":"wp","href":"https:\/\/api.w.org\/{rel}","templated":true}]}}