{"id":1318,"date":"2026-03-12T16:47:44","date_gmt":"2026-03-12T16:47:44","guid":{"rendered":"https:\/\/iria.upc.edu\/?page_id=1318"},"modified":"2026-03-16T12:14:01","modified_gmt":"2026-03-16T12:14:01","slug":"le_habitabilitat","status":"publish","type":"page","link":"https:\/\/iria.upc.edu\/index.php\/le_habitabilitat\/","title":{"rendered":"LE_Habitabilitat"},"content":{"rendered":"\n<h2 data-wp-context---core-fit-text=\"core\/fit-text::{&quot;fontSize&quot;:&quot;&quot;}\" data-wp-init---core-fit-text=\"core\/fit-text::callbacks.init\" data-wp-interactive data-wp-style--font-size=\"core\/fit-text::context.fontSize\" class=\"wp-block-heading alignwide has-text-align-left has-fit-text\">habitabilitat<\/h2>\n\n\n\n<div class=\"wp-block-group alignfull is-style-default has-global-padding is-layout-constrained wp-block-group-is-layout-constrained\" style=\"margin-top:var(--wp--preset--spacing--30);margin-bottom:var(--wp--preset--spacing--30);padding-top:var(--wp--preset--spacing--30);padding-bottom:var(--wp--preset--spacing--30)\">\n<div class=\"wp-block-columns alignwide is-layout-flex wp-container-core-columns-is-layout-76483dd6 wp-block-columns-is-layout-flex\" style=\"padding-top:0;padding-bottom:0\">\n<div class=\"wp-block-column is-vertically-aligned-center is-layout-flow wp-container-core-column-is-layout-f744151e wp-block-column-is-layout-flow\" style=\"padding-top:0;padding-right:0;padding-bottom:0\">\n<pre class=\"wp-block-verse\" style=\"font-size:clamp(0.984rem, 0.984rem + ((1vw - 0.2rem) * 0.809), 1.5rem);\">Recerca sobre les noves maneres d\u2019habitar i sobre les pol\u00edtiques i projectes innovadors relacionats amb l\u2019habitatge. Aquesta l\u00ednia estudia tamb\u00e9 la relaci\u00f3 entre arquitectura, salut i benestar dels usuaris, analitzant com els espais constru\u00efts influeixen en la qualitat de vida de les persones.<\/pre>\n\n\n\n<pre class=\"wp-block-verse has-medium-font-size\"><strong><em><a href=\"https:\/\/iria.upc.edu\/index.php\/jaime-coll-lopez\/\" data-type=\"link\" data-id=\"https:\/\/iria.upc.edu\/index.php\/jaime-coll-lopez\/\">Jaime Coll L\u00f3pez<\/a><\/em><\/strong><a href=\"https:\/\/iria.upc.edu\/index.php\/jaime-coll-lopez\/\" data-type=\"link\" data-id=\"https:\/\/iria.upc.edu\/index.php\/jaime-coll-lopez\/\"><br><\/a><strong><em><a href=\"https:\/\/iria.upc.edu\/index.php\/david-hernandez-falagan\/\" data-type=\"page\" data-id=\"1120\">David Hern\u00e1ndez Falag\u00e1n<\/a><\/em><\/strong><br><strong><em><a href=\"https:\/\/iria.upc.edu\/index.php\/alberto-penin-llobell\/\" data-type=\"page\" data-id=\"1140\">Alberto Pe\u00f1\u00edn Llobell<\/a><\/em><\/strong><br><strong><em><a href=\"https:\/\/iria.upc.edu\/index.php\/amadeu-santacana-juncana\/\" data-type=\"page\" data-id=\"1162\">Amadeu Santacana Juncosa<br><\/a><a href=\"https:\/\/iria.upc.edu\/index.php\/alberto-penin-llobell\/\" data-type=\"page\" data-id=\"1140\"><br><\/a><br><\/em><\/strong><\/pre>\n\n\n\n<p class=\"has-medium-font-size\"><strong><em><a href=\"https:\/\/iria.upc.edu\/index.php\/roger-sauquet-llonch\/\" data-type=\"link\" data-id=\"https:\/\/iria.upc.edu\/index.php\/roger-sauquet-llonch\/\"><br><\/a><\/em><\/strong><\/p>\n<\/div>\n\n\n\n<div class=\"wp-block-column is-vertically-aligned-center is-layout-flow wp-block-column-is-layout-flow\" style=\"padding-top:var(--wp--preset--spacing--40);padding-bottom:var(--wp--preset--spacing--40)\">\n<figure class=\"wp-block-image size-full\"><img loading=\"lazy\" decoding=\"async\" width=\"1525\" height=\"1525\" src=\"https:\/\/iria.upc.edu\/wp-content\/uploads\/2025\/12\/habitabilitat.jpg\" alt=\"\" class=\"wp-image-616\" srcset=\"https:\/\/iria.upc.edu\/wp-content\/uploads\/2025\/12\/habitabilitat.jpg 1525w, https:\/\/iria.upc.edu\/wp-content\/uploads\/2025\/12\/habitabilitat-300x300.jpg 300w, https:\/\/iria.upc.edu\/wp-content\/uploads\/2025\/12\/habitabilitat-1024x1024.jpg 1024w, https:\/\/iria.upc.edu\/wp-content\/uploads\/2025\/12\/habitabilitat-150x150.jpg 150w, https:\/\/iria.upc.edu\/wp-content\/uploads\/2025\/12\/habitabilitat-768x768.jpg 768w\" sizes=\"auto, (max-width: 1525px) 100vw, 1525px\" \/><\/figure>\n<\/div>\n<\/div>\n<\/div>\n","protected":false},"excerpt":{"rendered":"<p>habitabilitat Recerca sobre les noves maneres d\u2019habitar i sobre les pol\u00edtiques i projectes innovadors relacionats amb l\u2019habitatge. Aquesta l\u00ednia estudia tamb\u00e9 la relaci\u00f3 entre arquitectura, salut i benestar dels usuaris, analitzant com els espais constru\u00efts influeixen en la qualitat de vida de les persones. Jaime Coll L\u00f3pezDavid Hern\u00e1ndez Falag\u00e1nAlberto Pe\u00f1\u00edn LlobellAmadeu Santacana Juncosa<\/p>\n","protected":false},"author":1,"featured_media":0,"parent":0,"menu_order":0,"comment_status":"closed","ping_status":"closed","template":"","meta":{"footnotes":""},"class_list":["post-1318","page","type-page","status-publish","hentry"],"_links":{"self":[{"href":"https:\/\/iria.upc.edu\/index.php\/wp-json\/wp\/v2\/pages\/1318","targetHints":{"allow":["GET"]}}],"collection":[{"href":"https:\/\/iria.upc.edu\/index.php\/wp-json\/wp\/v2\/pages"}],"about":[{"href":"https:\/\/iria.upc.edu\/index.php\/wp-json\/wp\/v2\/types\/page"}],"author":[{"embeddable":true,"href":"https:\/\/iria.upc.edu\/index.php\/wp-json\/wp\/v2\/users\/1"}],"replies":[{"embeddable":true,"href":"https:\/\/iria.upc.edu\/index.php\/wp-json\/wp\/v2\/comments?post=1318"}],"version-history":[{"count":4,"href":"https:\/\/iria.upc.edu\/index.php\/wp-json\/wp\/v2\/pages\/1318\/revisions"}],"predecessor-version":[{"id":1411,"href":"https:\/\/iria.upc.edu\/index.php\/wp-json\/wp\/v2\/pages\/1318\/revisions\/1411"}],"wp:attachment":[{"href":"https:\/\/iria.upc.edu\/index.php\/wp-json\/wp\/v2\/media?parent=1318"}],"curies":[{"name":"wp","href":"https:\/\/api.w.org\/{rel}","templated":true}]}}