{"id":1320,"date":"2026-03-12T16:47:16","date_gmt":"2026-03-12T16:47:16","guid":{"rendered":"https:\/\/iria.upc.edu\/?page_id=1320"},"modified":"2026-03-16T12:04:05","modified_gmt":"2026-03-16T12:04:05","slug":"le_execucio-i-obra","status":"publish","type":"page","link":"https:\/\/iria.upc.edu\/index.php\/le_execucio-i-obra\/","title":{"rendered":"LE_Execuci\u00f3 i obra"},"content":{"rendered":"\n<h2 data-wp-context---core-fit-text=\"core\/fit-text::{&quot;fontSize&quot;:&quot;&quot;}\" data-wp-init---core-fit-text=\"core\/fit-text::callbacks.init\" data-wp-interactive data-wp-style--font-size=\"core\/fit-text::context.fontSize\" class=\"wp-block-heading alignwide has-text-align-left has-fit-text\">execuci\u00f3 i obra<\/h2>\n\n\n\n<div class=\"wp-block-group alignfull is-style-default has-global-padding is-layout-constrained wp-block-group-is-layout-constrained\" style=\"margin-top:var(--wp--preset--spacing--30);margin-bottom:var(--wp--preset--spacing--30);padding-top:var(--wp--preset--spacing--30);padding-bottom:var(--wp--preset--spacing--30)\">\n<div class=\"wp-block-columns alignwide is-layout-flex wp-container-core-columns-is-layout-76483dd6 wp-block-columns-is-layout-flex\" style=\"padding-top:0;padding-bottom:0\">\n<div class=\"wp-block-column is-vertically-aligned-center is-layout-flow wp-container-core-column-is-layout-f744151e wp-block-column-is-layout-flow\" style=\"padding-top:0;padding-right:0;padding-bottom:0\">\n<pre class=\"wp-block-verse\" style=\"font-size:clamp(0.984rem, 0.984rem + ((1vw - 0.2rem) * 0.809), 1.5rem);\">Investigaci\u00f3 sobre els processos d\u2019execuci\u00f3 de l\u2019obra i la seva evoluci\u00f3 hist\u00f2rica. Aquesta l\u00ednia estudia mecanismes de millora i control en la construcci\u00f3, incloent-hi aspectes relacionats amb la seguretat, l\u2019efici\u00e8ncia dels processos constructius i el control de costos.<\/pre>\n\n\n\n<pre class=\"wp-block-verse has-medium-font-size\"><a href=\"https:\/\/iria.upc.edu\/index.php\/joan-casals-panella\/\" data-type=\"link\" data-id=\"https:\/\/iria.upc.edu\/index.php\/joan-casals-panella\/\"><strong><em>Joan Casals Pa\u00f1ella<\/em><\/strong><br><\/a><strong><em><br><\/em><\/strong><\/pre>\n\n\n\n<p class=\"has-medium-font-size\"><strong><em><a href=\"https:\/\/iria.upc.edu\/index.php\/roger-sauquet-llonch\/\" data-type=\"link\" data-id=\"https:\/\/iria.upc.edu\/index.php\/roger-sauquet-llonch\/\"><br><\/a><\/em><\/strong><\/p>\n<\/div>\n\n\n\n<div class=\"wp-block-column is-vertically-aligned-center is-layout-flow wp-block-column-is-layout-flow\" style=\"padding-top:var(--wp--preset--spacing--40);padding-bottom:var(--wp--preset--spacing--40)\">\n<figure class=\"wp-block-image size-full\"><img loading=\"lazy\" decoding=\"async\" width=\"2560\" height=\"2560\" src=\"https:\/\/iria.upc.edu\/wp-content\/uploads\/2025\/12\/prueba9-scaled.jpg\" alt=\"\" class=\"wp-image-423\" srcset=\"https:\/\/iria.upc.edu\/wp-content\/uploads\/2025\/12\/prueba9-scaled.jpg 2560w, https:\/\/iria.upc.edu\/wp-content\/uploads\/2025\/12\/prueba9-300x300.jpg 300w, https:\/\/iria.upc.edu\/wp-content\/uploads\/2025\/12\/prueba9-1024x1024.jpg 1024w, https:\/\/iria.upc.edu\/wp-content\/uploads\/2025\/12\/prueba9-150x150.jpg 150w, https:\/\/iria.upc.edu\/wp-content\/uploads\/2025\/12\/prueba9-768x768.jpg 768w, https:\/\/iria.upc.edu\/wp-content\/uploads\/2025\/12\/prueba9-1536x1536.jpg 1536w, https:\/\/iria.upc.edu\/wp-content\/uploads\/2025\/12\/prueba9-2048x2048.jpg 2048w\" sizes=\"auto, (max-width: 2560px) 100vw, 2560px\" \/><\/figure>\n<\/div>\n<\/div>\n<\/div>\n","protected":false},"excerpt":{"rendered":"<p>execuci\u00f3 i obra Investigaci\u00f3 sobre els processos d\u2019execuci\u00f3 de l\u2019obra i la seva evoluci\u00f3 hist\u00f2rica. Aquesta l\u00ednia estudia mecanismes de millora i control en la construcci\u00f3, incloent-hi aspectes relacionats amb la seguretat, l\u2019efici\u00e8ncia dels processos constructius i el control de costos. Joan Casals Pa\u00f1ella<\/p>\n","protected":false},"author":1,"featured_media":0,"parent":0,"menu_order":0,"comment_status":"closed","ping_status":"closed","template":"","meta":{"footnotes":""},"class_list":["post-1320","page","type-page","status-publish","hentry"],"_links":{"self":[{"href":"https:\/\/iria.upc.edu\/index.php\/wp-json\/wp\/v2\/pages\/1320","targetHints":{"allow":["GET"]}}],"collection":[{"href":"https:\/\/iria.upc.edu\/index.php\/wp-json\/wp\/v2\/pages"}],"about":[{"href":"https:\/\/iria.upc.edu\/index.php\/wp-json\/wp\/v2\/types\/page"}],"author":[{"embeddable":true,"href":"https:\/\/iria.upc.edu\/index.php\/wp-json\/wp\/v2\/users\/1"}],"replies":[{"embeddable":true,"href":"https:\/\/iria.upc.edu\/index.php\/wp-json\/wp\/v2\/comments?post=1320"}],"version-history":[{"count":3,"href":"https:\/\/iria.upc.edu\/index.php\/wp-json\/wp\/v2\/pages\/1320\/revisions"}],"predecessor-version":[{"id":1405,"href":"https:\/\/iria.upc.edu\/index.php\/wp-json\/wp\/v2\/pages\/1320\/revisions\/1405"}],"wp:attachment":[{"href":"https:\/\/iria.upc.edu\/index.php\/wp-json\/wp\/v2\/media?parent=1320"}],"curies":[{"name":"wp","href":"https:\/\/api.w.org\/{rel}","templated":true}]}}