{"id":1322,"date":"2026-03-12T16:03:13","date_gmt":"2026-03-12T16:03:13","guid":{"rendered":"https:\/\/iria.upc.edu\/?page_id=1322"},"modified":"2026-03-12T16:06:03","modified_gmt":"2026-03-12T16:06:03","slug":"le_tecniques-i-tecnologies-de-les-estructures-i-la-construccio","status":"publish","type":"page","link":"https:\/\/iria.upc.edu\/index.php\/le_tecniques-i-tecnologies-de-les-estructures-i-la-construccio\/","title":{"rendered":"LE_T\u00e8cniques i tecnologies de les estructures i la construcci\u00f3"},"content":{"rendered":"\n<h2 data-wp-context---core-fit-text=\"core\/fit-text::{&quot;fontSize&quot;:&quot;&quot;}\" data-wp-init---core-fit-text=\"core\/fit-text::callbacks.init\" data-wp-interactive data-wp-style--font-size=\"core\/fit-text::context.fontSize\" class=\"wp-block-heading alignwide has-text-align-left has-fit-text\">T\u00e8cniques i tecnologies de les estructures i la construcci\u00f3<\/h2>\n\n\n\n<div class=\"wp-block-group alignfull is-style-default has-global-padding is-layout-constrained wp-block-group-is-layout-constrained\" style=\"margin-top:var(--wp--preset--spacing--30);margin-bottom:var(--wp--preset--spacing--30);padding-top:var(--wp--preset--spacing--30);padding-bottom:var(--wp--preset--spacing--30)\">\n<div class=\"wp-block-columns alignwide is-layout-flex wp-container-core-columns-is-layout-76483dd6 wp-block-columns-is-layout-flex\" style=\"padding-top:0;padding-bottom:0\">\n<div class=\"wp-block-column is-vertically-aligned-center is-layout-flow wp-container-core-column-is-layout-f744151e wp-block-column-is-layout-flow\" style=\"padding-top:0;padding-right:0;padding-bottom:0\">\n<pre class=\"wp-block-verse\" style=\"font-size:clamp(0.984rem, 0.984rem + ((1vw - 0.2rem) * 0.809), 1.5rem);\">Investigaci\u00f3 orientada al desenvolupament i aplicaci\u00f3 de noves tecnologies i materials en els processos constructius. Inclou tamb\u00e9 l\u2019estudi i la recuperaci\u00f3 de t\u00e8cniques artesanals i d\u2019oficis tradicionals, explorant formes de construcci\u00f3 amb menor impacte ambiental i amb capacitat d\u2019innovaci\u00f3 en el sector de l\u2019edificaci\u00f3.<\/pre>\n\n\n\n<pre class=\"wp-block-verse has-medium-font-size\"><strong><em><a href=\"https:\/\/iria.upc.edu\/index.php\/cristina-pardal-march\/\">Cristina Pardal March<br><\/a><a href=\"https:\/\/iria.upc.edu\/index.php\/andreu-corominas-gonzalez\/\">Andreu Corominas Gonz\u00e1lez<br><\/a><a href=\"https:\/\/iria.upc.edu\/index.php\/elena-oliver-saiz\/\">Elena Oliver Saiz<br><\/a><\/em><\/strong><\/pre>\n\n\n\n<p class=\"has-medium-font-size\"><strong><em><a href=\"https:\/\/iria.upc.edu\/index.php\/roger-sauquet-llonch\/\" data-type=\"link\" data-id=\"https:\/\/iria.upc.edu\/index.php\/roger-sauquet-llonch\/\"><br><\/a><\/em><\/strong><\/p>\n<\/div>\n\n\n\n<div class=\"wp-block-column is-vertically-aligned-center is-layout-flow wp-block-column-is-layout-flow\" style=\"padding-top:var(--wp--preset--spacing--40);padding-bottom:var(--wp--preset--spacing--40)\">\n<figure class=\"wp-block-image size-full\"><img loading=\"lazy\" decoding=\"async\" width=\"2560\" height=\"2560\" src=\"https:\/\/iria.upc.edu\/wp-content\/uploads\/2025\/12\/tecnologies-scaled.jpg\" alt=\"\" class=\"wp-image-697\" style=\"aspect-ratio:1;object-fit:cover\" srcset=\"https:\/\/iria.upc.edu\/wp-content\/uploads\/2025\/12\/tecnologies-scaled.jpg 2560w, https:\/\/iria.upc.edu\/wp-content\/uploads\/2025\/12\/tecnologies-300x300.jpg 300w, https:\/\/iria.upc.edu\/wp-content\/uploads\/2025\/12\/tecnologies-1024x1024.jpg 1024w, https:\/\/iria.upc.edu\/wp-content\/uploads\/2025\/12\/tecnologies-150x150.jpg 150w, https:\/\/iria.upc.edu\/wp-content\/uploads\/2025\/12\/tecnologies-768x768.jpg 768w, https:\/\/iria.upc.edu\/wp-content\/uploads\/2025\/12\/tecnologies-1536x1536.jpg 1536w, https:\/\/iria.upc.edu\/wp-content\/uploads\/2025\/12\/tecnologies-2048x2048.jpg 2048w\" sizes=\"auto, (max-width: 2560px) 100vw, 2560px\" \/><\/figure>\n<\/div>\n<\/div>\n<\/div>\n","protected":false},"excerpt":{"rendered":"<p>T\u00e8cniques i tecnologies de les estructures i la construcci\u00f3 Investigaci\u00f3 orientada al desenvolupament i aplicaci\u00f3 de noves tecnologies i materials en els processos constructius. Inclou tamb\u00e9 l\u2019estudi i la recuperaci\u00f3 de t\u00e8cniques artesanals i d\u2019oficis tradicionals, explorant formes de construcci\u00f3 amb menor impacte ambiental i amb capacitat d\u2019innovaci\u00f3 en el sector de l\u2019edificaci\u00f3. Cristina Pardal [&hellip;]<\/p>\n","protected":false},"author":1,"featured_media":0,"parent":0,"menu_order":0,"comment_status":"closed","ping_status":"closed","template":"","meta":{"footnotes":""},"class_list":["post-1322","page","type-page","status-publish","hentry"],"_links":{"self":[{"href":"https:\/\/iria.upc.edu\/index.php\/wp-json\/wp\/v2\/pages\/1322","targetHints":{"allow":["GET"]}}],"collection":[{"href":"https:\/\/iria.upc.edu\/index.php\/wp-json\/wp\/v2\/pages"}],"about":[{"href":"https:\/\/iria.upc.edu\/index.php\/wp-json\/wp\/v2\/types\/page"}],"author":[{"embeddable":true,"href":"https:\/\/iria.upc.edu\/index.php\/wp-json\/wp\/v2\/users\/1"}],"replies":[{"embeddable":true,"href":"https:\/\/iria.upc.edu\/index.php\/wp-json\/wp\/v2\/comments?post=1322"}],"version-history":[{"count":4,"href":"https:\/\/iria.upc.edu\/index.php\/wp-json\/wp\/v2\/pages\/1322\/revisions"}],"predecessor-version":[{"id":1328,"href":"https:\/\/iria.upc.edu\/index.php\/wp-json\/wp\/v2\/pages\/1322\/revisions\/1328"}],"wp:attachment":[{"href":"https:\/\/iria.upc.edu\/index.php\/wp-json\/wp\/v2\/media?parent=1322"}],"curies":[{"name":"wp","href":"https:\/\/api.w.org\/{rel}","templated":true}]}}