{"id":1355,"date":"2026-03-12T16:54:08","date_gmt":"2026-03-12T16:54:08","guid":{"rendered":"https:\/\/iria.upc.edu\/?page_id=1355"},"modified":"2026-03-16T12:23:27","modified_gmt":"2026-03-16T12:23:27","slug":"le_disseny-i-tecniques-de-projectacio-avancades","status":"publish","type":"page","link":"https:\/\/iria.upc.edu\/index.php\/le_disseny-i-tecniques-de-projectacio-avancades\/","title":{"rendered":"LE_Disseny i t\u00e8cniques de projectaci\u00f3 avan\u00e7ades"},"content":{"rendered":"\n<h2 data-wp-context---core-fit-text=\"core\/fit-text::{&quot;fontSize&quot;:&quot;&quot;}\" data-wp-init---core-fit-text=\"core\/fit-text::callbacks.init\" data-wp-interactive data-wp-style--font-size=\"core\/fit-text::context.fontSize\" class=\"wp-block-heading alignwide has-text-align-left has-fit-text\">disseny i t\u00e8cniques de projectaci\u00f3 avan\u00e7ades<\/h2>\n\n\n\n<div class=\"wp-block-group alignfull is-style-default has-global-padding is-layout-constrained wp-block-group-is-layout-constrained\" style=\"margin-top:var(--wp--preset--spacing--30);margin-bottom:var(--wp--preset--spacing--30);padding-top:var(--wp--preset--spacing--50);padding-bottom:var(--wp--preset--spacing--50)\">\n<div class=\"wp-block-columns alignwide is-layout-flex wp-container-core-columns-is-layout-76483dd6 wp-block-columns-is-layout-flex\" style=\"padding-top:0;padding-bottom:0\">\n<div class=\"wp-block-column is-vertically-aligned-center is-layout-flow wp-container-core-column-is-layout-f744151e wp-block-column-is-layout-flow\" style=\"padding-top:0;padding-right:0;padding-bottom:0\">\n<pre class=\"wp-block-verse\" style=\"font-size:clamp(0.984rem, 0.984rem + ((1vw - 0.2rem) * 0.809), 1.5rem);\">Investigaci\u00f3 sobre la relaci\u00f3 entre creativitat en el disseny arquitect\u00f2nic i noves tecnologies. Aquesta l\u00ednia se centra en l\u2019ecologia del proc\u00e9s projectual i en el desenvolupament de t\u00e8cniques innovadores de projectaci\u00f3 en el context de l\u2019arquitectura contempor\u00e0nia i de l\u2019era digital.<\/pre>\n\n\n\n<pre class=\"wp-block-verse has-medium-font-size\"><strong><em><a href=\"https:\/\/iria.upc.edu\/index.php\/lluis-gimenez-mateu\/\" data-type=\"page\" data-id=\"1116\">Llu\u00eds Gim\u00e9nez Mateu <\/a><\/em><\/strong><br><strong><em><a href=\"https:\/\/iria.upc.edu\/index.php\/lluis-ortega-cerda\/\" data-type=\"page\" data-id=\"1132\">Llu\u00eds Ortega Cerd\u00e0 <\/a><\/em><\/strong><br><strong><em><a href=\"https:\/\/iria.upc.edu\/index.php\/amadeu-santacana-juncana\/\" data-type=\"link\" data-id=\"https:\/\/iria.upc.edu\/index.php\/amadeu-santacana-juncana\/\">Amadeu Santacana Juncana<\/a><a href=\"https:\/\/iria.upc.edu\/index.php\/lluis-ortega-cerda\/\" data-type=\"page\" data-id=\"1132\"><br><\/a><a href=\"https:\/\/iria.upc.edu\/index.php\/roger-sauquet-llonch\/\" data-type=\"link\" data-id=\"https:\/\/iria.upc.edu\/index.php\/roger-sauquet-llonch\/\">Roger Sauquet Llonch<\/a><\/em><\/strong><br><strong><em><a href=\"https:\/\/iria.upc.edu\/index.php\/jaume-valor-montero\/\" data-type=\"link\" data-id=\"https:\/\/iria.upc.edu\/index.php\/jaume-valor-montero\/\">Jaume Valor Montero <\/a><\/em><\/strong><br><\/pre>\n<\/div>\n\n\n\n<div class=\"wp-block-column is-vertically-aligned-center is-layout-flow wp-block-column-is-layout-flow\">\n<figure class=\"wp-block-image size-full\"><img loading=\"lazy\" decoding=\"async\" width=\"2560\" height=\"2560\" src=\"https:\/\/iria.upc.edu\/wp-content\/uploads\/2025\/12\/prueba15-scaled.jpg\" alt=\"\" class=\"wp-image-434\" srcset=\"https:\/\/iria.upc.edu\/wp-content\/uploads\/2025\/12\/prueba15-scaled.jpg 2560w, https:\/\/iria.upc.edu\/wp-content\/uploads\/2025\/12\/prueba15-300x300.jpg 300w, https:\/\/iria.upc.edu\/wp-content\/uploads\/2025\/12\/prueba15-1024x1024.jpg 1024w, https:\/\/iria.upc.edu\/wp-content\/uploads\/2025\/12\/prueba15-150x150.jpg 150w, https:\/\/iria.upc.edu\/wp-content\/uploads\/2025\/12\/prueba15-768x768.jpg 768w, https:\/\/iria.upc.edu\/wp-content\/uploads\/2025\/12\/prueba15-1536x1536.jpg 1536w, https:\/\/iria.upc.edu\/wp-content\/uploads\/2025\/12\/prueba15-2048x2048.jpg 2048w\" sizes=\"auto, (max-width: 2560px) 100vw, 2560px\" \/><\/figure>\n<\/div>\n<\/div>\n<\/div>\n","protected":false},"excerpt":{"rendered":"<p>disseny i t\u00e8cniques de projectaci\u00f3 avan\u00e7ades Investigaci\u00f3 sobre la relaci\u00f3 entre creativitat en el disseny arquitect\u00f2nic i noves tecnologies. Aquesta l\u00ednia se centra en l\u2019ecologia del proc\u00e9s projectual i en el desenvolupament de t\u00e8cniques innovadores de projectaci\u00f3 en el context de l\u2019arquitectura contempor\u00e0nia i de l\u2019era digital. Llu\u00eds Gim\u00e9nez Mateu Llu\u00eds Ortega Cerd\u00e0 Amadeu Santacana [&hellip;]<\/p>\n","protected":false},"author":1,"featured_media":0,"parent":0,"menu_order":0,"comment_status":"closed","ping_status":"closed","template":"","meta":{"footnotes":""},"class_list":["post-1355","page","type-page","status-publish","hentry"],"_links":{"self":[{"href":"https:\/\/iria.upc.edu\/index.php\/wp-json\/wp\/v2\/pages\/1355","targetHints":{"allow":["GET"]}}],"collection":[{"href":"https:\/\/iria.upc.edu\/index.php\/wp-json\/wp\/v2\/pages"}],"about":[{"href":"https:\/\/iria.upc.edu\/index.php\/wp-json\/wp\/v2\/types\/page"}],"author":[{"embeddable":true,"href":"https:\/\/iria.upc.edu\/index.php\/wp-json\/wp\/v2\/users\/1"}],"replies":[{"embeddable":true,"href":"https:\/\/iria.upc.edu\/index.php\/wp-json\/wp\/v2\/comments?post=1355"}],"version-history":[{"count":3,"href":"https:\/\/iria.upc.edu\/index.php\/wp-json\/wp\/v2\/pages\/1355\/revisions"}],"predecessor-version":[{"id":1414,"href":"https:\/\/iria.upc.edu\/index.php\/wp-json\/wp\/v2\/pages\/1355\/revisions\/1414"}],"wp:attachment":[{"href":"https:\/\/iria.upc.edu\/index.php\/wp-json\/wp\/v2\/media?parent=1355"}],"curies":[{"name":"wp","href":"https:\/\/api.w.org\/{rel}","templated":true}]}}