{"id":1417,"date":"2026-03-16T16:07:46","date_gmt":"2026-03-16T16:07:46","guid":{"rendered":"https:\/\/iria.upc.edu\/?page_id=1417"},"modified":"2026-03-16T16:13:09","modified_gmt":"2026-03-16T16:13:09","slug":"aa_jornades-intensives","status":"publish","type":"page","link":"https:\/\/iria.upc.edu\/index.php\/aa_jornades-intensives\/","title":{"rendered":"AA_Jornades intensives"},"content":{"rendered":"\n<div class=\"wp-block-group alignfull has-global-padding is-layout-constrained wp-block-group-is-layout-constrained\" style=\"margin-top:0;margin-bottom:0;padding-top:0;padding-bottom:0\">\n<div class=\"wp-block-columns alignwide is-layout-flex wp-container-core-columns-is-layout-47c06fe3 wp-block-columns-is-layout-flex\">\n<div class=\"wp-block-column is-layout-flow wp-block-column-is-layout-flow\" style=\"flex-basis:56%\">\n<div class=\"wp-block-stackable-image stk-block-image stk-block stk-1602818\" data-block-id=\"1602818\"><style>.stk-1602818 .stk-img-wrapper{aspect-ratio:4\/3 !important;width:100% !important;height:auto !important;}@media screen and (max-width: 1023px){.stk-1602818 .stk-img-wrapper{height:auto !important;}}@media screen and (max-width: 767px){.stk-1602818 .stk-img-wrapper{height:auto !important;}}<\/style><figure><span class=\"stk-img-wrapper stk-image--shape-stretch\"><img loading=\"lazy\" decoding=\"async\" class=\"stk-img wp-image-718\" src=\"https:\/\/iria.upc.edu\/wp-content\/uploads\/2025\/12\/dominik-puskas-Z0TY2lNGpCU-unsplash-1-scaled.jpg\" width=\"2048\" height=\"2560\" srcset=\"https:\/\/iria.upc.edu\/wp-content\/uploads\/2025\/12\/dominik-puskas-Z0TY2lNGpCU-unsplash-1-scaled.jpg 2048w, https:\/\/iria.upc.edu\/wp-content\/uploads\/2025\/12\/dominik-puskas-Z0TY2lNGpCU-unsplash-1-240x300.jpg 240w, https:\/\/iria.upc.edu\/wp-content\/uploads\/2025\/12\/dominik-puskas-Z0TY2lNGpCU-unsplash-1-819x1024.jpg 819w, https:\/\/iria.upc.edu\/wp-content\/uploads\/2025\/12\/dominik-puskas-Z0TY2lNGpCU-unsplash-1-768x960.jpg 768w\" sizes=\"auto, (max-width: 2048px) 100vw, 2048px\" \/><\/span><\/figure><\/div>\n<\/div>\n\n\n\n<div class=\"wp-block-column is-vertically-aligned-center is-layout-flow wp-container-core-column-is-layout-119bc444 wp-block-column-is-layout-flow\">\n<h2 class=\"wp-block-heading\"><em>Jornades Internacionals sobre Innnovaci\u00f3 Docent en Arquitectura<\/em> <br>JIDA\u201926 &#8211; XIV edici\u00f3n<\/h2>\n\n\n\n<p>Habitatge, innovaci\u00f3 docent, investigaci\u00f3 interdisciplinar, habitar, projecte arquitect\u00f2nic, pedagogia, sostenibilitat, ciutat i territori<\/p>\n\n\n\n<div class=\"wp-block-buttons is-layout-flex wp-block-buttons-is-layout-flex\">\n<div class=\"wp-block-button\"><a class=\"wp-block-button__link wp-element-button\" href=\"https:\/\/iria.upc.edu\/index.php\/investigacio\/\">Repositori de not\u00edcies<\/a><\/div>\n<\/div>\n<\/div>\n<\/div>\n\n\n\n<pre class=\"wp-block-verse\">La XIV edici\u00f3 de les Jornades Internacionals sobre Innovaci\u00f3 Docent en Arquitectura (JIDA\u201926) tornar\u00e0 a reunir professorat, investigadors i professionals de diverses universitats amb l\u2019objectiu de compartir experi\u00e8ncies i projectes vinculats a la innovaci\u00f3 en l\u2019ensenyament de l\u2019arquitectura. Les jornades s\u2019han consolidat al llarg dels anys com un espai de trobada i debat dedicat a l\u2019intercanvi de coneixement sobre noves metodologies docents, estrat\u00e8gies pedag\u00f2giques i eines d\u2019aprenentatge aplicades a la formaci\u00f3 en arquitectura i disciplines afins. <br><br>El programa inclour\u00e0 presentacions de comunicacions, pon\u00e8ncies i sessions de debat centrades en experi\u00e8ncies docents innovadores desenvolupades en diferents escoles i contextos acad\u00e8mics. Aquestes contribucions permetran reflexionar sobre els reptes actuals de la doc\u00e8ncia universit\u00e0ria, aix\u00ed com sobre les noves formes d\u2019ensenyar i aprendre arquitectura en un context marcat per la transformaci\u00f3 digital, els nous models pedag\u00f2gics i la necessitat d\u2019afrontar els grans desafiaments socials i ambientals contemporanis. <br><br>JIDA\u201926 es presenta, aix\u00ed, com una oportunitat per refor\u00e7ar la comunitat acad\u00e8mica vinculada a la doc\u00e8ncia en arquitectura i per continuar impulsant la innovaci\u00f3 educativa en aquest \u00e0mbit.<\/pre>\n<\/div>\n","protected":false},"excerpt":{"rendered":"<p>Jornades Internacionals sobre Innnovaci\u00f3 Docent en Arquitectura JIDA\u201926 &#8211; XIV edici\u00f3n Habitatge, innovaci\u00f3 docent, investigaci\u00f3 interdisciplinar, habitar, projecte arquitect\u00f2nic, pedagogia, sostenibilitat, ciutat i territori La XIV edici\u00f3 de les Jornades Internacionals sobre Innovaci\u00f3 Docent en Arquitectura (JIDA\u201926) tornar\u00e0 a reunir professorat, investigadors i professionals de diverses universitats amb l\u2019objectiu de compartir experi\u00e8ncies i projectes vinculats [&hellip;]<\/p>\n","protected":false},"author":1,"featured_media":0,"parent":0,"menu_order":0,"comment_status":"closed","ping_status":"closed","template":"","meta":{"footnotes":""},"class_list":["post-1417","page","type-page","status-publish","hentry"],"_links":{"self":[{"href":"https:\/\/iria.upc.edu\/index.php\/wp-json\/wp\/v2\/pages\/1417","targetHints":{"allow":["GET"]}}],"collection":[{"href":"https:\/\/iria.upc.edu\/index.php\/wp-json\/wp\/v2\/pages"}],"about":[{"href":"https:\/\/iria.upc.edu\/index.php\/wp-json\/wp\/v2\/types\/page"}],"author":[{"embeddable":true,"href":"https:\/\/iria.upc.edu\/index.php\/wp-json\/wp\/v2\/users\/1"}],"replies":[{"embeddable":true,"href":"https:\/\/iria.upc.edu\/index.php\/wp-json\/wp\/v2\/comments?post=1417"}],"version-history":[{"count":4,"href":"https:\/\/iria.upc.edu\/index.php\/wp-json\/wp\/v2\/pages\/1417\/revisions"}],"predecessor-version":[{"id":1462,"href":"https:\/\/iria.upc.edu\/index.php\/wp-json\/wp\/v2\/pages\/1417\/revisions\/1462"}],"wp:attachment":[{"href":"https:\/\/iria.upc.edu\/index.php\/wp-json\/wp\/v2\/media?parent=1417"}],"curies":[{"name":"wp","href":"https:\/\/api.w.org\/{rel}","templated":true}]}}