{"id":1456,"date":"2026-03-16T16:13:45","date_gmt":"2026-03-16T16:13:45","guid":{"rendered":"https:\/\/iria.upc.edu\/?page_id=1456"},"modified":"2026-04-20T13:42:14","modified_gmt":"2026-04-20T13:42:14","slug":"aa_congres-dexpressio-grafica","status":"publish","type":"page","link":"https:\/\/iria.upc.edu\/index.php\/aa_congres-dexpressio-grafica\/","title":{"rendered":"AA_Congr\u00e9s d&#8217;expressi\u00f3 gr\u00e0fica"},"content":{"rendered":"\n<div class=\"wp-block-group alignfull has-global-padding is-layout-constrained wp-block-group-is-layout-constrained\" style=\"margin-top:0;margin-bottom:0;padding-top:0;padding-bottom:0\">\n<div class=\"wp-block-columns alignwide is-layout-flex wp-container-core-columns-is-layout-47c06fe3 wp-block-columns-is-layout-flex\">\n<div class=\"wp-block-column is-layout-flow wp-block-column-is-layout-flow\" style=\"flex-basis:56%\">\n<div class=\"wp-block-stackable-image stk-block-image stk-block stk-07e8e40\" data-block-id=\"07e8e40\"><style>.stk-07e8e40 .stk-img-wrapper{width:100% !important;height:499px !important;}.stk-07e8e40 .stk-img-wrapper img{transform:scale(1) !important;}<\/style><figure><span class=\"stk-img-wrapper stk-image--shape-stretch\"><img loading=\"lazy\" decoding=\"async\" class=\"stk-img wp-image-1581\" src=\"https:\/\/iria.upc.edu\/wp-content\/uploads\/2026\/04\/LOGO-EGA26-scaled.jpg\" width=\"2560\" height=\"1536\" srcset=\"https:\/\/iria.upc.edu\/wp-content\/uploads\/2026\/04\/LOGO-EGA26-scaled.jpg 2560w, https:\/\/iria.upc.edu\/wp-content\/uploads\/2026\/04\/LOGO-EGA26-300x180.jpg 300w, https:\/\/iria.upc.edu\/wp-content\/uploads\/2026\/04\/LOGO-EGA26-1024x614.jpg 1024w, https:\/\/iria.upc.edu\/wp-content\/uploads\/2026\/04\/LOGO-EGA26-768x461.jpg 768w\" sizes=\"auto, (max-width: 2560px) 100vw, 2560px\" \/><\/span><\/figure><\/div>\n<\/div>\n\n\n\n<div class=\"wp-block-column is-vertically-aligned-center is-layout-flow wp-container-core-column-is-layout-119bc444 wp-block-column-is-layout-flow\">\n<h2 class=\"wp-block-heading\">XXI Congr\u00e9s Internacional d&#8217;Expressi\u00f3 Gr\u00e0fica Arquitect\u00f2nica    <em>Certezas e Incertidumbre <\/em><\/h2>\n\n\n\n<p>Ensenyament i aprenentatge, informaci\u00f3 i dades, dibuix, geometries, tra\u00e7os, patrimoni constru\u00eft, exist\u00e8ncia, societat<\/p>\n\n\n\n<div class=\"wp-block-buttons is-layout-flex wp-block-buttons-is-layout-flex\">\n<div class=\"wp-block-button\"><a class=\"wp-block-button__link wp-element-button\" href=\"https:\/\/iria.upc.edu\/index.php\/investigacio\/\">Repositori de not\u00edcies<\/a><\/div>\n<\/div>\n<\/div>\n<\/div>\n\n\n\n<pre class=\"wp-block-verse\">Els Congressos EGA s\u00f3n la principal trobada cient\u00edfic-acad\u00e8mica dels Departaments d\u2019Expressi\u00f3 Gr\u00e0fica Arquitect\u00f2nica de les ETS d\u2019Arquitectura d\u2019Espanya, amb participaci\u00f3 internacional. Se celebren de manera biennal des de 1984 i la XXI edici\u00f3 tindr\u00e0 lloc del 28 al 30 de maig de 2026 a l\u2019ETSAB, en el marc de Barcelona com a Capital Mundial de l\u2019Arquitectura 2026.<br><br>Sota el lema \u00ab<em>Certeses i Incertesa<\/em>\u00bb, el congr\u00e9s reflexiona sobre els processos actuals i futurs d\u2019ideaci\u00f3 i representaci\u00f3 arquitect\u00f2nica. El programa inclour\u00e0 confer\u00e8ncies de prestigi, activitats acad\u00e8miques i la publicaci\u00f3 en acc\u00e9s obert de les comunicacions seleccionades.<br><br><a href=\"https:\/\/www.linkedin.com\/events\/xxicongresointernacionaldeexpre7425582004903247872\/\">Saber-ne m\u00e9s<\/a><\/pre>\n<\/div>\n","protected":false},"excerpt":{"rendered":"<p>XXI Congr\u00e9s Internacional d&#8217;Expressi\u00f3 Gr\u00e0fica Arquitect\u00f2nica Certezas e Incertidumbre Ensenyament i aprenentatge, informaci\u00f3 i dades, dibuix, geometries, tra\u00e7os, patrimoni constru\u00eft, exist\u00e8ncia, societat Els Congressos EGA s\u00f3n la principal trobada cient\u00edfic-acad\u00e8mica dels Departaments d\u2019Expressi\u00f3 Gr\u00e0fica Arquitect\u00f2nica de les ETS d\u2019Arquitectura d\u2019Espanya, amb participaci\u00f3 internacional. Se celebren de manera biennal des de 1984 i la XXI edici\u00f3 [&hellip;]<\/p>\n","protected":false},"author":1,"featured_media":0,"parent":0,"menu_order":0,"comment_status":"closed","ping_status":"closed","template":"","meta":{"footnotes":""},"class_list":["post-1456","page","type-page","status-publish","hentry"],"_links":{"self":[{"href":"https:\/\/iria.upc.edu\/index.php\/wp-json\/wp\/v2\/pages\/1456","targetHints":{"allow":["GET"]}}],"collection":[{"href":"https:\/\/iria.upc.edu\/index.php\/wp-json\/wp\/v2\/pages"}],"about":[{"href":"https:\/\/iria.upc.edu\/index.php\/wp-json\/wp\/v2\/types\/page"}],"author":[{"embeddable":true,"href":"https:\/\/iria.upc.edu\/index.php\/wp-json\/wp\/v2\/users\/1"}],"replies":[{"embeddable":true,"href":"https:\/\/iria.upc.edu\/index.php\/wp-json\/wp\/v2\/comments?post=1456"}],"version-history":[{"count":9,"href":"https:\/\/iria.upc.edu\/index.php\/wp-json\/wp\/v2\/pages\/1456\/revisions"}],"predecessor-version":[{"id":1583,"href":"https:\/\/iria.upc.edu\/index.php\/wp-json\/wp\/v2\/pages\/1456\/revisions\/1583"}],"wp:attachment":[{"href":"https:\/\/iria.upc.edu\/index.php\/wp-json\/wp\/v2\/media?parent=1456"}],"curies":[{"name":"wp","href":"https:\/\/api.w.org\/{rel}","templated":true}]}}