{"id":1523,"date":"2026-04-13T09:00:47","date_gmt":"2026-04-13T09:00:47","guid":{"rendered":"https:\/\/iria.upc.edu\/?page_id=1523"},"modified":"2026-04-30T09:14:54","modified_gmt":"2026-04-30T09:14:54","slug":"aa_conferencia-david-van-severen","status":"publish","type":"page","link":"https:\/\/iria.upc.edu\/index.php\/aa_conferencia-david-van-severen\/","title":{"rendered":"AA_Confer\u00e8ncia David Van Severen"},"content":{"rendered":"\n<div class=\"wp-block-group alignfull has-global-padding is-layout-constrained wp-container-core-group-is-layout-4b81f96b wp-block-group-is-layout-constrained\" style=\"margin-top:0;margin-bottom:0;padding-top:0;padding-bottom:0\">\n<div class=\"wp-block-columns alignwide is-layout-flex wp-container-core-columns-is-layout-47c06fe3 wp-block-columns-is-layout-flex\">\n<div class=\"wp-block-column is-layout-flow wp-block-column-is-layout-flow\" style=\"flex-basis:56%\">\n<div class=\"wp-block-stackable-image stk-block-image stk-block stk-381e324\" data-block-id=\"381e324\"><style>.stk-381e324 .stk-img-wrapper{width:100% !important;height:494px !important;}<\/style><figure><span class=\"stk-img-wrapper stk-image--shape-stretch\"><img loading=\"lazy\" decoding=\"async\" class=\"stk-img wp-image-675\" src=\"https:\/\/iria.upc.edu\/wp-content\/uploads\/2026\/01\/DVS-edit-1.jpg\" width=\"1600\" height=\"740\" srcset=\"https:\/\/iria.upc.edu\/wp-content\/uploads\/2026\/01\/DVS-edit-1.jpg 1600w, https:\/\/iria.upc.edu\/wp-content\/uploads\/2026\/01\/DVS-edit-1-300x139.jpg 300w, https:\/\/iria.upc.edu\/wp-content\/uploads\/2026\/01\/DVS-edit-1-1024x474.jpg 1024w, https:\/\/iria.upc.edu\/wp-content\/uploads\/2026\/01\/DVS-edit-1-768x355.jpg 768w, https:\/\/iria.upc.edu\/wp-content\/uploads\/2026\/01\/DVS-edit-1-1536x710.jpg 1536w\" sizes=\"auto, (max-width: 1600px) 100vw, 1600px\" \/><\/span><\/figure><\/div>\n<\/div>\n\n\n\n<div class=\"wp-block-column is-vertically-aligned-center is-layout-flow wp-container-core-column-is-layout-119bc444 wp-block-column-is-layout-flow\">\n<h2 class=\"wp-block-heading\">Confer\u00e8ncia <em>David Van Severen<\/em><\/h2>\n\n\n\n<p>Carlo Ratti, Emma Bchir, Michal Gath-Morad, Gonzalo Flecha, F. Arocha &amp; Deiene Gonz\u00e1lez, Carolina Arriagada, Constantin Viktor Spiridonidis, Mauricio Cort\u00e9s<\/p>\n\n\n\n<div class=\"wp-block-buttons is-layout-flex wp-block-buttons-is-layout-flex\">\n<div class=\"wp-block-button\"><a class=\"wp-block-button__link wp-element-button\" href=\"https:\/\/iria.upc.edu\/index.php\/extensio\/\">Repositori de not\u00edcies<\/a><\/div>\n<\/div>\n<\/div>\n<\/div>\n\n\n\n<pre class=\"wp-block-verse\">L\u2019arquitecte David Van Severen presenta una reflexi\u00f3 sobre la pr\u00e0ctica arquitect\u00f2nica centrada en la relaci\u00f3 entre espai, estructura i pensament. Des de la seva experi\u00e8ncia a OFFICE Kersten Geers David Van Severen, defensa una arquitectura que prioritza l\u2019espai per damunt de la forma objectual, entenent els edificis com a marcs capa\u00e7os d\u2019acollir usos diversos i oberts.<br><br>La confer\u00e8ncia aborda conceptes clau com la noci\u00f3 d\u2019\u201carquitectura sense contingut\u201d, entesa no com una abs\u00e8ncia, sin\u00f3 com una oportunitat per generar espais flexibles i indeterminats. En aquest context, la geometria i la repetici\u00f3 apareixen com a conseq\u00fc\u00e8ncia d\u2019un proc\u00e9s de projecte que busca llibertat d\u2019\u00fas i claredat tipol\u00f2gica, m\u00e9s que no pas com a decisions formals pr\u00e8vies.<br><br>Van Severen tamb\u00e9 reflexiona sobre el paper de la t\u00e8cnica, que pot esdevenir un element expressiu sempre que mantingui una relaci\u00f3 equilibrada amb l\u2019espai, aix\u00ed com sobre els reptes contemporanis de l\u2019arquitectura, especialment en relaci\u00f3 amb la sostenibilitat. En aquest sentit, proposa una actitud basada en la reducci\u00f3, la precisi\u00f3 i el retorn a elements essencials, m\u00e9s que no pas en la depend\u00e8ncia de la tecnologia.<br><br>Finalment, reivindica la inseparabilitat entre pensar i construir \u2014\u201cthinking is making\u201d\u2014 com a base del projecte arquitect\u00f2nic, aix\u00ed com la import\u00e0ncia dels processos materials, l\u2019experi\u00e8ncia directa i l\u2019observaci\u00f3 com a eines fonamentals per a la pr\u00e0ctica i l\u2019aprenentatge de l\u2019arquitectura.<\/pre>\n\n\n\n<div class=\"wp-block-buttons is-layout-flex wp-container-core-buttons-is-layout-a53380d3 wp-block-buttons-is-layout-flex\">\n<div class=\"wp-block-button\"><a class=\"wp-block-button__link wp-element-button\" href=\"https:\/\/www.centreobertarquitectura.org\/hacer-es-pensar-tecnica-i-sostenibilitat-2\/\">Veure la confer\u00e8ncia<\/a><\/div>\n<\/div>\n<\/div>\n","protected":false},"excerpt":{"rendered":"<p>Confer\u00e8ncia David Van Severen Carlo Ratti, Emma Bchir, Michal Gath-Morad, Gonzalo Flecha, F. Arocha &amp; Deiene Gonz\u00e1lez, Carolina Arriagada, Constantin Viktor Spiridonidis, Mauricio Cort\u00e9s L\u2019arquitecte David Van Severen presenta una reflexi\u00f3 sobre la pr\u00e0ctica arquitect\u00f2nica centrada en la relaci\u00f3 entre espai, estructura i pensament. Des de la seva experi\u00e8ncia a OFFICE Kersten Geers David Van [&hellip;]<\/p>\n","protected":false},"author":1,"featured_media":0,"parent":0,"menu_order":0,"comment_status":"closed","ping_status":"closed","template":"","meta":{"footnotes":""},"class_list":["post-1523","page","type-page","status-publish","hentry"],"_links":{"self":[{"href":"https:\/\/iria.upc.edu\/index.php\/wp-json\/wp\/v2\/pages\/1523","targetHints":{"allow":["GET"]}}],"collection":[{"href":"https:\/\/iria.upc.edu\/index.php\/wp-json\/wp\/v2\/pages"}],"about":[{"href":"https:\/\/iria.upc.edu\/index.php\/wp-json\/wp\/v2\/types\/page"}],"author":[{"embeddable":true,"href":"https:\/\/iria.upc.edu\/index.php\/wp-json\/wp\/v2\/users\/1"}],"replies":[{"embeddable":true,"href":"https:\/\/iria.upc.edu\/index.php\/wp-json\/wp\/v2\/comments?post=1523"}],"version-history":[{"count":6,"href":"https:\/\/iria.upc.edu\/index.php\/wp-json\/wp\/v2\/pages\/1523\/revisions"}],"predecessor-version":[{"id":1662,"href":"https:\/\/iria.upc.edu\/index.php\/wp-json\/wp\/v2\/pages\/1523\/revisions\/1662"}],"wp:attachment":[{"href":"https:\/\/iria.upc.edu\/index.php\/wp-json\/wp\/v2\/media?parent=1523"}],"curies":[{"name":"wp","href":"https:\/\/api.w.org\/{rel}","templated":true}]}}