{"id":1533,"date":"2026-04-13T10:09:46","date_gmt":"2026-04-13T10:09:46","guid":{"rendered":"https:\/\/iria.upc.edu\/?page_id=1533"},"modified":"2026-04-13T10:17:28","modified_gmt":"2026-04-13T10:17:28","slug":"aa_congres-dexpressio-grafica-2","status":"publish","type":"page","link":"https:\/\/iria.upc.edu\/index.php\/aa_congres-dexpressio-grafica-2\/","title":{"rendered":"AA_Lectura de Tesis Eduardo Fern\u00e1ndez-Moscoso"},"content":{"rendered":"\n<div class=\"wp-block-group alignfull has-global-padding is-layout-constrained wp-block-group-is-layout-constrained\" style=\"margin-top:0;margin-bottom:0;padding-top:0;padding-bottom:0\">\n<div class=\"wp-block-columns alignwide is-layout-flex wp-container-core-columns-is-layout-47c06fe3 wp-block-columns-is-layout-flex\">\n<div class=\"wp-block-column is-layout-flow wp-block-column-is-layout-flow\" style=\"flex-basis:56%\">\n<div class=\"wp-block-stackable-image stk-block-image stk-block stk-07e8e40\" data-block-id=\"07e8e40\"><style>.stk-07e8e40 .stk-img-wrapper{width:100% !important;height:499px !important;}.stk-07e8e40 .stk-img-wrapper img{transform:scale(1) !important;}<\/style><figure><span class=\"stk-img-wrapper stk-image--shape-stretch\"><img loading=\"lazy\" decoding=\"async\" class=\"stk-img wp-image-728\" src=\"https:\/\/iria.upc.edu\/wp-content\/uploads\/2026\/01\/Moscoso.jpg\" width=\"800\" height=\"450\" srcset=\"https:\/\/iria.upc.edu\/wp-content\/uploads\/2026\/01\/Moscoso.jpg 800w, https:\/\/iria.upc.edu\/wp-content\/uploads\/2026\/01\/Moscoso-300x169.jpg 300w, https:\/\/iria.upc.edu\/wp-content\/uploads\/2026\/01\/Moscoso-768x432.jpg 768w\" sizes=\"auto, (max-width: 800px) 100vw, 800px\" \/><\/span><\/figure><\/div>\n<\/div>\n\n\n\n<div class=\"wp-block-column is-vertically-aligned-center is-layout-flow wp-container-core-column-is-layout-119bc444 wp-block-column-is-layout-flow\">\n<h2 class=\"wp-block-heading\">Lectura de Tesis <em>Eduardo Fern\u00e1ndez-Moscoso<\/em><\/h2>\n\n\n\n<p>La sustituci\u00f3n como recurso de proyecto: hormig\u00f3n armado y madera en la \u00faltima etapa del Movimiento Moderno.<\/p>\n\n\n\n<p><strong>12 de Decembre de 2025, Sala de Graus, ETSAB <\/strong><\/p>\n\n\n\n<div class=\"wp-block-buttons is-layout-flex wp-block-buttons-is-layout-flex\">\n<div class=\"wp-block-button\"><a class=\"wp-block-button__link wp-element-button\" href=\"https:\/\/iria.upc.edu\/index.php\/investigacio\/\">Repositori de not\u00edcies<\/a><\/div>\n<\/div>\n<\/div>\n<\/div>\n\n\n\n<pre class=\"wp-block-verse\">La lectura de tesi d\u2019Eduardo Fern\u00e1ndez-Moscoso presenta una investigaci\u00f3 desenvolupada en l\u2019\u00e0mbit de l\u2019arquitectura i la ciutat, centrada en l\u2019an\u00e0lisi cr\u00edtica de les relacions entre espai constru\u00eft, context i processos contemporanis.<br><br>El treball aborda, des d\u2019una perspectiva te\u00f2rica i projectual, q\u00fcestions vinculades a la transformaci\u00f3 urbana, els models arquitect\u00f2nics i els reptes actuals de la disciplina, aportant noves eines conceptuals i metodol\u00f2giques per a la recerca en arquitectura.<br><br>La tesi contribueix al debat acad\u00e8mic contemporani mitjan\u00e7ant una aproximaci\u00f3 rigorosa i interdisciplin\u00e0ria, refor\u00e7ant el paper de la recerca com a motor d\u2019innovaci\u00f3 i coneixement en el camp de l\u2019arquitectura.<br><\/pre>\n<\/div>\n","protected":false},"excerpt":{"rendered":"<p>Lectura de Tesis Eduardo Fern\u00e1ndez-Moscoso La sustituci\u00f3n como recurso de proyecto: hormig\u00f3n armado y madera en la \u00faltima etapa del Movimiento Moderno. 12 de Decembre de 2025, Sala de Graus, ETSAB La lectura de tesi d\u2019Eduardo Fern\u00e1ndez-Moscoso presenta una investigaci\u00f3 desenvolupada en l\u2019\u00e0mbit de l\u2019arquitectura i la ciutat, centrada en l\u2019an\u00e0lisi cr\u00edtica de les relacions [&hellip;]<\/p>\n","protected":false},"author":1,"featured_media":0,"parent":0,"menu_order":0,"comment_status":"closed","ping_status":"closed","template":"","meta":{"footnotes":""},"class_list":["post-1533","page","type-page","status-publish","hentry"],"_links":{"self":[{"href":"https:\/\/iria.upc.edu\/index.php\/wp-json\/wp\/v2\/pages\/1533","targetHints":{"allow":["GET"]}}],"collection":[{"href":"https:\/\/iria.upc.edu\/index.php\/wp-json\/wp\/v2\/pages"}],"about":[{"href":"https:\/\/iria.upc.edu\/index.php\/wp-json\/wp\/v2\/types\/page"}],"author":[{"embeddable":true,"href":"https:\/\/iria.upc.edu\/index.php\/wp-json\/wp\/v2\/users\/1"}],"replies":[{"embeddable":true,"href":"https:\/\/iria.upc.edu\/index.php\/wp-json\/wp\/v2\/comments?post=1533"}],"version-history":[{"count":5,"href":"https:\/\/iria.upc.edu\/index.php\/wp-json\/wp\/v2\/pages\/1533\/revisions"}],"predecessor-version":[{"id":1553,"href":"https:\/\/iria.upc.edu\/index.php\/wp-json\/wp\/v2\/pages\/1533\/revisions\/1553"}],"wp:attachment":[{"href":"https:\/\/iria.upc.edu\/index.php\/wp-json\/wp\/v2\/media?parent=1533"}],"curies":[{"name":"wp","href":"https:\/\/api.w.org\/{rel}","templated":true}]}}