{"id":1534,"date":"2026-04-13T09:51:16","date_gmt":"2026-04-13T09:51:16","guid":{"rendered":"https:\/\/iria.upc.edu\/?page_id=1534"},"modified":"2026-04-20T15:21:58","modified_gmt":"2026-04-20T15:21:58","slug":"aa_congres-arquitectonics","status":"publish","type":"page","link":"https:\/\/iria.upc.edu\/index.php\/aa_congres-arquitectonics\/","title":{"rendered":"AA_Congr\u00e9s Arquitect\u00f2nics"},"content":{"rendered":"\n<div class=\"wp-block-group alignfull has-global-padding is-layout-constrained wp-block-group-is-layout-constrained\" style=\"margin-top:0;margin-bottom:0;padding-top:0;padding-bottom:0\">\n<div class=\"wp-block-columns alignwide is-layout-flex wp-container-core-columns-is-layout-47c06fe3 wp-block-columns-is-layout-flex\">\n<div class=\"wp-block-column is-layout-flow wp-block-column-is-layout-flow\" style=\"flex-basis:56%\">\n<div class=\"wp-block-stackable-image stk-block-image stk-block stk-b00829b\" data-block-id=\"b00829b\"><style>.stk-b00829b .stk-img-wrapper{width:100% !important;height:483px !important;}<\/style><figure><span class=\"stk-img-wrapper stk-image--shape-stretch\"><img loading=\"lazy\" decoding=\"async\" class=\"stk-img wp-image-707\" src=\"https:\/\/iria.upc.edu\/wp-content\/uploads\/2026\/01\/speaker3-3.jpg\" width=\"792\" height=\"591\" srcset=\"https:\/\/iria.upc.edu\/wp-content\/uploads\/2026\/01\/speaker3-3.jpg 792w, https:\/\/iria.upc.edu\/wp-content\/uploads\/2026\/01\/speaker3-3-300x224.jpg 300w, https:\/\/iria.upc.edu\/wp-content\/uploads\/2026\/01\/speaker3-3-768x573.jpg 768w\" sizes=\"auto, (max-width: 792px) 100vw, 792px\" \/><\/span><\/figure><\/div>\n<\/div>\n\n\n\n<div class=\"wp-block-column is-vertically-aligned-center is-layout-flow wp-container-core-column-is-layout-119bc444 wp-block-column-is-layout-flow\">\n<h2 class=\"wp-block-heading\">Congr\u00e9s Arquitect\u00f2nics<em> <\/em><\/h2>\n\n\n\n<p>Carlo Ratti, Emma Bchir, Michal Gath-Morad, Gonzalo Flecha, F. Arocha &amp; Deiene Gonz\u00e1lez, Carolina Arriagada, Constantin Viktor Spiridonidis, Mauricio Cort\u00e9s<\/p>\n\n\n\n<p><strong>3-4-5 de Juny de 2026, Barcelona <br><\/strong><\/p>\n\n\n\n<div class=\"wp-block-buttons is-layout-flex wp-block-buttons-is-layout-flex\">\n<div class=\"wp-block-button\"><a class=\"wp-block-button__link wp-element-button\" href=\"https:\/\/iria.upc.edu\/index.php\/investigacio\/\">Repositori de not\u00edcies<\/a><\/div>\n<\/div>\n<\/div>\n<\/div>\n\n\n\n<pre class=\"wp-block-verse\">El congr\u00e9s internacional Arquitectura i Educaci\u00f3 (Arquitectonics 2026) se celebrar\u00e0 a Barcelona del 3 al 5 de juny de 2026, reunint investigadors, acad\u00e8mics i professionals per analitzar les relacions entre arquitectura, educaci\u00f3 i transformaci\u00f3 social en el context contemporani.<br><br>Organitzat pel grup <em>Arquitectonics<\/em> i la <em>Mind-Land Society<\/em>, el congr\u00e9s proposa un marc de debat interdisciplinari que aborda q\u00fcestions com la sostenibilitat, el patrimoni, la innovaci\u00f3 pedag\u00f2gica, les din\u00e0miques urbanes i el paper de les tecnologies emergents en l\u2019entorn constru\u00eft.<br><br>El programa inclou la participaci\u00f3 de ponents internacionals de refer\u00e8ncia, amb aportacions que connecten la recerca te\u00f2rica amb la pr\u00e0ctica arquitect\u00f2nica. En aquest sentit, el congr\u00e9s es configura com una plataforma per a l\u2019intercanvi de coneixement i la generaci\u00f3 de noves perspectives sobre el paper de l\u2019arquitectura en la construcci\u00f3 de societats m\u00e9s sostenibles, inclusives i resilients.<br><br>Impulsat per institucions com la Universitat Polit\u00e8cnica de Catalunya i l\u2019Institut de Recerca Interdisciplinari en Arquitectura, l\u2019esdeveniment refor\u00e7a el comprom\u00eds amb la recerca avan\u00e7ada i el debat cr\u00edtic en l\u2019\u00e0mbit de l\u2019arquitectura i la ciutat.<br><br><strong><a href=\"https:\/\/arquitectonics.com\/\" data-type=\"link\" data-id=\"https:\/\/arquitectonics.com\/\" target=\"_blank\" rel=\"noreferrer noopener\">Saber-ne m\u00e9s<\/a><\/strong><\/pre>\n\n\n\n<figure class=\"wp-block-image size-large\"><img loading=\"lazy\" decoding=\"async\" width=\"664\" height=\"1024\" src=\"https:\/\/iria.upc.edu\/wp-content\/uploads\/2026\/04\/POSTER_06_CAT-2-664x1024.jpg\" alt=\"\" class=\"wp-image-1541\" srcset=\"https:\/\/iria.upc.edu\/wp-content\/uploads\/2026\/04\/POSTER_06_CAT-2-664x1024.jpg 664w, https:\/\/iria.upc.edu\/wp-content\/uploads\/2026\/04\/POSTER_06_CAT-2-195x300.jpg 195w, https:\/\/iria.upc.edu\/wp-content\/uploads\/2026\/04\/POSTER_06_CAT-2-768x1185.jpg 768w, https:\/\/iria.upc.edu\/wp-content\/uploads\/2026\/04\/POSTER_06_CAT-2-scaled.jpg 1660w\" sizes=\"auto, (max-width: 664px) 100vw, 664px\" \/><\/figure>\n<\/div>\n","protected":false},"excerpt":{"rendered":"<p>Congr\u00e9s Arquitect\u00f2nics Carlo Ratti, Emma Bchir, Michal Gath-Morad, Gonzalo Flecha, F. Arocha &amp; Deiene Gonz\u00e1lez, Carolina Arriagada, Constantin Viktor Spiridonidis, Mauricio Cort\u00e9s 3-4-5 de Juny de 2026, Barcelona El congr\u00e9s internacional Arquitectura i Educaci\u00f3 (Arquitectonics 2026) se celebrar\u00e0 a Barcelona del 3 al 5 de juny de 2026, reunint investigadors, acad\u00e8mics i professionals per analitzar [&hellip;]<\/p>\n","protected":false},"author":1,"featured_media":0,"parent":0,"menu_order":0,"comment_status":"closed","ping_status":"closed","template":"","meta":{"footnotes":""},"class_list":["post-1534","page","type-page","status-publish","hentry"],"_links":{"self":[{"href":"https:\/\/iria.upc.edu\/index.php\/wp-json\/wp\/v2\/pages\/1534","targetHints":{"allow":["GET"]}}],"collection":[{"href":"https:\/\/iria.upc.edu\/index.php\/wp-json\/wp\/v2\/pages"}],"about":[{"href":"https:\/\/iria.upc.edu\/index.php\/wp-json\/wp\/v2\/types\/page"}],"author":[{"embeddable":true,"href":"https:\/\/iria.upc.edu\/index.php\/wp-json\/wp\/v2\/users\/1"}],"replies":[{"embeddable":true,"href":"https:\/\/iria.upc.edu\/index.php\/wp-json\/wp\/v2\/comments?post=1534"}],"version-history":[{"count":9,"href":"https:\/\/iria.upc.edu\/index.php\/wp-json\/wp\/v2\/pages\/1534\/revisions"}],"predecessor-version":[{"id":1652,"href":"https:\/\/iria.upc.edu\/index.php\/wp-json\/wp\/v2\/pages\/1534\/revisions\/1652"}],"wp:attachment":[{"href":"https:\/\/iria.upc.edu\/index.php\/wp-json\/wp\/v2\/media?parent=1534"}],"curies":[{"name":"wp","href":"https:\/\/api.w.org\/{rel}","templated":true}]}}