{"id":1670,"date":"2026-04-30T09:51:16","date_gmt":"2026-04-30T09:51:16","guid":{"rendered":"https:\/\/iria.upc.edu\/?page_id=1670"},"modified":"2026-04-30T10:02:39","modified_gmt":"2026-04-30T10:02:39","slug":"extensio-2","status":"publish","type":"page","link":"https:\/\/iria.upc.edu\/index.php\/extensio-2\/","title":{"rendered":"F\u00d2RUM"},"content":{"rendered":"\n<p class=\"is-style-text-display is-style-text-display--1\" style=\"font-size:clamp(52.9px, 3.306rem + ((1vw - 3.2px) * 5.304), 107px);\"><strong>F\u00f2rum<\/strong><\/p>\n\n\n\n<div class=\"wp-block-group alignfull is-style-section-1 has-global-padding is-layout-constrained wp-container-core-group-is-layout-258a0254 wp-block-group-is-layout-constrained is-style-section-1--2\" style=\"margin-top:var(--wp--preset--spacing--40);margin-bottom:var(--wp--preset--spacing--40);padding-top:0;padding-bottom:0\">\n<div class=\"wp-block-columns alignfull is-style-default is-layout-flex wp-container-core-columns-is-layout-83d8d5f7 wp-block-columns-is-layout-flex\" style=\"border-style:none;border-width:0px;padding-top:0;padding-right:0;padding-bottom:0;padding-left:0\">\n<div class=\"wp-block-column is-layout-flow wp-block-column-is-layout-flow\" style=\"flex-basis:55%\">\n<div class=\"wp-block-cover is-light\" style=\"min-height:511px;aspect-ratio:unset;\"><img loading=\"lazy\" decoding=\"async\" width=\"2560\" height=\"2522\" class=\"wp-block-cover__image-background wp-image-473 size-full\" alt=\"\" src=\"https:\/\/iria.upc.edu\/wp-content\/uploads\/2025\/12\/prueba21-scaled.jpg\" style=\"object-position:52% 57%\" data-object-fit=\"cover\" data-object-position=\"52% 57%\" srcset=\"https:\/\/iria.upc.edu\/wp-content\/uploads\/2025\/12\/prueba21-scaled.jpg 2560w, https:\/\/iria.upc.edu\/wp-content\/uploads\/2025\/12\/prueba21-300x296.jpg 300w\" sizes=\"auto, (max-width: 2560px) 100vw, 2560px\" \/><span aria-hidden=\"true\" class=\"wp-block-cover__background has-background-dim-0 has-background-dim\" style=\"background-color:#8b8581\"><\/span><div class=\"wp-block-cover__inner-container is-layout-flow wp-block-cover-is-layout-flow\">\n<p><\/p>\n<\/div><\/div>\n<\/div>\n\n\n\n<div class=\"wp-block-column is-vertically-aligned-center is-layout-flow wp-container-core-column-is-layout-54dec65b wp-block-column-is-layout-flow\" style=\"padding-top:var(--wp--preset--spacing--20);padding-right:var(--wp--preset--spacing--60);padding-bottom:var(--wp--preset--spacing--20);padding-left:var(--wp--preset--spacing--60)\">\n<pre class=\"wp-block-verse\" style=\"font-size:clamp(0.875rem, 0.875rem + ((1vw - 0.2rem) * 0.667), 1.3rem);\"><br><strong>MODES D\u2019OPERAR en la recerca i transfer\u00e8ncia arquitect\u00f2niques<\/strong><br><br>26-30 octubre 2026<br><br><br><br>El F\u00f2rum IRIA 2026 es configura com una plataforma p\u00fablica per comunicar, articular i projectar la recerca en arquitectura cap a la societat. L'objectiu \u00e9s fer llegibles els modes d'operar (els processos i decisions) en recerca i transfer\u00e8ncia arquitect\u00f2nica m\u00e9s que els resultats finals, refor\u00e7ant l'arquitectura com una pr\u00e0ctica cultural d'inter\u00e8s general.<br><br><strong>\u2060<\/strong><\/pre>\n<\/div>\n<\/div>\n<\/div>\n\n\n\n<p><br>El F\u00f2rum ent\u00e9n la investigaci\u00f3 arquitect\u00f2nica com una pr\u00e0ctica en curs, en qu\u00e8 interpretar, projectar, experimentar i situar constitueixen accions interrelacionades en un proc\u00e9s de creaci\u00f3 de coneixement que mai est\u00e0 completament tancat. Des d&#8217;aquesta premissa, el lema &#8220;Modes d\u2019operar&#8221; es tradueix en un programa que prioritza l&#8217;exposici\u00f3 de m\u00e8todes, eines, decisions, proves i contrastos davant dels resultats a trav\u00e9s d&#8217;una jornada intensiva de transfer\u00e8ncia i discussi\u00f3 col\u00b7lectiva (27\/10\/26) i una exposici\u00f3 activa oberta durant una setmana (26-30\/10\/26). A difer\u00e8ncia del format habitual de congressos o jornades acad\u00e8miques, el F\u00f2rum es planteja com un espai de treball, que visibilitza i exposa la investigaci\u00f3 arquitect\u00f2nica des dels seus propis processos de producci\u00f3.<br>El F\u00f2rum s&#8217;organitza a partir d&#8217;una taxonomia de modes d&#8217;operar, entesos no com a metodologies tancades, sin\u00f3 com a formes transversals d&#8217;elaboraci\u00f3 intel\u00b7lectual:<\/p>\n\n\n\n<p><br>\t<strong>Interpretar<\/strong> \u2014reformular cr\u00edticament el sentit d&#8217;all\u00f2 existent;<br>\t<strong>Projectar <\/strong>\u2014investigar mitjan\u00e7ant el projecte com a eina cr\u00edtica i generativa;<br>\t<strong>Experimentar<\/strong> \u2014explorar hip\u00f2tesis mitjan\u00e7ant l&#8217;assaig i la prova controlada;<br>\t<strong>Situar<\/strong> \u2014contrastar el coneixement en contextos reals.<br>Aquestes accions no defineixen \u00e0rees tem\u00e0tiques, escales ni formats, sin\u00f3 que travessen temes i objectes i permeten articular un programa capa\u00e7 d&#8217;acollir investigacions diverses afavorint la interacci\u00f3 horitzontal entre enfocaments i contextos.<\/p>\n","protected":false},"excerpt":{"rendered":"<p>F\u00f2rum MODES D\u2019OPERAR en la recerca i transfer\u00e8ncia arquitect\u00f2niques26-30 octubre 2026El F\u00f2rum IRIA 2026 es configura com una plataforma p\u00fablica per comunicar, articular i projectar la recerca en arquitectura cap a la societat. L&#8217;objectiu \u00e9s fer llegibles els modes d&#8217;operar (els processos i decisions) en recerca i transfer\u00e8ncia arquitect\u00f2nica m\u00e9s que els resultats finals, refor\u00e7ant [&hellip;]<\/p>\n","protected":false},"author":1,"featured_media":0,"parent":0,"menu_order":0,"comment_status":"closed","ping_status":"closed","template":"","meta":{"footnotes":""},"class_list":["post-1670","page","type-page","status-publish","hentry"],"_links":{"self":[{"href":"https:\/\/iria.upc.edu\/index.php\/wp-json\/wp\/v2\/pages\/1670","targetHints":{"allow":["GET"]}}],"collection":[{"href":"https:\/\/iria.upc.edu\/index.php\/wp-json\/wp\/v2\/pages"}],"about":[{"href":"https:\/\/iria.upc.edu\/index.php\/wp-json\/wp\/v2\/types\/page"}],"author":[{"embeddable":true,"href":"https:\/\/iria.upc.edu\/index.php\/wp-json\/wp\/v2\/users\/1"}],"replies":[{"embeddable":true,"href":"https:\/\/iria.upc.edu\/index.php\/wp-json\/wp\/v2\/comments?post=1670"}],"version-history":[{"count":5,"href":"https:\/\/iria.upc.edu\/index.php\/wp-json\/wp\/v2\/pages\/1670\/revisions"}],"predecessor-version":[{"id":1676,"href":"https:\/\/iria.upc.edu\/index.php\/wp-json\/wp\/v2\/pages\/1670\/revisions\/1676"}],"wp:attachment":[{"href":"https:\/\/iria.upc.edu\/index.php\/wp-json\/wp\/v2\/media?parent=1670"}],"curies":[{"name":"wp","href":"https:\/\/api.w.org\/{rel}","templated":true}]}}