{"id":983,"date":"2026-02-26T17:33:07","date_gmt":"2026-02-26T17:33:07","guid":{"rendered":"https:\/\/iria.upc.edu\/?page_id=983"},"modified":"2026-03-16T12:04:54","modified_gmt":"2026-03-16T12:04:54","slug":"joan-casals-panella","status":"publish","type":"page","link":"https:\/\/iria.upc.edu\/index.php\/joan-casals-panella\/","title":{"rendered":"Joan Casals Panella"},"content":{"rendered":"\n<div class=\"wp-block-group alignfull is-style-default is-content-justification-right is-nowrap is-layout-flex wp-container-core-group-is-layout-90217607 wp-block-group-is-layout-flex\" style=\"min-height:0vh;margin-top:0px;margin-bottom:45px;padding-top:0;padding-right:var(--wp--preset--spacing--40);padding-bottom:var(--wp--preset--spacing--40);padding-left:var(--wp--preset--spacing--40)\">\n<div class=\"wp-block-group has-global-padding is-layout-constrained wp-container-core-group-is-layout-346627ba wp-block-group-is-layout-constrained\">\n<h1 class=\"wp-block-heading has-text-align-left is-style-text-display is-style-text-display--1\" style=\"font-size:clamp(2.111rem, 2.111rem + ((1vw - 0.2rem) * 2.649), 3.8rem);\"><span style=\"color: #000000;\" class=\"stk-highlight\"><strong><em>Joan Casals Pa\u00f1ella<\/em><\/strong><\/span><\/h1>\n<\/div>\n<\/div>\n\n\n\n<div class=\"wp-block-group alignfull is-style-section-1 has-global-padding is-layout-constrained wp-block-group-is-layout-constrained is-style-section-1--2\" style=\"margin-top:0;margin-bottom:0;padding-top:var(--wp--preset--spacing--40);padding-bottom:var(--wp--preset--spacing--40)\">\n<div class=\"wp-block-columns alignwide is-style-section-1 is-layout-flex wp-container-core-columns-is-layout-5715ff21 wp-block-columns-is-layout-flex is-style-section-1--3\" style=\"margin-top:0;padding-top:0;padding-bottom:0\">\n<div class=\"wp-block-column is-layout-flow wp-block-column-is-layout-flow\" style=\"padding-right:var(--wp--preset--spacing--50);flex-basis:45%\">\n<figure class=\"wp-block-image size-full\"><img loading=\"lazy\" decoding=\"async\" width=\"1706\" height=\"2560\" src=\"https:\/\/iria.upc.edu\/wp-content\/uploads\/2026\/02\/Joan-Casals-Joan-Casals-Panella-edited-1-scaled.jpg\" alt=\"\" class=\"wp-image-1026\" style=\"aspect-ratio:3\/4;object-fit:cover\" srcset=\"https:\/\/iria.upc.edu\/wp-content\/uploads\/2026\/02\/Joan-Casals-Joan-Casals-Panella-edited-1-scaled.jpg 1706w, https:\/\/iria.upc.edu\/wp-content\/uploads\/2026\/02\/Joan-Casals-Joan-Casals-Panella-edited-1-200x300.jpg 200w, https:\/\/iria.upc.edu\/wp-content\/uploads\/2026\/02\/Joan-Casals-Joan-Casals-Panella-edited-1-682x1024.jpg 682w, https:\/\/iria.upc.edu\/wp-content\/uploads\/2026\/02\/Joan-Casals-Joan-Casals-Panella-edited-1-768x1152.jpg 768w, https:\/\/iria.upc.edu\/wp-content\/uploads\/2026\/02\/Joan-Casals-Joan-Casals-Panella-edited-1-1024x1536.jpg 1024w, https:\/\/iria.upc.edu\/wp-content\/uploads\/2026\/02\/Joan-Casals-Joan-Casals-Panella-edited-1-1365x2048.jpg 1365w\" sizes=\"auto, (max-width: 1706px) 100vw, 1706px\" \/><\/figure>\n<\/div>\n\n\n\n<div class=\"wp-block-column is-vertically-aligned-center is-layout-flow wp-block-column-is-layout-flow\" style=\"padding-right:0;padding-left:0;flex-basis:50%\">\n<div class=\"wp-block-group is-vertical is-layout-flex wp-container-core-group-is-layout-fe9cc265 wp-block-group-is-layout-flex\">\n<h2 class=\"wp-block-heading is-style-text-annotation is-style-text-annotation--4\" style=\"font-size:clamp(0.875rem, 0.875rem + ((1vw - 0.2rem) * 0.667), 1.3rem);\">LECTOR<\/h2>\n<\/div>\n\n\n\n<pre class=\"wp-block-verse is-style-text-subtitle\" style=\"font-size:clamp(0.875rem, 0.875rem + ((1vw - 0.2rem) * 0.667), 1.3rem);\">Ha obtingut la beca pre-doctoral FI-AGAUR (2011) i la beca post-doctoral Margarita Salas (2022). Ha participat en projectes competitius establint relacions amb institucions de recerca d\u2019\u00e0mbit nacional. La seva activitat docent i de recerca s\u2019amplia en l\u2019\u00e0mbit professional on ha obtingut nombrosos reconeixements de prestigi nacional i internacional.<\/pre>\n\n\n\n<div class=\"wp-block-group is-vertical is-layout-flex wp-container-core-group-is-layout-355c4241 wp-block-group-is-layout-flex\">\n<h2 class=\"wp-block-heading is-style-text-annotation is-style-text-annotation--5\" style=\"font-size:clamp(0.875rem, 0.875rem + ((1vw - 0.2rem) * 0.667), 1.3rem);\">ACTIVITAT INVESTIGADORA<\/h2>\n\n\n\n<pre class=\"wp-block-verse\" style=\"font-size:clamp(0.875rem, 0.875rem + ((1vw - 0.2rem) * 0.667), 1.3rem);\">Projecte R+D+I competitiu: Regenerar l\u2019aigua des de la comunitat, BCN Refugi Actiu. Microinfraestructura urbana per a la mitigaci\u00f3 dels efectes de l\u2019emerg\u00e8ncia clim\u00e0tica a la ciutat i Rehabilitaci\u00f3 i Restauraci\u00f3 Arquitect\u00f2nica REARQ.<\/pre>\n<\/div>\n<\/div>\n<\/div>\n<\/div>\n\n\n\n<div class=\"wp-block-group alignfull has-global-padding is-layout-constrained wp-container-core-group-is-layout-ebee8dc1 wp-block-group-is-layout-constrained\" style=\"margin-top:0;margin-bottom:0;padding-top:var(--wp--preset--spacing--50);padding-bottom:var(--wp--preset--spacing--50)\">\n<h2 class=\"wp-block-heading alignwide\">L\u00ednies estrat\u00e8giques <\/h2>\n\n\n\n<div class=\"wp-block-columns alignwide is-layout-flex wp-container-core-columns-is-layout-28f84493 wp-block-columns-is-layout-flex\">\n<div class=\"wp-block-column is-layout-flow wp-container-core-column-is-layout-be95e8ed wp-block-column-is-layout-flow\" style=\"padding-top:0\">\n<figure class=\"wp-block-image size-full\"><a href=\"https:\/\/iria.upc.edu\/index.php\/le_patrimoni-arquitectonic-i-urba\/\"><img loading=\"lazy\" decoding=\"async\" width=\"2560\" height=\"2560\" src=\"https:\/\/iria.upc.edu\/wp-content\/uploads\/2025\/12\/prueba8-1-scaled.jpg\" alt=\"\" class=\"wp-image-422\" srcset=\"https:\/\/iria.upc.edu\/wp-content\/uploads\/2025\/12\/prueba8-1-scaled.jpg 2560w, https:\/\/iria.upc.edu\/wp-content\/uploads\/2025\/12\/prueba8-1-300x300.jpg 300w, https:\/\/iria.upc.edu\/wp-content\/uploads\/2025\/12\/prueba8-1-1024x1024.jpg 1024w, https:\/\/iria.upc.edu\/wp-content\/uploads\/2025\/12\/prueba8-1-150x150.jpg 150w, https:\/\/iria.upc.edu\/wp-content\/uploads\/2025\/12\/prueba8-1-768x768.jpg 768w, https:\/\/iria.upc.edu\/wp-content\/uploads\/2025\/12\/prueba8-1-1536x1536.jpg 1536w, https:\/\/iria.upc.edu\/wp-content\/uploads\/2025\/12\/prueba8-1-2048x2048.jpg 2048w\" sizes=\"auto, (max-width: 2560px) 100vw, 2560px\" \/><\/a><\/figure>\n\n\n\n<div class=\"wp-block-group is-vertical is-layout-flex wp-container-core-group-is-layout-971a3e1f wp-block-group-is-layout-flex\" style=\"padding-top:var(--wp--preset--spacing--30)\">\n<h3 class=\"wp-block-heading\" style=\"padding-top:var(--wp--preset--spacing--20)\"><a href=\"https:\/\/iria.upc.edu\/index.php\/le_patrimoni-arquitectonic-i-urba\/\" data-type=\"link\" data-id=\"https:\/\/iria.upc.edu\/index.php\/le_patrimoni-arquitectonic-i-urba\/\">Patrimoni arquitect\u00f2nic i urb\u00e0<\/a><\/h3>\n\n\n\n<p class=\"has-accent-4-color has-text-color has-link-color has-small-font-size wp-elements-c4d712dddf7c3c4ff003de580876d7bb\">Recerca en conservaci\u00f3, restauraci\u00f3 i valoritzaci\u00f3 del patrimoni arquitect\u00f2nic i urb\u00e0 com a element cultural, social i territorial.<\/p>\n<\/div>\n\n\n<\/div>\n\n\n\n<div class=\"wp-block-column is-layout-flow wp-container-core-column-is-layout-be95e8ed wp-block-column-is-layout-flow\" style=\"padding-top:0\">\n<figure class=\"wp-block-image size-full\"><a href=\"https:\/\/iria.upc.edu\/index.php\/le_innovacio-en-materials\/\"><img loading=\"lazy\" decoding=\"async\" width=\"1525\" height=\"1525\" src=\"https:\/\/iria.upc.edu\/wp-content\/uploads\/2025\/12\/innovacions-materials-1.jpg\" alt=\"\" class=\"wp-image-615\" srcset=\"https:\/\/iria.upc.edu\/wp-content\/uploads\/2025\/12\/innovacions-materials-1.jpg 1525w, https:\/\/iria.upc.edu\/wp-content\/uploads\/2025\/12\/innovacions-materials-1-300x300.jpg 300w, https:\/\/iria.upc.edu\/wp-content\/uploads\/2025\/12\/innovacions-materials-1-1024x1024.jpg 1024w, https:\/\/iria.upc.edu\/wp-content\/uploads\/2025\/12\/innovacions-materials-1-150x150.jpg 150w, https:\/\/iria.upc.edu\/wp-content\/uploads\/2025\/12\/innovacions-materials-1-768x768.jpg 768w\" sizes=\"auto, (max-width: 1525px) 100vw, 1525px\" \/><\/a><\/figure>\n\n\n\n<div class=\"wp-block-group is-vertical is-layout-flex wp-container-core-group-is-layout-971a3e1f wp-block-group-is-layout-flex\" style=\"padding-top:var(--wp--preset--spacing--30)\">\n<h3 class=\"wp-block-heading\" style=\"padding-top:var(--wp--preset--spacing--20)\"><a href=\"https:\/\/iria.upc.edu\/index.php\/le_innovacio-en-materials\/\">Innovaci\u00f3 en materials<\/a><\/h3>\n\n\n\n<p class=\"has-accent-4-color has-text-color has-link-color has-small-font-size wp-elements-90f5d5b44c3ab60404cb51afdbe0a3db\">Recerca i desenvolupament de nous materials i aplicacions innovadores en el proc\u00e9s constructiu, tant en recerca b\u00e0sica com aplicada.<\/p>\n<\/div>\n\n\n<\/div>\n\n\n\n<div class=\"wp-block-column is-layout-flow wp-container-core-column-is-layout-be95e8ed wp-block-column-is-layout-flow\" style=\"padding-top:0\">\n<figure class=\"wp-block-image size-full\"><a href=\"https:\/\/iria.upc.edu\/index.php\/le_execucio-i-obra\/\"><img loading=\"lazy\" decoding=\"async\" width=\"2560\" height=\"2560\" src=\"https:\/\/iria.upc.edu\/wp-content\/uploads\/2025\/12\/prueba9-scaled.jpg\" alt=\"\" class=\"wp-image-423\" srcset=\"https:\/\/iria.upc.edu\/wp-content\/uploads\/2025\/12\/prueba9-scaled.jpg 2560w, https:\/\/iria.upc.edu\/wp-content\/uploads\/2025\/12\/prueba9-300x300.jpg 300w, https:\/\/iria.upc.edu\/wp-content\/uploads\/2025\/12\/prueba9-1024x1024.jpg 1024w, https:\/\/iria.upc.edu\/wp-content\/uploads\/2025\/12\/prueba9-150x150.jpg 150w, https:\/\/iria.upc.edu\/wp-content\/uploads\/2025\/12\/prueba9-768x768.jpg 768w, https:\/\/iria.upc.edu\/wp-content\/uploads\/2025\/12\/prueba9-1536x1536.jpg 1536w, https:\/\/iria.upc.edu\/wp-content\/uploads\/2025\/12\/prueba9-2048x2048.jpg 2048w\" sizes=\"auto, (max-width: 2560px) 100vw, 2560px\" \/><\/a><\/figure>\n\n\n\n<div class=\"wp-block-group is-vertical is-layout-flex wp-container-core-group-is-layout-971a3e1f wp-block-group-is-layout-flex\" style=\"padding-top:var(--wp--preset--spacing--30)\">\n<h3 class=\"wp-block-heading\" style=\"padding-top:var(--wp--preset--spacing--20)\"><a href=\"https:\/\/iria.upc.edu\/index.php\/le_execucio-i-obra\/\">Execuci\u00f3 i obra<\/a><\/h3>\n\n\n\n<p class=\"has-accent-4-color has-text-color has-link-color has-small-font-size wp-elements-08ecea78a009ac63d8f55b59f92f99c2\">Investigaci\u00f3 sobre els processos d\u2019execuci\u00f3 d\u2019obra, el control de qualitat, la seguretat i l\u2019efici\u00e8ncia dels processos constructius.<\/p>\n<\/div>\n\n\n<\/div>\n<\/div>\n<\/div>\n\n\n\n<div class=\"wp-block-group alignfull is-style-default has-base-background-color has-background is-layout-flow wp-container-core-group-is-layout-2fa6ea01 wp-block-group-is-layout-flow\" style=\"padding-right:var(--wp--preset--spacing--60);padding-left:var(--wp--preset--spacing--20)\">\n<div class=\"wp-block-columns alignwide is-layout-flex wp-container-core-columns-is-layout-28f84493 wp-block-columns-is-layout-flex\">\n<div class=\"wp-block-column is-vertically-aligned-center is-layout-flow wp-block-column-is-layout-flow\" style=\"flex-basis:50%\">\n<div class=\"wp-block-stackable-text stk-block-text stk-block stk-dd13c8e\" data-block-id=\"dd13c8e\"><style>.stk-dd13c8e {border-style:solid !important;border-top-width:0px !important;border-right-width:0px !important;border-bottom-width:0px !important;border-left-width:0px !important;margin-left:80px !important;}.stk-dd13c8e .stk-block-text__text{font-size:var(--stk--preset--font-size--x-large, 1.75rem) !important;}@media screen and (max-width: 1023px){.stk-dd13c8e .stk-block-text__text{font-size:var(--stk--preset--font-size--x-large, 1.75rem) !important;}}<\/style><p class=\"stk-block-text__text\"><strong>Aportacions<\/strong><\/p><\/div>\n<\/div>\n<\/div>\n\n\n\n<div class=\"wp-block-columns alignwide is-layout-flex wp-container-core-columns-is-layout-e79a657b wp-block-columns-is-layout-flex\" style=\"padding-top:0\">\n<div class=\"wp-block-column is-layout-flow wp-block-column-is-layout-flow\"><\/div>\n\n\n\n<div class=\"wp-block-column is-layout-flow wp-block-column-is-layout-flow\">\n<p class=\"has-text-color has-extra-small-font-size\" style=\"color:#000000\">Casals Pa\u00f1ella, J. [et al.]. Rehabilitaci\u00f3n frente a demolici\u00f3n: el caso de DeFlat Kleiburg en \u00c1msterdam. \u00abLoggia (Valencia)\u00bb, 12 Desembre 2025, n\u00fam. 38, p. 1-18. <\/p>\n\n\n\n<p class=\"has-text-color has-extra-small-font-size\" style=\"color:#000000\">Casals Pa\u00f1ella, J. El huerto urbano como espacio social re-productivo: Bellas Vistas, Tetu\u00e1n, Madrid. A: Congreso Internacional Cultura y Ciudad. \u00abComida y arquitectura: casa, calle, territorio\u00bb. Granada: Universidad de Granada, 2025, p. 445-452. ISBN 978-84-338-7567-9. <\/p>\n\n\n\n<p class=\"has-text-color has-extra-small-font-size\" style=\"color:#000000\"><\/p>\n<\/div>\n\n\n\n<div class=\"wp-block-column is-layout-flow wp-block-column-is-layout-flow\">\n<p>Bard\u00ed Mil\u00e0, B.; Garc\u00eda-Escudero, D. (eds.) XI Jornadas sobre Innovaci\u00f3n Docente en Arquitectura (JIDA&#8217;23), Escuela T\u00e9cnica Superior de Arquitectura de Granada, 16 y 17 de Noviembre de 2023: libro de actas. Barcelona: IDP, 2023. ISBN: 978-84-10008-10-62 (IDP-UPC)<\/p>\n\n\n\n<p class=\"has-text-color has-extra-small-font-size\" style=\"color:#000000\">Alberola, M\u00f3nica [et al.]. Forma urbana primaria. A: &#8220;Palimpsesto&#8221;, 2023, n\u00fam. 26, p. 14-17.<\/p>\n\n\n\n<p class=\"has-text-color has-extra-small-font-size\" style=\"color:#000000\">Casals Pa\u00f1ella, Joan. De c\u00f3mo distintos mecanismos de proyecto son capaces de construir el paisaje. A: &#8220;Palimpsesto&#8221;, Primavera 2020, n\u00fam. 21, p. 12-13.<\/p>\n<\/div>\n<\/div>\n<\/div>\n\n\n\n<div class=\"wp-block-group alignfull has-global-padding is-layout-constrained wp-container-core-group-is-layout-1f4ed339 wp-block-group-is-layout-constrained\" style=\"margin-top:0;margin-bottom:0;padding-top:var(--wp--preset--spacing--50);padding-bottom:var(--wp--preset--spacing--50)\">\n<h2 class=\"wp-block-heading alignwide has-text-align-center has-x-large-font-size\">Grups de recerca<\/h2>\n\n\n\n<div class=\"wp-block-buttons alignwide has-custom-font-size has-medium-font-size is-content-justification-center is-layout-flex wp-container-core-buttons-is-layout-c124d1c4 wp-block-buttons-is-layout-flex\">\n<div class=\"wp-block-button\"><a class=\"wp-block-button__link wp-element-button\" href=\"https:\/\/rearq.upc.edu\/equip\" target=\"_blank\" rel=\"noreferrer noopener\">REARQ &#8211; Rehabilitaci\u00f3 i Restauraci\u00f3 Arquitect\u00f2nica<\/a><\/div>\n<\/div>\n\n\n\n<p class=\"has-text-align-center\" style=\"font-size:clamp(0.929rem, 0.929rem + ((1vw - 0.2rem) * 0.739), 1.4rem);\"><a href=\"https:\/\/futur.upc.edu\/JoanCasalsPanella\"><strong>Enlla\u00e7 a futur \u2197<\/strong><\/a><\/p>\n<\/div>\n","protected":false},"excerpt":{"rendered":"<p>Joan Casals Pa\u00f1ella LECTOR Ha obtingut la beca pre-doctoral FI-AGAUR (2011) i la beca post-doctoral Margarita Salas (2022). Ha participat en projectes competitius establint relacions amb institucions de recerca d\u2019\u00e0mbit nacional. La seva activitat docent i de recerca s\u2019amplia en l\u2019\u00e0mbit professional on ha obtingut nombrosos reconeixements de prestigi nacional i internacional. ACTIVITAT INVESTIGADORA Projecte [&hellip;]<\/p>\n","protected":false},"author":1,"featured_media":0,"parent":0,"menu_order":0,"comment_status":"closed","ping_status":"closed","template":"","meta":{"footnotes":""},"class_list":["post-983","page","type-page","status-publish","hentry"],"_links":{"self":[{"href":"https:\/\/iria.upc.edu\/index.php\/wp-json\/wp\/v2\/pages\/983","targetHints":{"allow":["GET"]}}],"collection":[{"href":"https:\/\/iria.upc.edu\/index.php\/wp-json\/wp\/v2\/pages"}],"about":[{"href":"https:\/\/iria.upc.edu\/index.php\/wp-json\/wp\/v2\/types\/page"}],"author":[{"embeddable":true,"href":"https:\/\/iria.upc.edu\/index.php\/wp-json\/wp\/v2\/users\/1"}],"replies":[{"embeddable":true,"href":"https:\/\/iria.upc.edu\/index.php\/wp-json\/wp\/v2\/comments?post=983"}],"version-history":[{"count":50,"href":"https:\/\/iria.upc.edu\/index.php\/wp-json\/wp\/v2\/pages\/983\/revisions"}],"predecessor-version":[{"id":1407,"href":"https:\/\/iria.upc.edu\/index.php\/wp-json\/wp\/v2\/pages\/983\/revisions\/1407"}],"wp:attachment":[{"href":"https:\/\/iria.upc.edu\/index.php\/wp-json\/wp\/v2\/media?parent=983"}],"curies":[{"name":"wp","href":"https:\/\/api.w.org\/{rel}","templated":true}]}}